{"id":7190,"date":"2024-12-31T20:13:56","date_gmt":"2024-12-31T20:13:56","guid":{"rendered":"https:\/\/storetest.ivi.ee\/product\/pink-calligraphic-food-pen-calligra-fractal-colors\/"},"modified":"2025-01-02T20:08:43","modified_gmt":"2025-01-02T20:08:43","slug":"vaaleanpunainen-kalligrafinen-ruokakyna-calligra-fraktaalivarit","status":"publish","type":"product","link":"https:\/\/candeebaar.ee\/fi\/kauppa\/vaaleanpunainen-kalligrafinen-ruokakyna-calligra-fraktaalivarit\/","title":{"rendered":"Vaaleanpunainen kalligrafinen ruokakyn\u00e4 Calligra Fractal Colors"},"content":{"rendered":"<p>Merkkikyn\u00e4 ruokamusteilla kirjoittamiseen.<br \/>\n Siin\u00e4 on pehme\u00e4 k\u00e4rki, joka mahdollistaa kalligrafisen vaikutelman k\u00e4ytetyst\u00e4 paineesta riippuen.<br \/>\n Musteen koostumus: vesi, E122, E211, E330, aromiaine.<br \/>\n Saattaa vaikuttaa haitallisesti lasten aktiivisuuteen ja tarkkaavaisuuteen.<br \/>\n S\u00e4ilyt\u00e4 pime\u00e4ss\u00e4, viile\u00e4ss\u00e4 paikassa tiiviisti suljetussa pakkauksessa.<br \/>\n Valmistaja: Fractal Colors, Unkari<\/p>","protected":false},"excerpt":{"rendered":"<p>Marker pen for writing with food inks. It has a soft tip that allows for a calligraphic effect depending on the pressure applied. Ink composition: water, E122, E211, E330, flavoring agent. May adversely affect the activity and attention of children. Store in a dark cool place in a tightly sealed package. Manufacturer: Fractal Colors, Hungary<\/p>","protected":false},"featured_media":7192,"template":"","meta":{"_seopress_robots_primary_cat":"","_seopress_titles_title":"","_seopress_titles_desc":"","_seopress_robots_index":""},"product_brand":[],"product_cat":[15,84],"product_tag":[],"class_list":{"0":"post-7190","1":"product","2":"type-product","3":"status-publish","4":"has-post-thumbnail","6":"product_cat-all-products","7":"product_cat-tools","9":"first","10":"outofstock","11":"taxable","12":"shipping-taxable","13":"purchasable","14":"product-type-simple"},"_links":{"self":[{"href":"https:\/\/candeebaar.ee\/fi\/wp-json\/wp\/v2\/product\/7190","targetHints":{"allow":["GET"]}}],"collection":[{"href":"https:\/\/candeebaar.ee\/fi\/wp-json\/wp\/v2\/product"}],"about":[{"href":"https:\/\/candeebaar.ee\/fi\/wp-json\/wp\/v2\/types\/product"}],"version-history":[{"count":1,"href":"https:\/\/candeebaar.ee\/fi\/wp-json\/wp\/v2\/product\/7190\/revisions"}],"predecessor-version":[{"id":7191,"href":"https:\/\/candeebaar.ee\/fi\/wp-json\/wp\/v2\/product\/7190\/revisions\/7191"}],"wp:featuredmedia":[{"embeddable":true,"href":"https:\/\/candeebaar.ee\/fi\/wp-json\/wp\/v2\/media\/7192"}],"wp:attachment":[{"href":"https:\/\/candeebaar.ee\/fi\/wp-json\/wp\/v2\/media?parent=7190"}],"wp:term":[{"taxonomy":"product_brand","embeddable":true,"href":"https:\/\/candeebaar.ee\/fi\/wp-json\/wp\/v2\/product_brand?post=7190"},{"taxonomy":"product_cat","embeddable":true,"href":"https:\/\/candeebaar.ee\/fi\/wp-json\/wp\/v2\/product_cat?post=7190"},{"taxonomy":"product_tag","embeddable":true,"href":"https:\/\/candeebaar.ee\/fi\/wp-json\/wp\/v2\/product_tag?post=7190"}],"curies":[{"name":"wp","href":"https:\/\/api.w.org\/{rel}","templated":true}]}}