{"id":7193,"date":"2024-12-31T20:13:56","date_gmt":"2024-12-31T20:13:56","guid":{"rendered":"https:\/\/storetest.ivi.ee\/product\/green-mastic-royal-steensma-250g\/"},"modified":"2025-01-02T10:53:37","modified_gmt":"2025-01-02T10:53:37","slug":"vihrea-mastiksi-royal-steensma-250g","status":"publish","type":"product","link":"https:\/\/candeebaar.ee\/fi\/kauppa\/vihrea-mastiksi-royal-steensma-250g\/","title":{"rendered":"Vihre\u00e4 mastiksi Royal Steensma 250g"},"content":{"rendered":"<p>Sokerimassaa hahmojen muovailuun ja j\u00e4lkiruokien peitt\u00e4miseen.<br \/>\nKoostumus: Sokeri, t\u00e4rkkelys, glukoosisiirappi, kasvi\u00f6ljy (palmu), vesi, E133, dekstroosi, E422, E472c, E473, E415, E270, E202, aromi.<br \/>\nV\u00e4ri: vihre\u00e4<br \/>\nPaino: 250 g<br \/>\nSis\u00e4lt\u00f6 per 100g:<br \/>\nRavintoarvo: 1725 kJ 409 kcal<br \/>\nRasvaa (tyydyttynytt\u00e4): 9,3 g (8,3 g)<br \/>\nHiilihydraatit (sokerit): 80 g (60 g)<br \/>\nProteiinit: 0 g<br \/>\nSuola: 0,03 g<br \/>\nSaattaa sis\u00e4lt\u00e4\u00e4 <strong>maito, p\u00e4hkin\u00e4t, soija<\/strong>.<br \/>\nS\u00e4ilyt\u00e4 ilmatiiviiss\u00e4 pakkauksessa kuivassa ja pime\u00e4ss\u00e4 paikassa +8\u2013+25 \u00b0C:n l\u00e4mp\u00f6tilassa<br \/>\nValmistaja: Royal Steensmaa, Alankomaat<\/p>","protected":false},"excerpt":{"rendered":"<p>Sugar mastic for modeling figures and covering desserts. Composition: Sugar, starch, glucose syrup, vegetable oil (palm), water, E133, dextrose, E422, E472c, E473, E415, E270, E202, flavoring agent. Color: green Mass: 250g Content per 100g: Nutritional value: 1725 kJ 409 kcal Fats (saturated): 9.3g (8.3g) Carbohydrates (sugars): 80g (60g) Proteins: 0g Salt: 0.03g May contain milk, [&hellip;]<\/p>","protected":false},"featured_media":7195,"template":"","meta":{"_seopress_robots_primary_cat":"","_seopress_titles_title":"","_seopress_titles_desc":"","_seopress_robots_index":""},"product_brand":[],"product_cat":[15,104,102],"product_tag":[],"class_list":{"0":"post-7193","1":"product","2":"type-product","3":"status-publish","4":"has-post-thumbnail","6":"product_cat-all-products","7":"product_cat-sprinkles","8":"product_cat-sugars","10":"first","11":"outofstock","12":"sale","13":"taxable","14":"shipping-taxable","15":"purchasable","16":"product-type-simple"},"_links":{"self":[{"href":"https:\/\/candeebaar.ee\/fi\/wp-json\/wp\/v2\/product\/7193","targetHints":{"allow":["GET"]}}],"collection":[{"href":"https:\/\/candeebaar.ee\/fi\/wp-json\/wp\/v2\/product"}],"about":[{"href":"https:\/\/candeebaar.ee\/fi\/wp-json\/wp\/v2\/types\/product"}],"version-history":[{"count":1,"href":"https:\/\/candeebaar.ee\/fi\/wp-json\/wp\/v2\/product\/7193\/revisions"}],"predecessor-version":[{"id":7194,"href":"https:\/\/candeebaar.ee\/fi\/wp-json\/wp\/v2\/product\/7193\/revisions\/7194"}],"wp:featuredmedia":[{"embeddable":true,"href":"https:\/\/candeebaar.ee\/fi\/wp-json\/wp\/v2\/media\/7195"}],"wp:attachment":[{"href":"https:\/\/candeebaar.ee\/fi\/wp-json\/wp\/v2\/media?parent=7193"}],"wp:term":[{"taxonomy":"product_brand","embeddable":true,"href":"https:\/\/candeebaar.ee\/fi\/wp-json\/wp\/v2\/product_brand?post=7193"},{"taxonomy":"product_cat","embeddable":true,"href":"https:\/\/candeebaar.ee\/fi\/wp-json\/wp\/v2\/product_cat?post=7193"},{"taxonomy":"product_tag","embeddable":true,"href":"https:\/\/candeebaar.ee\/fi\/wp-json\/wp\/v2\/product_tag?post=7193"}],"curies":[{"name":"wp","href":"https:\/\/api.w.org\/{rel}","templated":true}]}}