{"id":7202,"date":"2024-12-31T20:14:02","date_gmt":"2024-12-31T20:14:02","guid":{"rendered":"https:\/\/storetest.ivi.ee\/product\/gift-box-21\/"},"modified":"2026-03-05T10:04:42","modified_gmt":"2026-03-05T08:04:42","slug":"lahjapakkaus-21","status":"publish","type":"product","link":"https:\/\/candeebaar.ee\/fi\/kauppa\/lahjapakkaus-21\/","title":{"rendered":"Lahjarasia 2+1"},"content":{"rendered":"<p>Lahjarasia 2+1 setille.<br \/>\nValmistettu korkealaatuisesta tihe\u00e4st\u00e4 valkoisesta kartongista.<br \/>\nKansi on valmistettu l\u00e4pin\u00e4kyv\u00e4st\u00e4 muovista, peitetty molemmilta puolilta suojakalvolla.<br \/>\nKoko: 250*175*125mm<br \/>\nKakun rei\u00e4ss\u00e4 on 3 askelmaa: 60, 100, 140 mm<br \/>\nCupcake-rei\u00e4n koko: 60mm (vakiokoko)<\/p>","protected":false},"excerpt":{"rendered":"<p>Lahjarasia 2+1 setille. Valmistettu korkealaatuisesta tihe\u00e4st\u00e4 valkoisesta kartongista. Kansi on valmistettu l\u00e4pin\u00e4kyv\u00e4st\u00e4 muovista, peitetty molemmilta puolilta suojakalvolla. Koko: 250*175*125mm Kakkurei\u00e4ss\u00e4 on 3 porrasta: 60, 100, 140mm Cupcake-rei\u00e4n koko: 60mm (vakiokoko)<\/p>","protected":false},"featured_media":7204,"template":"","meta":{"_seopress_robots_primary_cat":"","_seopress_titles_title":"","_seopress_titles_desc":"","_seopress_robots_index":""},"product_brand":[],"product_cat":[15,129,152,93],"product_tag":[],"class_list":{"0":"post-7202","1":"product","2":"type-product","3":"status-publish","4":"has-post-thumbnail","6":"product_cat-all-products","7":"product_cat-small-and-bento-size","8":"product_cat-cupcakes","9":"product_cat-gift-packaging","11":"first","12":"instock","13":"taxable","14":"shipping-taxable","15":"purchasable","16":"product-type-simple"},"_links":{"self":[{"href":"https:\/\/candeebaar.ee\/fi\/wp-json\/wp\/v2\/product\/7202","targetHints":{"allow":["GET"]}}],"collection":[{"href":"https:\/\/candeebaar.ee\/fi\/wp-json\/wp\/v2\/product"}],"about":[{"href":"https:\/\/candeebaar.ee\/fi\/wp-json\/wp\/v2\/types\/product"}],"version-history":[{"count":1,"href":"https:\/\/candeebaar.ee\/fi\/wp-json\/wp\/v2\/product\/7202\/revisions"}],"predecessor-version":[{"id":7203,"href":"https:\/\/candeebaar.ee\/fi\/wp-json\/wp\/v2\/product\/7202\/revisions\/7203"}],"wp:featuredmedia":[{"embeddable":true,"href":"https:\/\/candeebaar.ee\/fi\/wp-json\/wp\/v2\/media\/7204"}],"wp:attachment":[{"href":"https:\/\/candeebaar.ee\/fi\/wp-json\/wp\/v2\/media?parent=7202"}],"wp:term":[{"taxonomy":"product_brand","embeddable":true,"href":"https:\/\/candeebaar.ee\/fi\/wp-json\/wp\/v2\/product_brand?post=7202"},{"taxonomy":"product_cat","embeddable":true,"href":"https:\/\/candeebaar.ee\/fi\/wp-json\/wp\/v2\/product_cat?post=7202"},{"taxonomy":"product_tag","embeddable":true,"href":"https:\/\/candeebaar.ee\/fi\/wp-json\/wp\/v2\/product_tag?post=7202"}],"curies":[{"name":"wp","href":"https:\/\/api.w.org\/{rel}","templated":true}]}}