{"id":7208,"date":"2024-12-31T20:14:02","date_gmt":"2024-12-31T20:14:02","guid":{"rendered":"https:\/\/storetest.ivi.ee\/product\/edible-paper-a4-20-sheets-decoroyal-icing-sheets\/"},"modified":"2026-04-01T16:35:27","modified_gmt":"2026-04-01T14:35:27","slug":"syotava-paperi-a4-20-arkkia-koristekuorrutusarkkeja","status":"publish","type":"product","link":"https:\/\/candeebaar.ee\/fi\/kauppa\/syotava-paperi-a4-20-arkkia-koristekuorrutusarkkeja\/","title":{"rendered":"Sy\u00f6t\u00e4v\u00e4 paperi A4 20 arkkia DecoRoyal Icing Sheets"},"content":{"rendered":"<p>Valkoinen sokerinen sy\u00f6t\u00e4v\u00e4 paperi painatukseen ja koristeluun. Ei titaanidioksidia.<br \/>\n<strong>Paperin laatu on loistava!<\/strong><br \/>\nKoostumus: t\u00e4rkkelys, maltodekstriini, sokeri, E422, dekstroosi, vesi, kookos\u00f6ljy, E460i, E466, E414, E471, E492, E435, aromit, E330, E202.<br \/>\nPaino: 860g<br \/>\n100g sis\u00e4lt\u00e4\u00e4:<br \/>\nEnergia: 1620kJ\/ 381kcal<br \/>\nRasvat (tyydyttyneet): 0,1 g (&lt;0,1 g)<br \/>\nHiilihydraatit (sokeri): 95g (18g)<br \/>\nProteiinit: 0,1 g<br \/>\nSuola: 0,23 g<br \/>\nArkin koko: A4 (20 kpl)<br \/>\nS\u00e4ilyt\u00e4 suljetussa pakkauksessa pime\u00e4ss\u00e4, viile\u00e4ss\u00e4 paikassa.<br \/>\nValmistaja: Saksa Kopyform<\/p>","protected":false},"excerpt":{"rendered":"<p>Valkoinen sokerinen sy\u00f6t\u00e4v\u00e4 paperi painatukseen ja koristeluun. Ei titaanidioksidia. Paperin laatu on loistava! Koostumus: t\u00e4rkkelys, maltodekstriini, sokeri, E422, dekstroosi, vesi, kookos\u00f6ljy, E460i, E466, E414, E471, E492, E435, aromit, E330, E202. Paino: 860g 100g sis\u00e4lt\u00e4\u00e4: Energia: 1620kJ\/ 381kcal Rasvat (tyydyttyneet): 0.1g (&lt;0.1g) Hiilihydraatit (sokeri): 95g (18g) Proteiinit: 0.1g Suola: 0.23g Levyt [\u2026]<\/p>","protected":false},"featured_media":10517,"template":"","meta":{"_seopress_robots_primary_cat":"none","_seopress_titles_title":"","_seopress_titles_desc":"","_seopress_robots_index":""},"product_brand":[],"product_cat":[15,105],"product_tag":[],"class_list":{"0":"post-7208","1":"product","2":"type-product","3":"status-publish","4":"has-post-thumbnail","6":"product_cat-all-products","7":"product_cat-edible-print","9":"first","10":"instock","11":"taxable","12":"shipping-taxable","13":"purchasable","14":"product-type-simple"},"_links":{"self":[{"href":"https:\/\/candeebaar.ee\/fi\/wp-json\/wp\/v2\/product\/7208","targetHints":{"allow":["GET"]}}],"collection":[{"href":"https:\/\/candeebaar.ee\/fi\/wp-json\/wp\/v2\/product"}],"about":[{"href":"https:\/\/candeebaar.ee\/fi\/wp-json\/wp\/v2\/types\/product"}],"version-history":[{"count":3,"href":"https:\/\/candeebaar.ee\/fi\/wp-json\/wp\/v2\/product\/7208\/revisions"}],"predecessor-version":[{"id":10518,"href":"https:\/\/candeebaar.ee\/fi\/wp-json\/wp\/v2\/product\/7208\/revisions\/10518"}],"wp:featuredmedia":[{"embeddable":true,"href":"https:\/\/candeebaar.ee\/fi\/wp-json\/wp\/v2\/media\/10517"}],"wp:attachment":[{"href":"https:\/\/candeebaar.ee\/fi\/wp-json\/wp\/v2\/media?parent=7208"}],"wp:term":[{"taxonomy":"product_brand","embeddable":true,"href":"https:\/\/candeebaar.ee\/fi\/wp-json\/wp\/v2\/product_brand?post=7208"},{"taxonomy":"product_cat","embeddable":true,"href":"https:\/\/candeebaar.ee\/fi\/wp-json\/wp\/v2\/product_cat?post=7208"},{"taxonomy":"product_tag","embeddable":true,"href":"https:\/\/candeebaar.ee\/fi\/wp-json\/wp\/v2\/product_tag?post=7208"}],"curies":[{"name":"wp","href":"https:\/\/api.w.org\/{rel}","templated":true}]}}