{"id":7210,"date":"2024-12-31T20:14:02","date_gmt":"2024-12-31T20:14:02","guid":{"rendered":"https:\/\/storetest.ivi.ee\/product\/edible-paper-a4-1-sheet-decoroyal-icing-sheets\/"},"modified":"2026-03-13T14:57:35","modified_gmt":"2026-03-13T12:57:35","slug":"syotava-paperi-a4-1-arkki-koristekuorrutusarkkeja","status":"publish","type":"product","link":"https:\/\/candeebaar.ee\/fi\/kauppa\/syotava-paperi-a4-1-arkki-koristekuorrutusarkkeja\/","title":{"rendered":"Sy\u00f6t\u00e4v\u00e4 paperi A4 1 arkki DecoRoyal Icing Sheets"},"content":{"rendered":"<p>Valkoinen sokerinen sy\u00f6t\u00e4v\u00e4 paperi painatukseen ja koristeluun. Ei titaanidioksidia!<br \/>\nKoostumus: t\u00e4rkkelys, maltodekstriini, sokeri, E422, dekstroosi, vesi, kookos\u00f6ljy, E460i, E466, E414, E471, E492, E435, aromit, E330, E202.<br \/>\nPaino: 43g<br \/>\n100g sis\u00e4lt\u00e4\u00e4:<br \/>\nEnergia: 1620kJ\/ 381kcal<br \/>\nRasvat (tyydyttyneet): 0,1 g (&lt;0,1 g)<br \/>\nHiilihydraatit (sokeri): 95g (18g)<br \/>\nProteiinit: 0,1 g<br \/>\nSuola: 0,23 g<br \/>\nArkin koko: A4<br \/>\nS\u00e4ilyt\u00e4 ilmatiiviiss\u00e4 pakkauksessa pime\u00e4ss\u00e4, viile\u00e4ss\u00e4 paikassa.<br \/>\nValmistaja: Saksa Kopyform<\/p>","protected":false},"excerpt":{"rendered":"<p>Valkoinen sokerinen sy\u00f6t\u00e4v\u00e4 paperi painatukseen ja koristeluun. Ei titaanidioksidia! Koostumus: t\u00e4rkkelys, maltodekstriini, sokeri, E422, dekstroosi, vesi, kookos\u00f6ljy, E460i, E466, E414, E471, E492, E435, aromit, E330, E202. Paino: 43g 100g sis\u00e4lt\u00e4\u00e4: Energiaa: 1620kJ\/ 381kcal Rasvat (tyydyttyneet): 0,1g (&lt;0,1g) Hiilihydraatit (sokeri): 95g (18g) Proteiinit: 0,1g Suola: 0,23g Arkin koko: A4 S\u00e4ilyt\u00e4 [\u2026]<\/p>","protected":false},"featured_media":10515,"template":"","meta":{"_seopress_robots_primary_cat":"none","_seopress_titles_title":"","_seopress_titles_desc":"","_seopress_robots_index":""},"product_brand":[],"product_cat":[15,109,105],"product_tag":[],"class_list":{"0":"post-7210","1":"product","2":"type-product","3":"status-publish","4":"has-post-thumbnail","6":"product_cat-all-products","7":"product_cat-sale","8":"product_cat-edible-print","10":"first","11":"instock","12":"sale","13":"taxable","14":"shipping-taxable","15":"purchasable","16":"product-type-simple"},"_links":{"self":[{"href":"https:\/\/candeebaar.ee\/fi\/wp-json\/wp\/v2\/product\/7210","targetHints":{"allow":["GET"]}}],"collection":[{"href":"https:\/\/candeebaar.ee\/fi\/wp-json\/wp\/v2\/product"}],"about":[{"href":"https:\/\/candeebaar.ee\/fi\/wp-json\/wp\/v2\/types\/product"}],"version-history":[{"count":3,"href":"https:\/\/candeebaar.ee\/fi\/wp-json\/wp\/v2\/product\/7210\/revisions"}],"predecessor-version":[{"id":15091,"href":"https:\/\/candeebaar.ee\/fi\/wp-json\/wp\/v2\/product\/7210\/revisions\/15091"}],"wp:featuredmedia":[{"embeddable":true,"href":"https:\/\/candeebaar.ee\/fi\/wp-json\/wp\/v2\/media\/10515"}],"wp:attachment":[{"href":"https:\/\/candeebaar.ee\/fi\/wp-json\/wp\/v2\/media?parent=7210"}],"wp:term":[{"taxonomy":"product_brand","embeddable":true,"href":"https:\/\/candeebaar.ee\/fi\/wp-json\/wp\/v2\/product_brand?post=7210"},{"taxonomy":"product_cat","embeddable":true,"href":"https:\/\/candeebaar.ee\/fi\/wp-json\/wp\/v2\/product_cat?post=7210"},{"taxonomy":"product_tag","embeddable":true,"href":"https:\/\/candeebaar.ee\/fi\/wp-json\/wp\/v2\/product_tag?post=7210"}],"curies":[{"name":"wp","href":"https:\/\/api.w.org\/{rel}","templated":true}]}}