{"id":7212,"date":"2024-12-31T20:14:02","date_gmt":"2024-12-31T20:14:02","guid":{"rendered":"https:\/\/storetest.ivi.ee\/product\/printing-on-edible-a4-paper-decoroyal-icing-sheets\/"},"modified":"2026-02-16T11:17:46","modified_gmt":"2026-02-16T09:17:46","slug":"painatus-syotavalle-a4-paperille-koristekuorrutuslevyille","status":"publish","type":"product","link":"https:\/\/candeebaar.ee\/fi\/kauppa\/painatus-syotavalle-a4-paperille-koristekuorrutuslevyille\/","title":{"rendered":"Tulostus sy\u00f6t\u00e4v\u00e4lle A4-paperille DecoRoyal Icing Sheets -paperille"},"content":{"rendered":"<p>Ruokapainatus sy\u00f6t\u00e4v\u00e4lle sokeripaperille elintarvikemusteilla (E151, E110, E133, E122, E102, E404, E330, E202, E422).<br \/>\nVoit luoda omia koristeita ja p\u00e4\u00e4llyksi\u00e4 j\u00e4lkiruokiin.<br \/>\nA4-koko (210x297mm).<br \/>\nElintarvikepainatuksen v\u00e4ri ja kyll\u00e4isyys voivat poiketa hieman klassisista k\u00e4ytettyjen materiaalien rajoituksista johtuen. Suurilla yksiv\u00e4risill\u00e4 alueilla voi olla huomattavia v\u00e4\u00e4ristymi\u00e4. Joustavuuden s\u00e4ilytt\u00e4miseksi paperi tulee s\u00e4ilytt\u00e4\u00e4 suljetussa pakkauksessa.<br \/>\n<strong>T\u00e4rke\u00e4\u00e4:<\/strong><br \/>\nTiedostovaatimukset: Yrit\u00e4 k\u00e4ytt\u00e4\u00e4 <strong>korkealaatuisia<\/strong> tiedostot, <strong>PDF-muodossa,<\/strong> muita muotoja ei suositella.<br \/>\n<strong>Paperin reunat<\/strong> (pystysuorassa asennossa sivuilla (10 mm), ylh\u00e4\u00e4ll\u00e4 (35 mm) ja alhaalla (35 mm)) <strong>ei ole painettu<\/strong>, joten on parempi j\u00e4tt\u00e4\u00e4 ne tyhjiksi (muuten kuva leikkautuu pois tai muuttuu). Emme muotoile tiedostoja, muuta niit\u00e4 emmek\u00e4 tallenna niit\u00e4 k\u00e4yt\u00f6n j\u00e4lkeen. Asiakas on vastuussa sis\u00e4ll\u00f6st\u00e4. Seteleit\u00e4 ei paineta laitteistorajoitusten vuoksi!<br \/>\nPiirustukset, joissa on suuret mustat yksityiskohdat, eiv\u00e4t ole toivottavia, koska ne voivat johtaa virheisiin.<br \/>\nTiedostot tulee l\u00e4hett\u00e4\u00e4 osoitteeseen <span style=\"font-family: 'arial black', sans-serif;\"><a href=\"mailto:candeebaar@gmail.com\">candeebaar@gmail.com<\/a> <span style=\"font-family: georgia, palatino, serif;\">aiherivill\u00e4 ilmoitetulla tilausnumerolla.<\/span><\/span><\/p>\n<p>Valkoinen sokeriruokapaperi painatukseen ja koristeluun. Ei titaanidioksidia!<br \/>\nKoostumus: t\u00e4rkkelys, maltodekstriini, sokeri, E422, dekstroosi, vesi, kookos\u00f6ljy, E460i, E466, E414, E471, E492, E435, aromit, E330, E202.<br \/>\nPaino: 43g<br \/>\n100g sis\u00e4lt\u00e4\u00e4:<br \/>\nEnergia: 1620kJ\/ 381kcal<br \/>\nRasvat (tyydyttyneet): 0,1 g (&lt;0,1 g)<br \/>\nHiilihydraatit (sokeri): 95g (18g)<br \/>\nProteiinit: 0,1 g<br \/>\nSuola: 0,23 g<br \/>\nArkin koko: A4<br \/>\nS\u00e4ilyt\u00e4 ilmatiiviiss\u00e4 pakkauksessa pime\u00e4ss\u00e4, viile\u00e4ss\u00e4 paikassa.<br \/>\nValmistaja: Saksa Kopyform<\/p>","protected":false},"excerpt":{"rendered":"<p>Ruokapainatus sy\u00f6t\u00e4v\u00e4lle sokeripaperille elintarvikemusteilla (E151, E110, E133, E122, E102, E404, E330, E202, E422). Voit luoda omia koristeita ja p\u00e4\u00e4llyksi\u00e4 j\u00e4lkiruokiin. A4-koko (210x297mm). Elintarvikepainatuksen v\u00e4ri ja kyll\u00e4isyys voivat poiketa hieman klassisista k\u00e4ytettyjen materiaalien rajoituksista johtuen. Suuret alueet [\u2026]<\/p>","protected":false},"featured_media":10601,"template":"","meta":{"_seopress_robots_primary_cat":"none","_seopress_titles_title":"A4 edible printing. Sugar fondant paper with your design print!","_seopress_titles_desc":"Top quality edible printing from supplier. Choose any design and create beautiful desserts with minimum effort. Fast shipping in Estonia, Latvia, Finland and Lithuania!","_seopress_robots_index":""},"product_brand":[],"product_cat":[182,181,180,15,105],"product_tag":[],"class_list":{"0":"post-7212","1":"product","2":"type-product","3":"status-publish","4":"has-post-thumbnail","6":"product_cat-christmas","7":"product_cat-christmas-new-year","8":"product_cat-wedding-products","9":"product_cat-all-products","10":"product_cat-edible-print","12":"first","13":"instock","14":"taxable","15":"shipping-taxable","16":"purchasable","17":"product-type-simple"},"_links":{"self":[{"href":"https:\/\/candeebaar.ee\/fi\/wp-json\/wp\/v2\/product\/7212","targetHints":{"allow":["GET"]}}],"collection":[{"href":"https:\/\/candeebaar.ee\/fi\/wp-json\/wp\/v2\/product"}],"about":[{"href":"https:\/\/candeebaar.ee\/fi\/wp-json\/wp\/v2\/types\/product"}],"version-history":[{"count":5,"href":"https:\/\/candeebaar.ee\/fi\/wp-json\/wp\/v2\/product\/7212\/revisions"}],"predecessor-version":[{"id":15440,"href":"https:\/\/candeebaar.ee\/fi\/wp-json\/wp\/v2\/product\/7212\/revisions\/15440"}],"wp:featuredmedia":[{"embeddable":true,"href":"https:\/\/candeebaar.ee\/fi\/wp-json\/wp\/v2\/media\/10601"}],"wp:attachment":[{"href":"https:\/\/candeebaar.ee\/fi\/wp-json\/wp\/v2\/media?parent=7212"}],"wp:term":[{"taxonomy":"product_brand","embeddable":true,"href":"https:\/\/candeebaar.ee\/fi\/wp-json\/wp\/v2\/product_brand?post=7212"},{"taxonomy":"product_cat","embeddable":true,"href":"https:\/\/candeebaar.ee\/fi\/wp-json\/wp\/v2\/product_cat?post=7212"},{"taxonomy":"product_tag","embeddable":true,"href":"https:\/\/candeebaar.ee\/fi\/wp-json\/wp\/v2\/product_tag?post=7212"}],"curies":[{"name":"wp","href":"https:\/\/api.w.org\/{rel}","templated":true}]}}