{"id":7256,"date":"2024-12-31T20:14:06","date_gmt":"2024-12-31T20:14:06","guid":{"rendered":"https:\/\/storetest.ivi.ee\/product\/cake-base-0-5mm-25cm\/"},"modified":"2026-01-22T11:18:03","modified_gmt":"2026-01-22T09:18:03","slug":"kakkupohja-0-5-mm-25-cm","status":"publish","type":"product","link":"https:\/\/candeebaar.ee\/fi\/kauppa\/kakkupohja-0-5-mm-25-cm\/","title":{"rendered":"Kakkulevy 0,5 mm 25 cm"},"content":{"rendered":"<p>Yksinkertainen py\u00f6re\u00e4 pahvipohjainen kakkupohja kakuille, jotka eiv\u00e4t vaadi erityisolosuhteita.<br \/>\nMateriaali: pahvi (ei laminoitu)<br \/>\nV\u00e4ri: valkoinen<br \/>\nHalkaisija: 25 cm<br \/>\nPaksuus: 0,5mm<\/p>","protected":false},"excerpt":{"rendered":"<p>Yksinkertainen py\u00f6re\u00e4 pahvista valmistettu kakkupohja kakuille, jotka eiv\u00e4t vaadi erityisolosuhteita. Materiaali: pahvi (ei laminoitu) V\u00e4ri: valkoinen Halkaisija: 25 cm Paksuus: 0,5 mm<\/p>","protected":false},"featured_media":7258,"template":"","meta":{"_seopress_robots_primary_cat":"","_seopress_titles_title":"","_seopress_titles_desc":"","_seopress_robots_index":""},"product_brand":[],"product_cat":[15,144],"product_tag":[],"class_list":{"0":"post-7256","1":"product","2":"type-product","3":"status-publish","4":"has-post-thumbnail","6":"product_cat-all-products","7":"product_cat-25cm","9":"first","10":"instock","11":"taxable","12":"shipping-taxable","13":"purchasable","14":"product-type-simple"},"_links":{"self":[{"href":"https:\/\/candeebaar.ee\/fi\/wp-json\/wp\/v2\/product\/7256","targetHints":{"allow":["GET"]}}],"collection":[{"href":"https:\/\/candeebaar.ee\/fi\/wp-json\/wp\/v2\/product"}],"about":[{"href":"https:\/\/candeebaar.ee\/fi\/wp-json\/wp\/v2\/types\/product"}],"version-history":[{"count":2,"href":"https:\/\/candeebaar.ee\/fi\/wp-json\/wp\/v2\/product\/7256\/revisions"}],"predecessor-version":[{"id":9123,"href":"https:\/\/candeebaar.ee\/fi\/wp-json\/wp\/v2\/product\/7256\/revisions\/9123"}],"wp:featuredmedia":[{"embeddable":true,"href":"https:\/\/candeebaar.ee\/fi\/wp-json\/wp\/v2\/media\/7258"}],"wp:attachment":[{"href":"https:\/\/candeebaar.ee\/fi\/wp-json\/wp\/v2\/media?parent=7256"}],"wp:term":[{"taxonomy":"product_brand","embeddable":true,"href":"https:\/\/candeebaar.ee\/fi\/wp-json\/wp\/v2\/product_brand?post=7256"},{"taxonomy":"product_cat","embeddable":true,"href":"https:\/\/candeebaar.ee\/fi\/wp-json\/wp\/v2\/product_cat?post=7256"},{"taxonomy":"product_tag","embeddable":true,"href":"https:\/\/candeebaar.ee\/fi\/wp-json\/wp\/v2\/product_tag?post=7256"}],"curies":[{"name":"wp","href":"https:\/\/api.w.org\/{rel}","templated":true}]}}