{"id":7267,"date":"2024-12-31T20:14:06","date_gmt":"2024-12-31T20:14:06","guid":{"rendered":"https:\/\/storetest.ivi.ee\/product\/box-for-cakes-181812cm\/"},"modified":"2026-01-03T14:27:06","modified_gmt":"2026-01-03T12:27:06","slug":"kakkulaatikko-181812cm","status":"publish","type":"product","link":"https:\/\/candeebaar.ee\/fi\/kauppa\/kakkulaatikko-181812cm\/","title":{"rendered":"Kakkulaatikko 18*18*12cm"},"content":{"rendered":"<p>Laatikko sopii bentokakuille, kuppikakkuille (k\u00e4ytett\u00e4ess\u00e4 4 kuppikakun sis\u00e4osaa) ja kaikille muille j\u00e4lkiruokille.<br \/>\nMateriaali: pahvi<br \/>\nV\u00e4ri: valkoinen<br \/>\nKoko: 18*18*12cm<\/p>","protected":false},"excerpt":{"rendered":"<p>Laatikko sopii bentokakuille, kuppikakkuille (k\u00e4ytett\u00e4ess\u00e4 4 kuppikakun sis\u00e4osaa) ja kaikille muille j\u00e4lkiruokille. Materiaali: pahvi V\u00e4ri: valkoinen Koko: 18*18*12cm<\/p>","protected":false},"featured_media":7266,"template":"","meta":{"_seopress_robots_primary_cat":"none","_seopress_titles_title":"","_seopress_titles_desc":"","_seopress_robots_index":""},"product_brand":[],"product_cat":[15,133,152],"product_tag":[],"class_list":{"0":"post-7267","1":"product","2":"type-product","3":"status-publish","4":"has-post-thumbnail","6":"product_cat-all-products","7":"product_cat-18cm-base","8":"product_cat-cupcakes","10":"first","11":"outofstock","12":"taxable","13":"shipping-taxable","14":"purchasable","15":"product-type-simple"},"_links":{"self":[{"href":"https:\/\/candeebaar.ee\/fi\/wp-json\/wp\/v2\/product\/7267","targetHints":{"allow":["GET"]}}],"collection":[{"href":"https:\/\/candeebaar.ee\/fi\/wp-json\/wp\/v2\/product"}],"about":[{"href":"https:\/\/candeebaar.ee\/fi\/wp-json\/wp\/v2\/types\/product"}],"version-history":[{"count":1,"href":"https:\/\/candeebaar.ee\/fi\/wp-json\/wp\/v2\/product\/7267\/revisions"}],"predecessor-version":[{"id":7268,"href":"https:\/\/candeebaar.ee\/fi\/wp-json\/wp\/v2\/product\/7267\/revisions\/7268"}],"wp:featuredmedia":[{"embeddable":true,"href":"https:\/\/candeebaar.ee\/fi\/wp-json\/wp\/v2\/media\/7266"}],"wp:attachment":[{"href":"https:\/\/candeebaar.ee\/fi\/wp-json\/wp\/v2\/media?parent=7267"}],"wp:term":[{"taxonomy":"product_brand","embeddable":true,"href":"https:\/\/candeebaar.ee\/fi\/wp-json\/wp\/v2\/product_brand?post=7267"},{"taxonomy":"product_cat","embeddable":true,"href":"https:\/\/candeebaar.ee\/fi\/wp-json\/wp\/v2\/product_cat?post=7267"},{"taxonomy":"product_tag","embeddable":true,"href":"https:\/\/candeebaar.ee\/fi\/wp-json\/wp\/v2\/product_tag?post=7267"}],"curies":[{"name":"wp","href":"https:\/\/api.w.org\/{rel}","templated":true}]}}