{"id":7276,"date":"2024-12-31T20:14:06","date_gmt":"2024-12-31T20:14:06","guid":{"rendered":"https:\/\/storetest.ivi.ee\/product\/dark-glaze-royal-steensma-300g\/"},"modified":"2024-12-31T20:14:10","modified_gmt":"2024-12-31T20:14:10","slug":"tumma-lasite-royal-steensma-300g","status":"publish","type":"product","link":"https:\/\/candeebaar.ee\/fi\/kauppa\/tumma-lasite-royal-steensma-300g\/","title":{"rendered":"Dark Glaze Royal Steensma 300g"},"content":{"rendered":"<p>Tumma lasite, jolla on miellytt\u00e4v\u00e4 maku.<br \/>\nPaino: 300g<br \/>\nSis\u00e4lt\u00f6 per 100g:<br \/>\nEnergia: 593 kcal\/2467 kJ<br \/>\nRasvaa (tyydyttynytt\u00e4): 42(40) g<br \/>\nHiilihydraatit (sokeri): 50 (49) g<br \/>\nKuitu: 3,2 g<br \/>\nProteiineja: 2,3 g<\/p>\n<p>Koostumus: sokeri; kasvi\u00f6ljy (palmu, kookos), emulgointiaine E492, E322 (soijalesitiini), v\u00e4h\u00e4rasvainen kaakao, <strong>maitoa<\/strong>, aromiaine.<br \/>\nV\u00e4ri: &quot;tumma suklaa&quot;<\/p>\n<p>Valmistaja: Royal Steensma, Alankomaat<br \/>\nS\u00e4ilyt\u00e4 tuotetta puhtaissa tiloissa, joissa ei ole vieraita hajuja (suhteellinen kosteus enint\u00e4\u00e4n 70%).<br \/>\nVarastointil\u00e4mp\u00f6tila: 12 \u2013 20 \u00b0C<br \/>\nSaattaa sis\u00e4lt\u00e4\u00e4 j\u00e4lki\u00e4 <strong>maito, laktoosi, soija ja p\u00e4hkin\u00e4t.<\/strong><\/p>","protected":false},"excerpt":{"rendered":"<p>Dark glaze with a pleasant taste. Mass: 300g Content per 100g: Energy: 593kCal\/2467kJ Fats (saturated): 42(40)g Carbohydrates (sugar): 50 (49)g Fiber: 3.2g Proteins: 2.3g Composition: sugar; vegetable oil (palm, coconut), emulsifier E492, E322 (soy lecithin), low-fat cocoa, milk, flavoring agent. Color: &#8220;dark chocolate&#8221; Manufacturer: Royal Steensma, Netherlands Store the product in clean rooms, free from [&hellip;]<\/p>","protected":false},"featured_media":7275,"template":"","meta":{"_seopress_robots_primary_cat":"","_seopress_titles_title":"","_seopress_titles_desc":"","_seopress_robots_index":""},"product_brand":[],"product_cat":[15],"product_tag":[],"class_list":{"0":"post-7276","1":"product","2":"type-product","3":"status-publish","4":"has-post-thumbnail","6":"product_cat-all-products","8":"first","9":"outofstock","10":"sale","11":"taxable","12":"shipping-taxable","13":"purchasable","14":"product-type-simple"},"_links":{"self":[{"href":"https:\/\/candeebaar.ee\/fi\/wp-json\/wp\/v2\/product\/7276","targetHints":{"allow":["GET"]}}],"collection":[{"href":"https:\/\/candeebaar.ee\/fi\/wp-json\/wp\/v2\/product"}],"about":[{"href":"https:\/\/candeebaar.ee\/fi\/wp-json\/wp\/v2\/types\/product"}],"version-history":[{"count":1,"href":"https:\/\/candeebaar.ee\/fi\/wp-json\/wp\/v2\/product\/7276\/revisions"}],"predecessor-version":[{"id":7277,"href":"https:\/\/candeebaar.ee\/fi\/wp-json\/wp\/v2\/product\/7276\/revisions\/7277"}],"wp:featuredmedia":[{"embeddable":true,"href":"https:\/\/candeebaar.ee\/fi\/wp-json\/wp\/v2\/media\/7275"}],"wp:attachment":[{"href":"https:\/\/candeebaar.ee\/fi\/wp-json\/wp\/v2\/media?parent=7276"}],"wp:term":[{"taxonomy":"product_brand","embeddable":true,"href":"https:\/\/candeebaar.ee\/fi\/wp-json\/wp\/v2\/product_brand?post=7276"},{"taxonomy":"product_cat","embeddable":true,"href":"https:\/\/candeebaar.ee\/fi\/wp-json\/wp\/v2\/product_cat?post=7276"},{"taxonomy":"product_tag","embeddable":true,"href":"https:\/\/candeebaar.ee\/fi\/wp-json\/wp\/v2\/product_tag?post=7276"}],"curies":[{"name":"wp","href":"https:\/\/api.w.org\/{rel}","templated":true}]}}