{"id":7306,"date":"2024-12-31T20:14:15","date_gmt":"2024-12-31T20:14:15","guid":{"rendered":"https:\/\/storetest.ivi.ee\/product\/round-nozzle-19mm\/"},"modified":"2026-03-10T11:37:40","modified_gmt":"2026-03-10T09:37:40","slug":"pyorea-suutin-19mm","status":"publish","type":"product","link":"https:\/\/candeebaar.ee\/fi\/kauppa\/pyorea-suutin-19mm\/","title":{"rendered":"Py\u00f6re\u00e4 suutin 19mm"},"content":{"rendered":"<p>Metallinen py\u00f6re\u00e4 suutin.<br \/>\nKoko: 35*42mm<br \/>\nL\u00e4ht\u00f6: 19mm<\/p>","protected":false},"excerpt":{"rendered":"<p>Metallinen py\u00f6re\u00e4 suutin. Koko: 35*42mm L\u00e4ht\u00f6: 19mm<\/p>","protected":false},"featured_media":7285,"template":"","meta":{"_seopress_robots_primary_cat":"none","_seopress_titles_title":"","_seopress_titles_desc":"","_seopress_robots_index":""},"product_brand":[],"product_cat":[15,121],"product_tag":[],"class_list":{"0":"post-7306","1":"product","2":"type-product","3":"status-publish","4":"has-post-thumbnail","6":"product_cat-all-products","7":"product_cat-round","9":"first","10":"instock","11":"taxable","12":"shipping-taxable","13":"purchasable","14":"product-type-simple"},"_links":{"self":[{"href":"https:\/\/candeebaar.ee\/fi\/wp-json\/wp\/v2\/product\/7306","targetHints":{"allow":["GET"]}}],"collection":[{"href":"https:\/\/candeebaar.ee\/fi\/wp-json\/wp\/v2\/product"}],"about":[{"href":"https:\/\/candeebaar.ee\/fi\/wp-json\/wp\/v2\/types\/product"}],"version-history":[{"count":1,"href":"https:\/\/candeebaar.ee\/fi\/wp-json\/wp\/v2\/product\/7306\/revisions"}],"predecessor-version":[{"id":7307,"href":"https:\/\/candeebaar.ee\/fi\/wp-json\/wp\/v2\/product\/7306\/revisions\/7307"}],"wp:featuredmedia":[{"embeddable":true,"href":"https:\/\/candeebaar.ee\/fi\/wp-json\/wp\/v2\/media\/7285"}],"wp:attachment":[{"href":"https:\/\/candeebaar.ee\/fi\/wp-json\/wp\/v2\/media?parent=7306"}],"wp:term":[{"taxonomy":"product_brand","embeddable":true,"href":"https:\/\/candeebaar.ee\/fi\/wp-json\/wp\/v2\/product_brand?post=7306"},{"taxonomy":"product_cat","embeddable":true,"href":"https:\/\/candeebaar.ee\/fi\/wp-json\/wp\/v2\/product_cat?post=7306"},{"taxonomy":"product_tag","embeddable":true,"href":"https:\/\/candeebaar.ee\/fi\/wp-json\/wp\/v2\/product_tag?post=7306"}],"curies":[{"name":"wp","href":"https:\/\/api.w.org\/{rel}","templated":true}]}}