{"id":7315,"date":"2024-12-31T20:14:15","date_gmt":"2024-12-31T20:14:15","guid":{"rendered":"https:\/\/storetest.ivi.ee\/product\/closed-star-nozzle-10m\/"},"modified":"2025-08-26T07:38:52","modified_gmt":"2025-08-26T05:38:52","slug":"suljettu-tahtisuutin-10m","status":"publish","type":"product","link":"https:\/\/candeebaar.ee\/fi\/kauppa\/suljettu-tahtisuutin-10m\/","title":{"rendered":"Suljettu t\u00e4htisuutin 10M"},"content":{"rendered":"<p>Metallinen suutin, jossa 10 piikki\u00e4.<br \/>\nKoko: 30*45mm<br \/>\nL\u00e4ht\u00f6: 20mm<\/p>","protected":false},"excerpt":{"rendered":"<p>Metallinen suutin, jossa 10 piikki\u00e4. Koko: 30*45mm L\u00e4ht\u00f6: 20mm<\/p>","protected":false},"featured_media":7288,"template":"","meta":{"_seopress_robots_primary_cat":"","_seopress_titles_title":"","_seopress_titles_desc":"","_seopress_robots_index":""},"product_brand":[],"product_cat":[15,119],"product_tag":[],"class_list":{"0":"post-7315","1":"product","2":"type-product","3":"status-publish","4":"has-post-thumbnail","6":"product_cat-all-products","7":"product_cat-closed-star","9":"first","10":"outofstock","11":"taxable","12":"shipping-taxable","13":"purchasable","14":"product-type-simple"},"_links":{"self":[{"href":"https:\/\/candeebaar.ee\/fi\/wp-json\/wp\/v2\/product\/7315","targetHints":{"allow":["GET"]}}],"collection":[{"href":"https:\/\/candeebaar.ee\/fi\/wp-json\/wp\/v2\/product"}],"about":[{"href":"https:\/\/candeebaar.ee\/fi\/wp-json\/wp\/v2\/types\/product"}],"version-history":[{"count":1,"href":"https:\/\/candeebaar.ee\/fi\/wp-json\/wp\/v2\/product\/7315\/revisions"}],"predecessor-version":[{"id":7316,"href":"https:\/\/candeebaar.ee\/fi\/wp-json\/wp\/v2\/product\/7315\/revisions\/7316"}],"wp:featuredmedia":[{"embeddable":true,"href":"https:\/\/candeebaar.ee\/fi\/wp-json\/wp\/v2\/media\/7288"}],"wp:attachment":[{"href":"https:\/\/candeebaar.ee\/fi\/wp-json\/wp\/v2\/media?parent=7315"}],"wp:term":[{"taxonomy":"product_brand","embeddable":true,"href":"https:\/\/candeebaar.ee\/fi\/wp-json\/wp\/v2\/product_brand?post=7315"},{"taxonomy":"product_cat","embeddable":true,"href":"https:\/\/candeebaar.ee\/fi\/wp-json\/wp\/v2\/product_cat?post=7315"},{"taxonomy":"product_tag","embeddable":true,"href":"https:\/\/candeebaar.ee\/fi\/wp-json\/wp\/v2\/product_tag?post=7315"}],"curies":[{"name":"wp","href":"https:\/\/api.w.org\/{rel}","templated":true}]}}