{"id":7335,"date":"2024-12-31T20:14:15","date_gmt":"2024-12-31T20:14:15","guid":{"rendered":"https:\/\/storetest.ivi.ee\/product\/silicone-mold-skull-l\/"},"modified":"2025-10-20T18:29:04","modified_gmt":"2025-10-20T16:29:04","slug":"silikonimuotti-kallo-l","status":"publish","type":"product","link":"https:\/\/candeebaar.ee\/fi\/kauppa\/silikonimuotti-kallo-l\/","title":{"rendered":"Silikonimuotti &quot;Skull&quot; L"},"content":{"rendered":"<p>Suklaamuotissa on kaksi osaa: kallon etu- ja takaosa.<br \/>\nMateriaali: silikoni<br \/>\nK\u00e4ytt\u00f6l\u00e4mp\u00f6tila: -60 - 230\u00b0C<br \/>\nKoko kallon koko (leveys x korkeus x syvyys): 140*215*18mm (vastaa aikuisen keskim\u00e4\u00e4r\u00e4ist\u00e4 p\u00e4\u00e4t\u00e4)<\/p>","protected":false},"excerpt":{"rendered":"<p>Suklaamuotissa on kaksi osaa: kallon etu- ja takaosa. Materiaali: silikoni K\u00e4ytt\u00f6l\u00e4mp\u00f6tila: -60 - 230\u00b0C Koko kallon koko (leveys x korkeus x syvyys): 140*215*18mm (vastaa aikuisen keskim\u00e4\u00e4r\u00e4ist\u00e4 p\u00e4\u00e4t\u00e4)<\/p>","protected":false},"featured_media":7331,"template":"","meta":{"_seopress_robots_primary_cat":"","_seopress_titles_title":"","_seopress_titles_desc":"","_seopress_robots_index":""},"product_brand":[],"product_cat":[15,82,125,127],"product_tag":[],"class_list":{"0":"post-7335","1":"product","2":"type-product","3":"status-publish","4":"has-post-thumbnail","6":"product_cat-all-products","7":"product_cat-chocolate-molds","8":"product_cat-nature","9":"product_cat-ornament","11":"first","12":"instock","13":"taxable","14":"shipping-taxable","15":"purchasable","16":"product-type-simple"},"_links":{"self":[{"href":"https:\/\/candeebaar.ee\/fi\/wp-json\/wp\/v2\/product\/7335","targetHints":{"allow":["GET"]}}],"collection":[{"href":"https:\/\/candeebaar.ee\/fi\/wp-json\/wp\/v2\/product"}],"about":[{"href":"https:\/\/candeebaar.ee\/fi\/wp-json\/wp\/v2\/types\/product"}],"version-history":[{"count":1,"href":"https:\/\/candeebaar.ee\/fi\/wp-json\/wp\/v2\/product\/7335\/revisions"}],"predecessor-version":[{"id":7336,"href":"https:\/\/candeebaar.ee\/fi\/wp-json\/wp\/v2\/product\/7335\/revisions\/7336"}],"wp:featuredmedia":[{"embeddable":true,"href":"https:\/\/candeebaar.ee\/fi\/wp-json\/wp\/v2\/media\/7331"}],"wp:attachment":[{"href":"https:\/\/candeebaar.ee\/fi\/wp-json\/wp\/v2\/media?parent=7335"}],"wp:term":[{"taxonomy":"product_brand","embeddable":true,"href":"https:\/\/candeebaar.ee\/fi\/wp-json\/wp\/v2\/product_brand?post=7335"},{"taxonomy":"product_cat","embeddable":true,"href":"https:\/\/candeebaar.ee\/fi\/wp-json\/wp\/v2\/product_cat?post=7335"},{"taxonomy":"product_tag","embeddable":true,"href":"https:\/\/candeebaar.ee\/fi\/wp-json\/wp\/v2\/product_tag?post=7335"}],"curies":[{"name":"wp","href":"https:\/\/api.w.org\/{rel}","templated":true}]}}