{"id":7343,"date":"2024-12-31T20:14:15","date_gmt":"2024-12-31T20:14:15","guid":{"rendered":"https:\/\/storetest.ivi.ee\/product\/silicone-mold-cubes-17175cm\/"},"modified":"2025-02-11T17:01:24","modified_gmt":"2025-02-11T15:01:24","slug":"silikonimuottikuutiot-17175cm","status":"publish","type":"product","link":"https:\/\/candeebaar.ee\/fi\/kauppa\/silikonimuottikuutiot-17175cm\/","title":{"rendered":"Silikonimuotti &quot;Cubes&quot; 17*17*5cm"},"content":{"rendered":"<p>Muotti moussekakkuihin.<br \/>\nMateriaali: silikoni<br \/>\nK\u00e4ytt\u00f6l\u00e4mp\u00f6tila: -60 - 230\u00b0C<br \/>\nKakun koko: 17*17*5cm<\/p>","protected":false},"excerpt":{"rendered":"<p>Muotti moussekakkuihin. Materiaali: silikoni K\u00e4ytt\u00f6l\u00e4mp\u00f6tila: -60 - 230\u00b0C Kakun koko: 17*17*5cm<\/p>","protected":false},"featured_media":7330,"template":"","meta":{"_seopress_robots_primary_cat":"","_seopress_titles_title":"","_seopress_titles_desc":"","_seopress_robots_index":""},"product_brand":[],"product_cat":[15,118,123],"product_tag":[],"class_list":{"0":"post-7343","1":"product","2":"type-product","3":"status-publish","4":"has-post-thumbnail","6":"product_cat-all-products","7":"product_cat-silicone-and-plastic","8":"product_cat-geometry","10":"first","11":"instock","12":"taxable","13":"shipping-taxable","14":"purchasable","15":"product-type-simple"},"_links":{"self":[{"href":"https:\/\/candeebaar.ee\/fi\/wp-json\/wp\/v2\/product\/7343","targetHints":{"allow":["GET"]}}],"collection":[{"href":"https:\/\/candeebaar.ee\/fi\/wp-json\/wp\/v2\/product"}],"about":[{"href":"https:\/\/candeebaar.ee\/fi\/wp-json\/wp\/v2\/types\/product"}],"version-history":[{"count":1,"href":"https:\/\/candeebaar.ee\/fi\/wp-json\/wp\/v2\/product\/7343\/revisions"}],"predecessor-version":[{"id":7344,"href":"https:\/\/candeebaar.ee\/fi\/wp-json\/wp\/v2\/product\/7343\/revisions\/7344"}],"wp:featuredmedia":[{"embeddable":true,"href":"https:\/\/candeebaar.ee\/fi\/wp-json\/wp\/v2\/media\/7330"}],"wp:attachment":[{"href":"https:\/\/candeebaar.ee\/fi\/wp-json\/wp\/v2\/media?parent=7343"}],"wp:term":[{"taxonomy":"product_brand","embeddable":true,"href":"https:\/\/candeebaar.ee\/fi\/wp-json\/wp\/v2\/product_brand?post=7343"},{"taxonomy":"product_cat","embeddable":true,"href":"https:\/\/candeebaar.ee\/fi\/wp-json\/wp\/v2\/product_cat?post=7343"},{"taxonomy":"product_tag","embeddable":true,"href":"https:\/\/candeebaar.ee\/fi\/wp-json\/wp\/v2\/product_tag?post=7343"}],"curies":[{"name":"wp","href":"https:\/\/api.w.org\/{rel}","templated":true}]}}