{"id":7345,"date":"2024-12-31T20:14:15","date_gmt":"2024-12-31T20:14:15","guid":{"rendered":"https:\/\/storetest.ivi.ee\/product\/food-glitter-new-pearl-food-colours-20g\/"},"modified":"2026-04-08T15:26:53","modified_gmt":"2026-04-08T13:26:53","slug":"ruoka-glitter-uusi-helmi-elintarvikevarit-20g","status":"publish","type":"product","link":"https:\/\/candeebaar.ee\/fi\/kauppa\/ruoka-glitter-uusi-helmi-elintarvikevarit-20g\/","title":{"rendered":"Ruokakimalle &quot;NEW PEARL&quot; Ruokav\u00e4rit 20g"},"content":{"rendered":"<p>Ruoka glitterv\u00e4riaine, jolla on tiivis rakenne, helppo levitt\u00e4\u00e4 sek\u00e4 kuivana ett\u00e4 alkoholiin laimennettuna.<br \/>\nAnnostus: 0,1-0,21 TP3T tuotteen painosta<br \/>\nV\u00e4ri: helmi<br \/>\nKoostumus: E555, E530<br \/>\nPaino: 20g<br \/>\nS\u00e4ilyt\u00e4 viile\u00e4ss\u00e4 pime\u00e4ss\u00e4 paikassa.<br \/>\nValmistaja: Food Colours, Puola<\/p>","protected":false},"excerpt":{"rendered":"<p>Ruoka glitterv\u00e4riaine, jolla on tiivis rakenne, helppo levitt\u00e4\u00e4 sek\u00e4 kuivana ett\u00e4 alkoholiin laimennettuna. Annostus: 0,1-0,2% tuotteen painosta V\u00e4ri: helmi Koostumus: E555, E530 Paino: 20g S\u00e4ilyt\u00e4 viile\u00e4ss\u00e4 pime\u00e4ss\u00e4. Valmistaja: Food Colours, Puola<\/p>","protected":false},"featured_media":7347,"template":"","meta":{"_seopress_robots_primary_cat":"none","_seopress_titles_title":"","_seopress_titles_desc":"","_seopress_robots_index":""},"product_brand":[],"product_cat":[182,181,15,115],"product_tag":[],"class_list":{"0":"post-7345","1":"product","2":"type-product","3":"status-publish","4":"has-post-thumbnail","6":"product_cat-christmas","7":"product_cat-christmas-new-year","8":"product_cat-all-products","9":"product_cat-glitter","11":"first","12":"outofstock","13":"taxable","14":"shipping-taxable","15":"purchasable","16":"product-type-simple"},"_links":{"self":[{"href":"https:\/\/candeebaar.ee\/fi\/wp-json\/wp\/v2\/product\/7345","targetHints":{"allow":["GET"]}}],"collection":[{"href":"https:\/\/candeebaar.ee\/fi\/wp-json\/wp\/v2\/product"}],"about":[{"href":"https:\/\/candeebaar.ee\/fi\/wp-json\/wp\/v2\/types\/product"}],"version-history":[{"count":1,"href":"https:\/\/candeebaar.ee\/fi\/wp-json\/wp\/v2\/product\/7345\/revisions"}],"predecessor-version":[{"id":7346,"href":"https:\/\/candeebaar.ee\/fi\/wp-json\/wp\/v2\/product\/7345\/revisions\/7346"}],"wp:featuredmedia":[{"embeddable":true,"href":"https:\/\/candeebaar.ee\/fi\/wp-json\/wp\/v2\/media\/7347"}],"wp:attachment":[{"href":"https:\/\/candeebaar.ee\/fi\/wp-json\/wp\/v2\/media?parent=7345"}],"wp:term":[{"taxonomy":"product_brand","embeddable":true,"href":"https:\/\/candeebaar.ee\/fi\/wp-json\/wp\/v2\/product_brand?post=7345"},{"taxonomy":"product_cat","embeddable":true,"href":"https:\/\/candeebaar.ee\/fi\/wp-json\/wp\/v2\/product_cat?post=7345"},{"taxonomy":"product_tag","embeddable":true,"href":"https:\/\/candeebaar.ee\/fi\/wp-json\/wp\/v2\/product_tag?post=7345"}],"curies":[{"name":"wp","href":"https:\/\/api.w.org\/{rel}","templated":true}]}}