{"id":7354,"date":"2024-12-31T20:14:20","date_gmt":"2024-12-31T20:14:20","guid":{"rendered":"https:\/\/storetest.ivi.ee\/product\/paper-bag-with-window-110240mm-30pcs\/"},"modified":"2026-02-22T10:37:40","modified_gmt":"2026-02-22T08:37:40","slug":"paperipussi-ikkunalla-110240mm-30kpl","status":"publish","type":"product","link":"https:\/\/candeebaar.ee\/fi\/kauppa\/paperipussi-ikkunalla-110240mm-30kpl\/","title":{"rendered":"Paperipussi ikkunalla 110*240mm (30kpl)"},"content":{"rendered":"<p>Laukku leivonnaisille, yksinkertainen ja edullinen pakkausvaihtoehto. Ikkuna l\u00e4pin\u00e4kyv\u00e4st\u00e4 muovista.<br \/>\nV\u00e4ri: kraft<br \/>\nKoko: 110*240mm<br \/>\nSis\u00e4lt\u00e4\u00e4 30 kpl.<\/p>","protected":false},"excerpt":{"rendered":"<p>Laukku leivonnaisille, yksinkertainen ja edullinen pakkausvaihtoehto. Ikkuna l\u00e4pin\u00e4kyv\u00e4st\u00e4 muovista. V\u00e4ri: kraft Koko: 110*240mm Sis\u00e4lt\u00e4\u00e4 30kpl.<\/p>","protected":false},"featured_media":7356,"template":"","meta":{"_seopress_robots_primary_cat":"","_seopress_titles_title":"","_seopress_titles_desc":"","_seopress_robots_index":""},"product_brand":[],"product_cat":[15,95],"product_tag":[],"class_list":{"0":"post-7354","1":"product","2":"type-product","3":"status-publish","4":"has-post-thumbnail","6":"product_cat-all-products","7":"product_cat-plastic-and-paper-bags","9":"first","10":"instock","11":"taxable","12":"shipping-taxable","13":"purchasable","14":"product-type-simple"},"_links":{"self":[{"href":"https:\/\/candeebaar.ee\/fi\/wp-json\/wp\/v2\/product\/7354","targetHints":{"allow":["GET"]}}],"collection":[{"href":"https:\/\/candeebaar.ee\/fi\/wp-json\/wp\/v2\/product"}],"about":[{"href":"https:\/\/candeebaar.ee\/fi\/wp-json\/wp\/v2\/types\/product"}],"version-history":[{"count":1,"href":"https:\/\/candeebaar.ee\/fi\/wp-json\/wp\/v2\/product\/7354\/revisions"}],"predecessor-version":[{"id":7355,"href":"https:\/\/candeebaar.ee\/fi\/wp-json\/wp\/v2\/product\/7354\/revisions\/7355"}],"wp:featuredmedia":[{"embeddable":true,"href":"https:\/\/candeebaar.ee\/fi\/wp-json\/wp\/v2\/media\/7356"}],"wp:attachment":[{"href":"https:\/\/candeebaar.ee\/fi\/wp-json\/wp\/v2\/media?parent=7354"}],"wp:term":[{"taxonomy":"product_brand","embeddable":true,"href":"https:\/\/candeebaar.ee\/fi\/wp-json\/wp\/v2\/product_brand?post=7354"},{"taxonomy":"product_cat","embeddable":true,"href":"https:\/\/candeebaar.ee\/fi\/wp-json\/wp\/v2\/product_cat?post=7354"},{"taxonomy":"product_tag","embeddable":true,"href":"https:\/\/candeebaar.ee\/fi\/wp-json\/wp\/v2\/product_tag?post=7354"}],"curies":[{"name":"wp","href":"https:\/\/api.w.org\/{rel}","templated":true}]}}