{"id":7377,"date":"2024-12-31T20:14:20","date_gmt":"2024-12-31T20:14:20","guid":{"rendered":"https:\/\/storetest.ivi.ee\/product\/kraft-box-for-macarons-1655cm\/"},"modified":"2026-02-12T09:47:02","modified_gmt":"2026-02-12T07:47:02","slug":"kraft-laatikko-macaroneille-1655cm","status":"publish","type":"product","link":"https:\/\/candeebaar.ee\/fi\/kauppa\/kraft-laatikko-macaroneille-1655cm\/","title":{"rendered":"Kraft-laatikko macaroneille 16*5*5cm"},"content":{"rendered":"<p>Macarons-laatikko l\u00e4pin\u00e4kyv\u00e4ll\u00e4 kannella.<br \/>\nMateriaali: pahvi, muovi<br \/>\nKoko: 16*5*5cm<br \/>\nV\u00e4ri: kraft<\/p>","protected":false},"excerpt":{"rendered":"<p>Macarons-laatikko l\u00e4pin\u00e4kyv\u00e4ll\u00e4 kannella. Materiaali: pahvi, muovi Koko: 16*5*5cm V\u00e4ri: kraft<\/p>","protected":false},"featured_media":7372,"template":"","meta":{"_seopress_robots_primary_cat":"none","_seopress_titles_title":"","_seopress_titles_desc":"","_seopress_robots_index":""},"product_brand":[],"product_cat":[15,151],"product_tag":[],"class_list":{"0":"post-7377","1":"product","2":"type-product","3":"status-publish","4":"has-post-thumbnail","6":"product_cat-all-products","7":"product_cat-macaron","9":"first","10":"instock","11":"taxable","12":"shipping-taxable","13":"purchasable","14":"product-type-simple"},"_links":{"self":[{"href":"https:\/\/candeebaar.ee\/fi\/wp-json\/wp\/v2\/product\/7377","targetHints":{"allow":["GET"]}}],"collection":[{"href":"https:\/\/candeebaar.ee\/fi\/wp-json\/wp\/v2\/product"}],"about":[{"href":"https:\/\/candeebaar.ee\/fi\/wp-json\/wp\/v2\/types\/product"}],"version-history":[{"count":1,"href":"https:\/\/candeebaar.ee\/fi\/wp-json\/wp\/v2\/product\/7377\/revisions"}],"predecessor-version":[{"id":7378,"href":"https:\/\/candeebaar.ee\/fi\/wp-json\/wp\/v2\/product\/7377\/revisions\/7378"}],"wp:featuredmedia":[{"embeddable":true,"href":"https:\/\/candeebaar.ee\/fi\/wp-json\/wp\/v2\/media\/7372"}],"wp:attachment":[{"href":"https:\/\/candeebaar.ee\/fi\/wp-json\/wp\/v2\/media?parent=7377"}],"wp:term":[{"taxonomy":"product_brand","embeddable":true,"href":"https:\/\/candeebaar.ee\/fi\/wp-json\/wp\/v2\/product_brand?post=7377"},{"taxonomy":"product_cat","embeddable":true,"href":"https:\/\/candeebaar.ee\/fi\/wp-json\/wp\/v2\/product_cat?post=7377"},{"taxonomy":"product_tag","embeddable":true,"href":"https:\/\/candeebaar.ee\/fi\/wp-json\/wp\/v2\/product_tag?post=7377"}],"curies":[{"name":"wp","href":"https:\/\/api.w.org\/{rel}","templated":true}]}}