{"id":7382,"date":"2024-12-31T20:14:20","date_gmt":"2024-12-31T20:14:20","guid":{"rendered":"https:\/\/storetest.ivi.ee\/product\/kraft-box-for-macarons-1955cm\/"},"modified":"2026-03-05T06:06:16","modified_gmt":"2026-03-05T04:06:16","slug":"kraft-laatikko-macaroneille-1955cm","status":"publish","type":"product","link":"https:\/\/candeebaar.ee\/fi\/kauppa\/kraft-laatikko-macaroneille-1955cm\/","title":{"rendered":"Kraft-laatikko macaroneille 19*5*5cm"},"content":{"rendered":"<p>Macarons-laatikko l\u00e4pin\u00e4kyv\u00e4ll\u00e4 kannella.<br \/>\nMateriaali: pahvi, muovi<br \/>\nKoko: 19*5*5cm<br \/>\nV\u00e4ri: kraft<\/p>","protected":false},"excerpt":{"rendered":"<p>Macarons-laatikko l\u00e4pin\u00e4kyv\u00e4ll\u00e4 kannella. Materiaali: pahvi, muovi Koko: 19*5*5cm V\u00e4ri: kraft<\/p>","protected":false},"featured_media":7371,"template":"","meta":{"_seopress_robots_primary_cat":"","_seopress_titles_title":"","_seopress_titles_desc":"","_seopress_robots_index":""},"product_brand":[],"product_cat":[15,151],"product_tag":[],"class_list":{"0":"post-7382","1":"product","2":"type-product","3":"status-publish","4":"has-post-thumbnail","6":"product_cat-all-products","7":"product_cat-macaron","9":"first","10":"instock","11":"taxable","12":"shipping-taxable","13":"purchasable","14":"product-type-simple"},"_links":{"self":[{"href":"https:\/\/candeebaar.ee\/fi\/wp-json\/wp\/v2\/product\/7382","targetHints":{"allow":["GET"]}}],"collection":[{"href":"https:\/\/candeebaar.ee\/fi\/wp-json\/wp\/v2\/product"}],"about":[{"href":"https:\/\/candeebaar.ee\/fi\/wp-json\/wp\/v2\/types\/product"}],"version-history":[{"count":1,"href":"https:\/\/candeebaar.ee\/fi\/wp-json\/wp\/v2\/product\/7382\/revisions"}],"predecessor-version":[{"id":7383,"href":"https:\/\/candeebaar.ee\/fi\/wp-json\/wp\/v2\/product\/7382\/revisions\/7383"}],"wp:featuredmedia":[{"embeddable":true,"href":"https:\/\/candeebaar.ee\/fi\/wp-json\/wp\/v2\/media\/7371"}],"wp:attachment":[{"href":"https:\/\/candeebaar.ee\/fi\/wp-json\/wp\/v2\/media?parent=7382"}],"wp:term":[{"taxonomy":"product_brand","embeddable":true,"href":"https:\/\/candeebaar.ee\/fi\/wp-json\/wp\/v2\/product_brand?post=7382"},{"taxonomy":"product_cat","embeddable":true,"href":"https:\/\/candeebaar.ee\/fi\/wp-json\/wp\/v2\/product_cat?post=7382"},{"taxonomy":"product_tag","embeddable":true,"href":"https:\/\/candeebaar.ee\/fi\/wp-json\/wp\/v2\/product_tag?post=7382"}],"curies":[{"name":"wp","href":"https:\/\/api.w.org\/{rel}","templated":true}]}}