{"id":7399,"date":"2024-12-31T20:14:20","date_gmt":"2024-12-31T20:14:20","guid":{"rendered":"https:\/\/storetest.ivi.ee\/product\/isomalt-beneo-100g\/"},"modified":"2026-04-08T09:42:04","modified_gmt":"2026-04-08T07:42:04","slug":"isomalt-beneo-100g","status":"publish","type":"product","link":"https:\/\/candeebaar.ee\/fi\/kauppa\/isomalt-beneo-100g\/","title":{"rendered":"Isomalt &quot;Beneo&quot; 100g"},"content":{"rendered":"<p>Isomaltia k\u00e4ytet\u00e4\u00e4n karamellimassan valmistukseen.<br \/>\nSe ei muuta v\u00e4ri\u00e4 kuten tavallinen sokeri ja voidaan v\u00e4rj\u00e4t\u00e4.<br \/>\nKakkuihin voidaan luoda ep\u00e4tavallisia koristeita.<br \/>\nSulamisl\u00e4mp\u00f6tila 145 \u00b0C<br \/>\nKuumaa massaa k\u00e4ytett\u00e4ess\u00e4 tulee noudattaa varotoimia!<br \/>\nPaino: 100g<br \/>\n100g sis\u00e4lt\u00e4\u00e4: 100g hiilihydraatteja<br \/>\n0 rasvaa<br \/>\n0 proteiinia<br \/>\nKoostumus: isomalti E953<br \/>\nS\u00e4ilyvyys: katso. pakkaus<br \/>\nValmistaja: Beneo, Saksa<\/p>","protected":false},"excerpt":{"rendered":"<p>Isomaltia k\u00e4ytet\u00e4\u00e4n karamellimassan valmistukseen. Se ei muuta v\u00e4ri\u00e4 kuten tavallinen sokeri ja voidaan v\u00e4rj\u00e4t\u00e4. Kakkuihin voidaan luoda ep\u00e4tavallisia koristeita. Sulamisl\u00e4mp\u00f6tila 145\u00b0C Kuumaa massaa k\u00e4ytett\u00e4ess\u00e4 tulee noudattaa varotoimia! Paino: 100g 100g sis\u00e4lt\u00e4\u00e4: 100g hiilihydraatteja 0 rasvoja 0 proteiineja Koostumus: isomalti E953 S\u00e4ilyvyys: ks. pakkaus Valmistaja: [\u2026]<\/p>","protected":false},"featured_media":5074,"template":"","meta":{"_seopress_robots_primary_cat":"","_seopress_titles_title":"","_seopress_titles_desc":"","_seopress_robots_index":""},"product_brand":[],"product_cat":[182,181,15,102],"product_tag":[],"class_list":{"0":"post-7399","1":"product","2":"type-product","3":"status-publish","4":"has-post-thumbnail","6":"product_cat-christmas","7":"product_cat-christmas-new-year","8":"product_cat-all-products","9":"product_cat-sugars","11":"first","12":"instock","13":"taxable","14":"shipping-taxable","15":"purchasable","16":"product-type-simple"},"_links":{"self":[{"href":"https:\/\/candeebaar.ee\/fi\/wp-json\/wp\/v2\/product\/7399","targetHints":{"allow":["GET"]}}],"collection":[{"href":"https:\/\/candeebaar.ee\/fi\/wp-json\/wp\/v2\/product"}],"about":[{"href":"https:\/\/candeebaar.ee\/fi\/wp-json\/wp\/v2\/types\/product"}],"version-history":[{"count":1,"href":"https:\/\/candeebaar.ee\/fi\/wp-json\/wp\/v2\/product\/7399\/revisions"}],"predecessor-version":[{"id":7400,"href":"https:\/\/candeebaar.ee\/fi\/wp-json\/wp\/v2\/product\/7399\/revisions\/7400"}],"wp:featuredmedia":[{"embeddable":true,"href":"https:\/\/candeebaar.ee\/fi\/wp-json\/wp\/v2\/media\/5074"}],"wp:attachment":[{"href":"https:\/\/candeebaar.ee\/fi\/wp-json\/wp\/v2\/media?parent=7399"}],"wp:term":[{"taxonomy":"product_brand","embeddable":true,"href":"https:\/\/candeebaar.ee\/fi\/wp-json\/wp\/v2\/product_brand?post=7399"},{"taxonomy":"product_cat","embeddable":true,"href":"https:\/\/candeebaar.ee\/fi\/wp-json\/wp\/v2\/product_cat?post=7399"},{"taxonomy":"product_tag","embeddable":true,"href":"https:\/\/candeebaar.ee\/fi\/wp-json\/wp\/v2\/product_tag?post=7399"}],"curies":[{"name":"wp","href":"https:\/\/api.w.org\/{rel}","templated":true}]}}