{"id":7404,"date":"2024-12-31T20:14:20","date_gmt":"2024-12-31T20:14:20","guid":{"rendered":"https:\/\/storetest.ivi.ee\/product\/fat-soluble-dye-black-20g-food-colours\/"},"modified":"2026-04-14T19:47:38","modified_gmt":"2026-04-14T17:47:38","slug":"rasvaliukoinen-variaine-musta-20g-elintarvikevareja","status":"publish","type":"product","link":"https:\/\/candeebaar.ee\/fi\/kauppa\/rasvaliukoinen-variaine-musta-20g-elintarvikevareja\/","title":{"rendered":"Rasvaliukoinen Dye Black 20g elintarvikev\u00e4rej\u00e4"},"content":{"rendered":"<p>Rasvaliukoinen elintarvikev\u00e4ri, jota k\u00e4ytet\u00e4\u00e4n valkosuklaan ja muiden rasvapitoisten tuotteiden v\u00e4rj\u00e4\u00e4miseen, soveltuu my\u00f6s tavallisille massoille (mastiksi, kerma jne.)<br \/>\nPaino: 20g<br \/>\nKoostumus: elintarvikev\u00e4ri E172.<br \/>\nValmistaja: Food Colours, Puola<\/p>","protected":false},"excerpt":{"rendered":"<p>Rasvaliukoinen elintarvikev\u00e4ri, k\u00e4ytet\u00e4\u00e4n valkosuklaan ja muiden rasvapitoisten tuotteiden v\u00e4rj\u00e4\u00e4miseen, sopii my\u00f6s tavallisille massoille (mastiksi, kerma jne.) Paino: 20g Koostumus: elintarvikev\u00e4ri E172. Valmistaja: Food Colours, Puola<\/p>","protected":false},"featured_media":7406,"template":"","meta":{"_seopress_robots_primary_cat":"none","_seopress_titles_title":"","_seopress_titles_desc":"","_seopress_robots_index":""},"product_brand":[],"product_cat":[15,113],"product_tag":[],"class_list":{"0":"post-7404","1":"product","2":"type-product","3":"status-publish","4":"has-post-thumbnail","6":"product_cat-all-products","7":"product_cat-powder-fat-soluble","9":"first","10":"instock","11":"taxable","12":"shipping-taxable","13":"purchasable","14":"product-type-simple"},"_links":{"self":[{"href":"https:\/\/candeebaar.ee\/fi\/wp-json\/wp\/v2\/product\/7404","targetHints":{"allow":["GET"]}}],"collection":[{"href":"https:\/\/candeebaar.ee\/fi\/wp-json\/wp\/v2\/product"}],"about":[{"href":"https:\/\/candeebaar.ee\/fi\/wp-json\/wp\/v2\/types\/product"}],"version-history":[{"count":1,"href":"https:\/\/candeebaar.ee\/fi\/wp-json\/wp\/v2\/product\/7404\/revisions"}],"predecessor-version":[{"id":7405,"href":"https:\/\/candeebaar.ee\/fi\/wp-json\/wp\/v2\/product\/7404\/revisions\/7405"}],"wp:featuredmedia":[{"embeddable":true,"href":"https:\/\/candeebaar.ee\/fi\/wp-json\/wp\/v2\/media\/7406"}],"wp:attachment":[{"href":"https:\/\/candeebaar.ee\/fi\/wp-json\/wp\/v2\/media?parent=7404"}],"wp:term":[{"taxonomy":"product_brand","embeddable":true,"href":"https:\/\/candeebaar.ee\/fi\/wp-json\/wp\/v2\/product_brand?post=7404"},{"taxonomy":"product_cat","embeddable":true,"href":"https:\/\/candeebaar.ee\/fi\/wp-json\/wp\/v2\/product_cat?post=7404"},{"taxonomy":"product_tag","embeddable":true,"href":"https:\/\/candeebaar.ee\/fi\/wp-json\/wp\/v2\/product_tag?post=7404"}],"curies":[{"name":"wp","href":"https:\/\/api.w.org\/{rel}","templated":true}]}}