{"id":7423,"date":"2024-12-31T20:14:28","date_gmt":"2024-12-31T20:14:28","guid":{"rendered":"https:\/\/storetest.ivi.ee\/product\/metal-cooling-rack-4025cm\/"},"modified":"2025-08-06T23:17:20","modified_gmt":"2025-08-06T21:17:20","slug":"metallinen-jaahdytysteline-4025cm","status":"publish","type":"product","link":"https:\/\/candeebaar.ee\/fi\/kauppa\/metallinen-jaahdytysteline-4025cm\/","title":{"rendered":"Metallinen j\u00e4\u00e4hdytysteline 40*25cm"},"content":{"rendered":"<p>Metallinen j\u00e4\u00e4hdytysteline<br \/>\nKoko: 40,5*25 cm<br \/>\n1 kenno: 15*15mm<br \/>\nKorkeus: 2 cm<\/p>","protected":false},"excerpt":{"rendered":"<p>Metallinen j\u00e4\u00e4hdytysteline Koko: 40,5*25cm 1 kenno: 15*15mm Korkeus: 2cm<\/p>","protected":false},"featured_media":7425,"template":"","meta":{"_seopress_robots_primary_cat":"none","_seopress_titles_title":"","_seopress_titles_desc":"","_seopress_robots_index":""},"product_brand":[],"product_cat":[15,87,84],"product_tag":[],"class_list":{"0":"post-7423","1":"product","2":"type-product","3":"status-publish","4":"has-post-thumbnail","6":"product_cat-all-products","7":"product_cat-stands","8":"product_cat-tools","10":"first","11":"outofstock","12":"taxable","13":"shipping-taxable","14":"purchasable","15":"product-type-simple"},"_links":{"self":[{"href":"https:\/\/candeebaar.ee\/fi\/wp-json\/wp\/v2\/product\/7423","targetHints":{"allow":["GET"]}}],"collection":[{"href":"https:\/\/candeebaar.ee\/fi\/wp-json\/wp\/v2\/product"}],"about":[{"href":"https:\/\/candeebaar.ee\/fi\/wp-json\/wp\/v2\/types\/product"}],"version-history":[{"count":1,"href":"https:\/\/candeebaar.ee\/fi\/wp-json\/wp\/v2\/product\/7423\/revisions"}],"predecessor-version":[{"id":7424,"href":"https:\/\/candeebaar.ee\/fi\/wp-json\/wp\/v2\/product\/7423\/revisions\/7424"}],"wp:featuredmedia":[{"embeddable":true,"href":"https:\/\/candeebaar.ee\/fi\/wp-json\/wp\/v2\/media\/7425"}],"wp:attachment":[{"href":"https:\/\/candeebaar.ee\/fi\/wp-json\/wp\/v2\/media?parent=7423"}],"wp:term":[{"taxonomy":"product_brand","embeddable":true,"href":"https:\/\/candeebaar.ee\/fi\/wp-json\/wp\/v2\/product_brand?post=7423"},{"taxonomy":"product_cat","embeddable":true,"href":"https:\/\/candeebaar.ee\/fi\/wp-json\/wp\/v2\/product_cat?post=7423"},{"taxonomy":"product_tag","embeddable":true,"href":"https:\/\/candeebaar.ee\/fi\/wp-json\/wp\/v2\/product_tag?post=7423"}],"curies":[{"name":"wp","href":"https:\/\/api.w.org\/{rel}","templated":true}]}}