{"id":7426,"date":"2024-12-31T20:14:28","date_gmt":"2024-12-31T20:14:28","guid":{"rendered":"https:\/\/storetest.ivi.ee\/product\/tulip-for-cupcakes-red-50pcs\/"},"modified":"2025-04-02T07:30:28","modified_gmt":"2025-04-02T05:30:28","slug":"tulppaani-kuppikakkuihin-punainen-50-kpl","status":"publish","type":"product","link":"https:\/\/candeebaar.ee\/fi\/kauppa\/tulppaani-kuppikakkuihin-punainen-50-kpl\/","title":{"rendered":"Tulppaani kuppikakkuihin Punainen 50kpl"},"content":{"rendered":"<p>Paperista tulppaania k\u00e4ytet\u00e4\u00e4n j\u00e4lkiruokien kauniiseen esittelyyn.<br \/>\nKoko: 50x80mm<br \/>\nMateriaali: paperi<br \/>\nSis\u00e4lt\u00e4\u00e4 50 kpl (+-2 kpl)<br \/>\nV\u00e4ri: punainen<\/p>","protected":false},"excerpt":{"rendered":"<p>Paperista tulppaania k\u00e4ytet\u00e4\u00e4n j\u00e4lkiruokien kauniiseen esittelyyn. Koko: 50x80mm Materiaali: paperi Sis\u00e4lt\u00e4\u00e4 50kpl (+-2kpl) V\u00e4ri: punainen<\/p>","protected":false},"featured_media":7428,"template":"","meta":{"_seopress_robots_primary_cat":"none","_seopress_titles_title":"","_seopress_titles_desc":"","_seopress_robots_index":""},"product_brand":[],"product_cat":[15,90],"product_tag":[],"class_list":{"0":"post-7426","1":"product","2":"type-product","3":"status-publish","4":"has-post-thumbnail","6":"product_cat-all-products","7":"product_cat-paper-cups-and-tulips","9":"first","10":"outofstock","11":"taxable","12":"shipping-taxable","13":"purchasable","14":"product-type-simple"},"_links":{"self":[{"href":"https:\/\/candeebaar.ee\/fi\/wp-json\/wp\/v2\/product\/7426","targetHints":{"allow":["GET"]}}],"collection":[{"href":"https:\/\/candeebaar.ee\/fi\/wp-json\/wp\/v2\/product"}],"about":[{"href":"https:\/\/candeebaar.ee\/fi\/wp-json\/wp\/v2\/types\/product"}],"version-history":[{"count":1,"href":"https:\/\/candeebaar.ee\/fi\/wp-json\/wp\/v2\/product\/7426\/revisions"}],"predecessor-version":[{"id":7427,"href":"https:\/\/candeebaar.ee\/fi\/wp-json\/wp\/v2\/product\/7426\/revisions\/7427"}],"wp:featuredmedia":[{"embeddable":true,"href":"https:\/\/candeebaar.ee\/fi\/wp-json\/wp\/v2\/media\/7428"}],"wp:attachment":[{"href":"https:\/\/candeebaar.ee\/fi\/wp-json\/wp\/v2\/media?parent=7426"}],"wp:term":[{"taxonomy":"product_brand","embeddable":true,"href":"https:\/\/candeebaar.ee\/fi\/wp-json\/wp\/v2\/product_brand?post=7426"},{"taxonomy":"product_cat","embeddable":true,"href":"https:\/\/candeebaar.ee\/fi\/wp-json\/wp\/v2\/product_cat?post=7426"},{"taxonomy":"product_tag","embeddable":true,"href":"https:\/\/candeebaar.ee\/fi\/wp-json\/wp\/v2\/product_tag?post=7426"}],"curies":[{"name":"wp","href":"https:\/\/api.w.org\/{rel}","templated":true}]}}