{"id":7432,"date":"2024-12-31T20:14:28","date_gmt":"2024-12-31T20:14:28","guid":{"rendered":"https:\/\/storetest.ivi.ee\/product\/blue-dessert-stand-32cm\/"},"modified":"2025-01-13T14:57:36","modified_gmt":"2025-01-13T12:57:36","slug":"sininen-jalkiruokateline-32cm","status":"publish","type":"product","link":"https:\/\/candeebaar.ee\/fi\/kauppa\/sininen-jalkiruokateline-32cm\/","title":{"rendered":"Sininen j\u00e4lkiruokateline 32cm"},"content":{"rendered":"<p>Kaunis jalusta tihe\u00e4st\u00e4 laminoidusta kartongista.<br \/>\nHelppo koota ja purkaa.<br \/>\nKorkeus: 32 cm<br \/>\nTasot: 30 cm, 24 cm, 18 cm<br \/>\nV\u00e4ri: sininen<\/p>","protected":false},"excerpt":{"rendered":"<p>Kaunis jalusta tihe\u00e4st\u00e4 laminoidusta kartongista. Helppo koota ja purkaa. Korkeus: 32 cm Tasot: 30 cm, 24 cm, 18 cm V\u00e4ri: sininen<\/p>","protected":false},"featured_media":7434,"template":"","meta":{"_seopress_robots_primary_cat":"","_seopress_titles_title":"","_seopress_titles_desc":"","_seopress_robots_index":""},"product_brand":[],"product_cat":[15,87],"product_tag":[],"class_list":{"0":"post-7432","1":"product","2":"type-product","3":"status-publish","4":"has-post-thumbnail","6":"product_cat-all-products","7":"product_cat-stands","9":"first","10":"instock","11":"taxable","12":"shipping-taxable","13":"purchasable","14":"product-type-simple"},"_links":{"self":[{"href":"https:\/\/candeebaar.ee\/fi\/wp-json\/wp\/v2\/product\/7432","targetHints":{"allow":["GET"]}}],"collection":[{"href":"https:\/\/candeebaar.ee\/fi\/wp-json\/wp\/v2\/product"}],"about":[{"href":"https:\/\/candeebaar.ee\/fi\/wp-json\/wp\/v2\/types\/product"}],"version-history":[{"count":1,"href":"https:\/\/candeebaar.ee\/fi\/wp-json\/wp\/v2\/product\/7432\/revisions"}],"predecessor-version":[{"id":7433,"href":"https:\/\/candeebaar.ee\/fi\/wp-json\/wp\/v2\/product\/7432\/revisions\/7433"}],"wp:featuredmedia":[{"embeddable":true,"href":"https:\/\/candeebaar.ee\/fi\/wp-json\/wp\/v2\/media\/7434"}],"wp:attachment":[{"href":"https:\/\/candeebaar.ee\/fi\/wp-json\/wp\/v2\/media?parent=7432"}],"wp:term":[{"taxonomy":"product_brand","embeddable":true,"href":"https:\/\/candeebaar.ee\/fi\/wp-json\/wp\/v2\/product_brand?post=7432"},{"taxonomy":"product_cat","embeddable":true,"href":"https:\/\/candeebaar.ee\/fi\/wp-json\/wp\/v2\/product_cat?post=7432"},{"taxonomy":"product_tag","embeddable":true,"href":"https:\/\/candeebaar.ee\/fi\/wp-json\/wp\/v2\/product_tag?post=7432"}],"curies":[{"name":"wp","href":"https:\/\/api.w.org\/{rel}","templated":true}]}}