{"id":7462,"date":"2024-12-31T20:14:34","date_gmt":"2024-12-31T20:14:34","guid":{"rendered":"https:\/\/storetest.ivi.ee\/product\/cupcake-baking-mold-50pcs-gold\/"},"modified":"2026-03-31T12:11:06","modified_gmt":"2026-03-31T10:11:06","slug":"cupcake-leivontamuotti-50-kpl-kultaa","status":"publish","type":"product","link":"https:\/\/candeebaar.ee\/fi\/kauppa\/cupcake-leivontamuotti-50-kpl-kultaa\/","title":{"rendered":"Cupcake leivontamuotti 50 kpl &quot;Gold&quot;"},"content":{"rendered":"<p>Paperinen l\u00e4mm\u00f6nkest\u00e4v\u00e4 muotti on t\u00e4ydellinen kuppikakkujen leivontaan. S\u00e4ilytt\u00e4\u00e4 muotonsa eik\u00e4 vaadi ylim\u00e4\u00e4r\u00e4ist\u00e4 metallipohjaa k\u00e4pristyneen yl\u00e4reunan ansiosta.<br \/>\nPohjan halkaisija: 5 cm<br \/>\nYl\u00e4osan halkaisija: 6,8 cm<br \/>\nKorkeus: 3,8 cm<br \/>\nV\u00e4ri: kulta<br \/>\n50 kpl:n pakkaus (+-2 kpl).<\/p>","protected":false},"excerpt":{"rendered":"<p>Paperinen kuumuutta kest\u00e4v\u00e4 vuoka sopii t\u00e4ydellisesti kuppikakkujen leivontaan. S\u00e4ilytt\u00e4\u00e4 muotonsa eik\u00e4 vaadi erillist\u00e4 metallipohjaa kierretyn yl\u00e4reunan ansiosta. Pohjan halkaisija: 5 cm Yl\u00e4osan halkaisija: 6,8 cm Korkeus: 3,8 cm V\u00e4ri: kulta 50 kpl:n pakkaus (+-2 kpl).<\/p>","protected":false},"featured_media":7464,"template":"","meta":{"_seopress_robots_primary_cat":"none","_seopress_titles_title":"","_seopress_titles_desc":"","_seopress_robots_index":""},"product_brand":[],"product_cat":[182,181,15,117,90],"product_tag":[],"class_list":{"0":"post-7462","1":"product","2":"type-product","3":"status-publish","4":"has-post-thumbnail","6":"product_cat-christmas","7":"product_cat-christmas-new-year","8":"product_cat-all-products","9":"product_cat-paper","10":"product_cat-paper-cups-and-tulips","12":"first","13":"instock","14":"taxable","15":"shipping-taxable","16":"purchasable","17":"product-type-simple"},"_links":{"self":[{"href":"https:\/\/candeebaar.ee\/fi\/wp-json\/wp\/v2\/product\/7462","targetHints":{"allow":["GET"]}}],"collection":[{"href":"https:\/\/candeebaar.ee\/fi\/wp-json\/wp\/v2\/product"}],"about":[{"href":"https:\/\/candeebaar.ee\/fi\/wp-json\/wp\/v2\/types\/product"}],"version-history":[{"count":3,"href":"https:\/\/candeebaar.ee\/fi\/wp-json\/wp\/v2\/product\/7462\/revisions"}],"predecessor-version":[{"id":14870,"href":"https:\/\/candeebaar.ee\/fi\/wp-json\/wp\/v2\/product\/7462\/revisions\/14870"}],"wp:featuredmedia":[{"embeddable":true,"href":"https:\/\/candeebaar.ee\/fi\/wp-json\/wp\/v2\/media\/7464"}],"wp:attachment":[{"href":"https:\/\/candeebaar.ee\/fi\/wp-json\/wp\/v2\/media?parent=7462"}],"wp:term":[{"taxonomy":"product_brand","embeddable":true,"href":"https:\/\/candeebaar.ee\/fi\/wp-json\/wp\/v2\/product_brand?post=7462"},{"taxonomy":"product_cat","embeddable":true,"href":"https:\/\/candeebaar.ee\/fi\/wp-json\/wp\/v2\/product_cat?post=7462"},{"taxonomy":"product_tag","embeddable":true,"href":"https:\/\/candeebaar.ee\/fi\/wp-json\/wp\/v2\/product_tag?post=7462"}],"curies":[{"name":"wp","href":"https:\/\/api.w.org\/{rel}","templated":true}]}}