{"id":7468,"date":"2024-12-31T20:14:34","date_gmt":"2024-12-31T20:14:34","guid":{"rendered":"https:\/\/storetest.ivi.ee\/product\/burger-box-for-bento-cake-1410cm\/"},"modified":"2026-04-08T06:57:39","modified_gmt":"2026-04-08T04:57:39","slug":"hampurilainen-laatikko-bentokakulle-1410cm","status":"publish","type":"product","link":"https:\/\/candeebaar.ee\/fi\/kauppa\/hampurilainen-laatikko-bentokakulle-1410cm\/","title":{"rendered":"Burger laatikko bentokakulle 14*10cm"},"content":{"rendered":"<p>Burger-laatikko bentokakulle.<br \/>\nPohja \u2013 pahvia, kansi \u2013 l\u00e4pin\u00e4kyv\u00e4\u00e4 muovia.<br \/>\nPohja: 14*14cm, kokonaiskorkeus: 10cm<br \/>\nKakun halkaisija: ~12cm<\/p>","protected":false},"excerpt":{"rendered":"<p>Burger-laatikko bentokakulle. Pohja \u2013 pahvia, kansi \u2013 l\u00e4pin\u00e4kyv\u00e4\u00e4 muovia. Pohja: 14*14cm, kokonaiskorkeus: 10cm Kakun halkaisija: ~12cm<\/p>","protected":false},"featured_media":7470,"template":"","meta":{"_seopress_robots_primary_cat":"none","_seopress_titles_title":"","_seopress_titles_desc":"","_seopress_robots_index":""},"product_brand":[],"product_cat":[15,129],"product_tag":[],"class_list":{"0":"post-7468","1":"product","2":"type-product","3":"status-publish","4":"has-post-thumbnail","6":"product_cat-all-products","7":"product_cat-small-and-bento-size","9":"first","10":"instock","11":"taxable","12":"shipping-taxable","13":"purchasable","14":"product-type-simple"},"_links":{"self":[{"href":"https:\/\/candeebaar.ee\/fi\/wp-json\/wp\/v2\/product\/7468","targetHints":{"allow":["GET"]}}],"collection":[{"href":"https:\/\/candeebaar.ee\/fi\/wp-json\/wp\/v2\/product"}],"about":[{"href":"https:\/\/candeebaar.ee\/fi\/wp-json\/wp\/v2\/types\/product"}],"version-history":[{"count":1,"href":"https:\/\/candeebaar.ee\/fi\/wp-json\/wp\/v2\/product\/7468\/revisions"}],"predecessor-version":[{"id":7469,"href":"https:\/\/candeebaar.ee\/fi\/wp-json\/wp\/v2\/product\/7468\/revisions\/7469"}],"wp:featuredmedia":[{"embeddable":true,"href":"https:\/\/candeebaar.ee\/fi\/wp-json\/wp\/v2\/media\/7470"}],"wp:attachment":[{"href":"https:\/\/candeebaar.ee\/fi\/wp-json\/wp\/v2\/media?parent=7468"}],"wp:term":[{"taxonomy":"product_brand","embeddable":true,"href":"https:\/\/candeebaar.ee\/fi\/wp-json\/wp\/v2\/product_brand?post=7468"},{"taxonomy":"product_cat","embeddable":true,"href":"https:\/\/candeebaar.ee\/fi\/wp-json\/wp\/v2\/product_cat?post=7468"},{"taxonomy":"product_tag","embeddable":true,"href":"https:\/\/candeebaar.ee\/fi\/wp-json\/wp\/v2\/product_tag?post=7468"}],"curies":[{"name":"wp","href":"https:\/\/api.w.org\/{rel}","templated":true}]}}