{"id":7492,"date":"2024-12-31T20:14:34","date_gmt":"2024-12-31T20:14:34","guid":{"rendered":"https:\/\/storetest.ivi.ee\/product\/white-cake-base-20cm3mm\/"},"modified":"2026-03-13T23:30:03","modified_gmt":"2026-03-13T21:30:03","slug":"valkoinen-kakun-pohja-20cm3mm","status":"publish","type":"product","link":"https:\/\/candeebaar.ee\/fi\/kauppa\/valkoinen-kakun-pohja-20cm3mm\/","title":{"rendered":"Valkoinen kakkulauta 20cm*3mm"},"content":{"rendered":"<p>Py\u00f6re\u00e4 pohja tiivist\u00e4 vahvistetusta kartongista, kosteutta ja rasvaa hylkiv\u00e4.<br \/>\nV\u00e4ri: valkoinen<br \/>\nHalkaisija: 198mm<br \/>\nPaksuus: 3mm<\/p>","protected":false},"excerpt":{"rendered":"<p>Py\u00f6re\u00e4 pohja tiivist\u00e4 vahvistetusta kartongista, kosteutta ja rasvaa hylkiv\u00e4. V\u00e4ri: valkoinen Halkaisija: 198mm Paksuus: 3mm<\/p>","protected":false},"featured_media":7250,"template":"","meta":{"_seopress_robots_primary_cat":"none","_seopress_titles_title":"","_seopress_titles_desc":"","_seopress_robots_index":""},"product_brand":[],"product_cat":[15,141],"product_tag":[],"class_list":{"0":"post-7492","1":"product","2":"type-product","3":"status-publish","4":"has-post-thumbnail","6":"product_cat-all-products","7":"product_cat-20cm","9":"first","10":"outofstock","11":"taxable","12":"shipping-taxable","13":"purchasable","14":"product-type-simple"},"_links":{"self":[{"href":"https:\/\/candeebaar.ee\/fi\/wp-json\/wp\/v2\/product\/7492","targetHints":{"allow":["GET"]}}],"collection":[{"href":"https:\/\/candeebaar.ee\/fi\/wp-json\/wp\/v2\/product"}],"about":[{"href":"https:\/\/candeebaar.ee\/fi\/wp-json\/wp\/v2\/types\/product"}],"version-history":[{"count":2,"href":"https:\/\/candeebaar.ee\/fi\/wp-json\/wp\/v2\/product\/7492\/revisions"}],"predecessor-version":[{"id":9114,"href":"https:\/\/candeebaar.ee\/fi\/wp-json\/wp\/v2\/product\/7492\/revisions\/9114"}],"wp:featuredmedia":[{"embeddable":true,"href":"https:\/\/candeebaar.ee\/fi\/wp-json\/wp\/v2\/media\/7250"}],"wp:attachment":[{"href":"https:\/\/candeebaar.ee\/fi\/wp-json\/wp\/v2\/media?parent=7492"}],"wp:term":[{"taxonomy":"product_brand","embeddable":true,"href":"https:\/\/candeebaar.ee\/fi\/wp-json\/wp\/v2\/product_brand?post=7492"},{"taxonomy":"product_cat","embeddable":true,"href":"https:\/\/candeebaar.ee\/fi\/wp-json\/wp\/v2\/product_cat?post=7492"},{"taxonomy":"product_tag","embeddable":true,"href":"https:\/\/candeebaar.ee\/fi\/wp-json\/wp\/v2\/product_tag?post=7492"}],"curies":[{"name":"wp","href":"https:\/\/api.w.org\/{rel}","templated":true}]}}