{"id":7494,"date":"2024-12-31T20:14:34","date_gmt":"2024-12-31T20:14:34","guid":{"rendered":"https:\/\/storetest.ivi.ee\/product\/fat-soluble-blue-dye-20g-food-colours\/"},"modified":"2026-03-11T23:15:06","modified_gmt":"2026-03-11T21:15:06","slug":"rasvaliukoinen-sininen-variaine-20g-elintarvikevaria","status":"publish","type":"product","link":"https:\/\/candeebaar.ee\/fi\/kauppa\/rasvaliukoinen-sininen-variaine-20g-elintarvikevaria\/","title":{"rendered":"Rasvaliukoinen Blue Dye 20g elintarvikev\u00e4rej\u00e4"},"content":{"rendered":"<p>Rasvaliukoinen elintarvikev\u00e4ri, jota k\u00e4ytet\u00e4\u00e4n valkosuklaan ja muiden rasvaa sis\u00e4lt\u00e4vien tuotteiden v\u00e4rj\u00e4\u00e4miseen.<br \/>\nPaino: 10g<br \/>\nKoostumus: elintarvikev\u00e4ri E133 (voi vaikuttaa negatiivisesti lasten aktiivisuuteen ja tarkkaavaisuuteen).<br \/>\nValmistaja: Food Colours, Puola<\/p>","protected":false},"excerpt":{"rendered":"<p>Rasvaliukoinen elintarvikev\u00e4ri, jota k\u00e4ytet\u00e4\u00e4n valkosuklaan ja muiden rasvaa sis\u00e4lt\u00e4vien tuotteiden v\u00e4rj\u00e4\u00e4miseen. Paino: 10g Koostumus: elintarvikev\u00e4ri E133 (voi vaikuttaa negatiivisesti lasten aktiivisuuteen ja huomiokykyyn). Valmistaja: Food Colours, Puola<\/p>","protected":false},"featured_media":7496,"template":"","meta":{"_seopress_robots_primary_cat":"","_seopress_titles_title":"","_seopress_titles_desc":"","_seopress_robots_index":""},"product_brand":[],"product_cat":[15,113],"product_tag":[],"class_list":{"0":"post-7494","1":"product","2":"type-product","3":"status-publish","4":"has-post-thumbnail","6":"product_cat-all-products","7":"product_cat-powder-fat-soluble","9":"first","10":"instock","11":"taxable","12":"shipping-taxable","13":"purchasable","14":"product-type-simple"},"_links":{"self":[{"href":"https:\/\/candeebaar.ee\/fi\/wp-json\/wp\/v2\/product\/7494","targetHints":{"allow":["GET"]}}],"collection":[{"href":"https:\/\/candeebaar.ee\/fi\/wp-json\/wp\/v2\/product"}],"about":[{"href":"https:\/\/candeebaar.ee\/fi\/wp-json\/wp\/v2\/types\/product"}],"version-history":[{"count":1,"href":"https:\/\/candeebaar.ee\/fi\/wp-json\/wp\/v2\/product\/7494\/revisions"}],"predecessor-version":[{"id":7495,"href":"https:\/\/candeebaar.ee\/fi\/wp-json\/wp\/v2\/product\/7494\/revisions\/7495"}],"wp:featuredmedia":[{"embeddable":true,"href":"https:\/\/candeebaar.ee\/fi\/wp-json\/wp\/v2\/media\/7496"}],"wp:attachment":[{"href":"https:\/\/candeebaar.ee\/fi\/wp-json\/wp\/v2\/media?parent=7494"}],"wp:term":[{"taxonomy":"product_brand","embeddable":true,"href":"https:\/\/candeebaar.ee\/fi\/wp-json\/wp\/v2\/product_brand?post=7494"},{"taxonomy":"product_cat","embeddable":true,"href":"https:\/\/candeebaar.ee\/fi\/wp-json\/wp\/v2\/product_cat?post=7494"},{"taxonomy":"product_tag","embeddable":true,"href":"https:\/\/candeebaar.ee\/fi\/wp-json\/wp\/v2\/product_tag?post=7494"}],"curies":[{"name":"wp","href":"https:\/\/api.w.org\/{rel}","templated":true}]}}