{"id":7505,"date":"2024-12-31T20:14:34","date_gmt":"2024-12-31T20:14:34","guid":{"rendered":"https:\/\/storetest.ivi.ee\/product\/gift-box-for-cake-303025cm-white-transparent\/"},"modified":"2026-04-06T16:12:07","modified_gmt":"2026-04-06T14:12:07","slug":"lahjarasia-kakulle-303025cm-valkoinen-lapinakyva","status":"publish","type":"product","link":"https:\/\/candeebaar.ee\/fi\/kauppa\/lahjarasia-kakulle-303025cm-valkoinen-lapinakyva\/","title":{"rendered":"Lahjarasia kakulle 30*30*25cm valkoinen\/l\u00e4pin\u00e4kyv\u00e4"},"content":{"rendered":"<p>Lahjarasia kakulle l\u00e4pin\u00e4kyv\u00e4ll\u00e4 rungolla, mahdollistaa kakun esittelyn parhaalla mahdollisella tavalla!<br \/>\nLaatikko koostuu 3 osasta.<br \/>\nPohja: luotettava alusta, korkeus 12mm, valmiiksi koottu, j\u00e4ykk\u00e4 rakenne, valmistettu valkoisesta laminoidusta pahvista.<br \/>\nSivuosa: l\u00e4pin\u00e4kyv\u00e4 muovi, helppo koota, suojakalvo molemmilla puolilla (kalvo on poistettava ennen kokoamista t\u00e4ydellisen kunnon s\u00e4ilytt\u00e4miseksi).<br \/>\nKansi: valkoinen pahvi, vaatii keskikokoisen asennuksen.<br \/>\nLaatikon koko: 30*30*25cm<br \/>\nTy\u00f6koko: 295*295*235mm<br \/>\nLaatikon joustavuus mahdollistaa joko 295 mm tai 300 mm pohjan k\u00e4yt\u00f6n.<\/p>","protected":false},"excerpt":{"rendered":"<p>Lahjarasia kakulle l\u00e4pin\u00e4kyv\u00e4ll\u00e4 rungolla, mahdollistaa kakun esittelyn parhaalla mahdollisella tavalla! Laatikko koostuu 3 osasta. Pohja: luotettava alusta, korkeus 12mm, valmiiksi koottu, j\u00e4ykk\u00e4 rakenne, valmistettu valkoisesta laminoidusta pahvista. Sivuosa: l\u00e4pin\u00e4kyv\u00e4 muovi, helppo koota, suojakalvo molemmissa [\u2026]<\/p>","protected":false},"featured_media":7507,"template":"","meta":{"_seopress_robots_primary_cat":"none","_seopress_titles_title":"","_seopress_titles_desc":"","_seopress_robots_index":""},"product_brand":[],"product_cat":[15,134,136,93,109],"product_tag":[],"class_list":{"0":"post-7505","1":"product","2":"type-product","3":"status-publish","4":"has-post-thumbnail","6":"product_cat-all-products","7":"product_cat-30cm-base","8":"product_cat-tall-cake-boxes-h25cm","9":"product_cat-gift-packaging","10":"product_cat-sale","12":"first","13":"instock","14":"sale","15":"taxable","16":"shipping-taxable","17":"purchasable","18":"product-type-simple"},"_links":{"self":[{"href":"https:\/\/candeebaar.ee\/fi\/wp-json\/wp\/v2\/product\/7505","targetHints":{"allow":["GET"]}}],"collection":[{"href":"https:\/\/candeebaar.ee\/fi\/wp-json\/wp\/v2\/product"}],"about":[{"href":"https:\/\/candeebaar.ee\/fi\/wp-json\/wp\/v2\/types\/product"}],"version-history":[{"count":1,"href":"https:\/\/candeebaar.ee\/fi\/wp-json\/wp\/v2\/product\/7505\/revisions"}],"predecessor-version":[{"id":7506,"href":"https:\/\/candeebaar.ee\/fi\/wp-json\/wp\/v2\/product\/7505\/revisions\/7506"}],"wp:featuredmedia":[{"embeddable":true,"href":"https:\/\/candeebaar.ee\/fi\/wp-json\/wp\/v2\/media\/7507"}],"wp:attachment":[{"href":"https:\/\/candeebaar.ee\/fi\/wp-json\/wp\/v2\/media?parent=7505"}],"wp:term":[{"taxonomy":"product_brand","embeddable":true,"href":"https:\/\/candeebaar.ee\/fi\/wp-json\/wp\/v2\/product_brand?post=7505"},{"taxonomy":"product_cat","embeddable":true,"href":"https:\/\/candeebaar.ee\/fi\/wp-json\/wp\/v2\/product_cat?post=7505"},{"taxonomy":"product_tag","embeddable":true,"href":"https:\/\/candeebaar.ee\/fi\/wp-json\/wp\/v2\/product_tag?post=7505"}],"curies":[{"name":"wp","href":"https:\/\/api.w.org\/{rel}","templated":true}]}}