{"id":7509,"date":"2024-12-31T20:14:34","date_gmt":"2024-12-31T20:14:34","guid":{"rendered":"https:\/\/storetest.ivi.ee\/product\/gift-box-for-cake-303040cm-white-transparent\/"},"modified":"2026-04-08T09:42:04","modified_gmt":"2026-04-08T07:42:04","slug":"lahjarasia-kakulle-303040cm-valkoinen-lapinakyva","status":"publish","type":"product","link":"https:\/\/candeebaar.ee\/fi\/kauppa\/lahjarasia-kakulle-303040cm-valkoinen-lapinakyva\/","title":{"rendered":"Lahjarasia kakulle 30*30*40cm valkoinen\/l\u00e4pin\u00e4kyv\u00e4"},"content":{"rendered":"<p>Kakun lahjarasia l\u00e4pin\u00e4kyv\u00e4ll\u00e4 rungolla mahdollistaa kakun esittelyn parhaalla mahdollisella tavalla!<br \/>\nLaatikko koostuu 3 osasta.<br \/>\nPohja: luotettava alusta, jonka korkeus on 12 mm, valmiiksi koottu, j\u00e4ykk\u00e4 rakenne, valmistettu valkoisesta laminoidusta pahvista.<br \/>\nSivuosa: l\u00e4pin\u00e4kyv\u00e4 muovi, helppo koota, suojakalvo molemmilla puolilla (kalvo on poistettava ennen kokoamista t\u00e4ydellisen kunnon s\u00e4ilytt\u00e4miseksi).<br \/>\nKansi: valkoinen pahvi, vaatii keskikokoisen asennuksen.<br \/>\nLaatikon koko: 30*30*40cm<br \/>\nTy\u00f6koko: 295*295*385mm<br \/>\nLaatikon joustavuus mahdollistaa joko 295 mm tai 300 mm pohjan k\u00e4yt\u00f6n.<\/p>","protected":false},"excerpt":{"rendered":"<p>Kakun lahjarasia l\u00e4pin\u00e4kyv\u00e4ll\u00e4 rungolla mahdollistaa kakun esittelyn parhaalla mahdollisella tavalla! Laatikko koostuu 3 osasta. Pohja: luotettava alusta, jonka korkeus on 12 mm, valmiiksi koottu, j\u00e4ykk\u00e4 rakenne, valmistettu valkoisesta laminoidusta pahvista. Sivuosa: l\u00e4pin\u00e4kyv\u00e4 muovi, helppo koota, suojaa [\u2026]<\/p>","protected":false},"featured_media":7508,"template":"","meta":{"_seopress_robots_primary_cat":"none","_seopress_titles_title":"","_seopress_titles_desc":"","_seopress_robots_index":""},"product_brand":[],"product_cat":[180,15,134,136,93],"product_tag":[],"class_list":{"0":"post-7509","1":"product","2":"type-product","3":"status-publish","4":"has-post-thumbnail","6":"product_cat-wedding-products","7":"product_cat-all-products","8":"product_cat-30cm-base","9":"product_cat-tall-cake-boxes-h25cm","10":"product_cat-gift-packaging","12":"first","13":"instock","14":"taxable","15":"shipping-taxable","16":"purchasable","17":"product-type-simple"},"_links":{"self":[{"href":"https:\/\/candeebaar.ee\/fi\/wp-json\/wp\/v2\/product\/7509","targetHints":{"allow":["GET"]}}],"collection":[{"href":"https:\/\/candeebaar.ee\/fi\/wp-json\/wp\/v2\/product"}],"about":[{"href":"https:\/\/candeebaar.ee\/fi\/wp-json\/wp\/v2\/types\/product"}],"version-history":[{"count":1,"href":"https:\/\/candeebaar.ee\/fi\/wp-json\/wp\/v2\/product\/7509\/revisions"}],"predecessor-version":[{"id":7510,"href":"https:\/\/candeebaar.ee\/fi\/wp-json\/wp\/v2\/product\/7509\/revisions\/7510"}],"wp:featuredmedia":[{"embeddable":true,"href":"https:\/\/candeebaar.ee\/fi\/wp-json\/wp\/v2\/media\/7508"}],"wp:attachment":[{"href":"https:\/\/candeebaar.ee\/fi\/wp-json\/wp\/v2\/media?parent=7509"}],"wp:term":[{"taxonomy":"product_brand","embeddable":true,"href":"https:\/\/candeebaar.ee\/fi\/wp-json\/wp\/v2\/product_brand?post=7509"},{"taxonomy":"product_cat","embeddable":true,"href":"https:\/\/candeebaar.ee\/fi\/wp-json\/wp\/v2\/product_cat?post=7509"},{"taxonomy":"product_tag","embeddable":true,"href":"https:\/\/candeebaar.ee\/fi\/wp-json\/wp\/v2\/product_tag?post=7509"}],"curies":[{"name":"wp","href":"https:\/\/api.w.org\/{rel}","templated":true}]}}