{"id":7515,"date":"2024-12-31T20:14:40","date_gmt":"2024-12-31T20:14:40","guid":{"rendered":"https:\/\/storetest.ivi.ee\/product\/gift-box-for-cake-171720cm-white-transparent\/"},"modified":"2026-03-31T12:30:26","modified_gmt":"2026-03-31T10:30:26","slug":"lahjarasia-kakulle-171720cm-valkoinen-lapinakyva","status":"publish","type":"product","link":"https:\/\/candeebaar.ee\/fi\/kauppa\/lahjarasia-kakulle-171720cm-valkoinen-lapinakyva\/","title":{"rendered":"Lahjarasia kakulle 17*17*20cm valkoinen\/l\u00e4pin\u00e4kyv\u00e4"},"content":{"rendered":"<p>Lahjarasia kakulle l\u00e4pin\u00e4kyv\u00e4ll\u00e4 rungolla, mahdollistaa kakun esittelyn parhaalla mahdollisella tavalla!<br \/>\nLaatikko koostuu 3 osasta.<br \/>\nPohja: luotettava alusta, jonka korkeus on 12 mm, valmiiksi koottu, j\u00e4ykk\u00e4 rakenne, valmistettu valkoisesta laminoidusta pahvista.<br \/>\nSivuosa: l\u00e4pin\u00e4kyv\u00e4 muovi, helppo koota, suojakalvo molemmilla puolilla (kalvo on poistettava ennen kokoamista, jotta se pysyy t\u00e4ydellisess\u00e4 kunnossa).<br \/>\nKansi: valkoinen pahvi, vaatii keskikokoisen asennuksen.<br \/>\nLaatikon koko: 17*17*20cm<br \/>\nTy\u00f6koko: 170*170*185mm<\/p>","protected":false},"excerpt":{"rendered":"<p>Lahjarasia kakulle l\u00e4pin\u00e4kyv\u00e4ll\u00e4 rungolla, mahdollistaa kakun esittelyn parhaalla mahdollisella tavalla! Laatikko koostuu 3 osasta. Pohja: luotettava alusta, jonka korkeus on 12 mm, valmiiksi koottu, j\u00e4ykk\u00e4 rakenne, valmistettu valkoisesta laminoidusta pahvista. Sivuosa: l\u00e4pin\u00e4kyv\u00e4 muovi, helppo koota, suojakalvo [\u2026]<\/p>","protected":false},"featured_media":7508,"template":"","meta":{"_seopress_robots_primary_cat":"none","_seopress_titles_title":"","_seopress_titles_desc":"","_seopress_robots_index":""},"product_brand":[],"product_cat":[182,178,15,129,93],"product_tag":[175],"class_list":{"0":"post-7515","1":"product","2":"type-product","3":"status-publish","4":"has-post-thumbnail","6":"product_cat-christmas","7":"product_cat-easter-products","8":"product_cat-all-products","9":"product_cat-small-and-bento-size","10":"product_cat-gift-packaging","11":"product_tag-easter","13":"first","14":"instock","15":"taxable","16":"shipping-taxable","17":"purchasable","18":"product-type-simple"},"_links":{"self":[{"href":"https:\/\/candeebaar.ee\/fi\/wp-json\/wp\/v2\/product\/7515","targetHints":{"allow":["GET"]}}],"collection":[{"href":"https:\/\/candeebaar.ee\/fi\/wp-json\/wp\/v2\/product"}],"about":[{"href":"https:\/\/candeebaar.ee\/fi\/wp-json\/wp\/v2\/types\/product"}],"version-history":[{"count":1,"href":"https:\/\/candeebaar.ee\/fi\/wp-json\/wp\/v2\/product\/7515\/revisions"}],"predecessor-version":[{"id":7516,"href":"https:\/\/candeebaar.ee\/fi\/wp-json\/wp\/v2\/product\/7515\/revisions\/7516"}],"wp:featuredmedia":[{"embeddable":true,"href":"https:\/\/candeebaar.ee\/fi\/wp-json\/wp\/v2\/media\/7508"}],"wp:attachment":[{"href":"https:\/\/candeebaar.ee\/fi\/wp-json\/wp\/v2\/media?parent=7515"}],"wp:term":[{"taxonomy":"product_brand","embeddable":true,"href":"https:\/\/candeebaar.ee\/fi\/wp-json\/wp\/v2\/product_brand?post=7515"},{"taxonomy":"product_cat","embeddable":true,"href":"https:\/\/candeebaar.ee\/fi\/wp-json\/wp\/v2\/product_cat?post=7515"},{"taxonomy":"product_tag","embeddable":true,"href":"https:\/\/candeebaar.ee\/fi\/wp-json\/wp\/v2\/product_tag?post=7515"}],"curies":[{"name":"wp","href":"https:\/\/api.w.org\/{rel}","templated":true}]}}