{"id":7525,"date":"2024-12-31T20:14:40","date_gmt":"2024-12-31T20:14:40","guid":{"rendered":"https:\/\/storetest.ivi.ee\/product\/metal-ring-d100\/"},"modified":"2025-11-19T10:10:09","modified_gmt":"2025-11-19T08:10:09","slug":"metallirengas-d100","status":"publish","type":"product","link":"https:\/\/candeebaar.ee\/fi\/kauppa\/metallirengas-d100\/","title":{"rendered":"Metallirengas D100*50mm"},"content":{"rendered":"<p>Kiinte\u00e4 ter\u00e4srengas. Luotettava ja kest\u00e4v\u00e4 kaikkeen k\u00e4ytt\u00f6\u00f6n.<br \/>\nTer\u00e4ksen paksuus: 1 mm<br \/>\nKorkeus: 50 mm<br \/>\nHalkaisija: 100 mm<\/p>","protected":false},"excerpt":{"rendered":"<p>T\u00e4yster\u00e4ksinen rengas. Luotettava ja kest\u00e4v\u00e4 kaikkiin k\u00e4ytt\u00f6tarkoituksiin. Ter\u00e4ksen paksuus: 1 mm. Korkeus: 50 mm. Halkaisija: 100 mm.<\/p>","protected":false},"featured_media":7527,"template":"","meta":{"_seopress_robots_primary_cat":"none","_seopress_titles_title":"","_seopress_titles_desc":"","_seopress_robots_index":""},"product_brand":[],"product_cat":[15,116,106],"product_tag":[],"class_list":{"0":"post-7525","1":"product","2":"type-product","3":"status-publish","4":"has-post-thumbnail","6":"product_cat-all-products","7":"product_cat-metal","8":"product_cat-new","10":"first","11":"instock","12":"taxable","13":"shipping-taxable","14":"purchasable","15":"product-type-simple"},"_links":{"self":[{"href":"https:\/\/candeebaar.ee\/fi\/wp-json\/wp\/v2\/product\/7525","targetHints":{"allow":["GET"]}}],"collection":[{"href":"https:\/\/candeebaar.ee\/fi\/wp-json\/wp\/v2\/product"}],"about":[{"href":"https:\/\/candeebaar.ee\/fi\/wp-json\/wp\/v2\/types\/product"}],"version-history":[{"count":3,"href":"https:\/\/candeebaar.ee\/fi\/wp-json\/wp\/v2\/product\/7525\/revisions"}],"predecessor-version":[{"id":14292,"href":"https:\/\/candeebaar.ee\/fi\/wp-json\/wp\/v2\/product\/7525\/revisions\/14292"}],"wp:featuredmedia":[{"embeddable":true,"href":"https:\/\/candeebaar.ee\/fi\/wp-json\/wp\/v2\/media\/7527"}],"wp:attachment":[{"href":"https:\/\/candeebaar.ee\/fi\/wp-json\/wp\/v2\/media?parent=7525"}],"wp:term":[{"taxonomy":"product_brand","embeddable":true,"href":"https:\/\/candeebaar.ee\/fi\/wp-json\/wp\/v2\/product_brand?post=7525"},{"taxonomy":"product_cat","embeddable":true,"href":"https:\/\/candeebaar.ee\/fi\/wp-json\/wp\/v2\/product_cat?post=7525"},{"taxonomy":"product_tag","embeddable":true,"href":"https:\/\/candeebaar.ee\/fi\/wp-json\/wp\/v2\/product_tag?post=7525"}],"curies":[{"name":"wp","href":"https:\/\/api.w.org\/{rel}","templated":true}]}}