{"id":7552,"date":"2024-12-31T20:14:40","date_gmt":"2024-12-31T20:14:40","guid":{"rendered":"https:\/\/storetest.ivi.ee\/product\/white-box-for-12-cupcakes-with-a-window\/"},"modified":"2026-03-11T12:21:39","modified_gmt":"2026-03-11T10:21:39","slug":"valkoinen-laatikko-12-cupcakelle-ikkunalla","status":"publish","type":"product","link":"https:\/\/candeebaar.ee\/fi\/kauppa\/valkoinen-laatikko-12-cupcakelle-ikkunalla\/","title":{"rendered":"Valkoinen ikkunallinen laatikko 12 cupcakelle"},"content":{"rendered":"<p>Cupcake laatikko.<br \/>\nSiin\u00e4 on erityinen sis\u00e4osa, joka pit\u00e4\u00e4 kuppikakut tiukasti paikoillaan. Ikkuna l\u00e4pin\u00e4kyv\u00e4st\u00e4 muovista.<br \/>\nLeveys: 25 cm<br \/>\nPituus: 32,5 cm<br \/>\nKorkeus: 9 cm<br \/>\nV\u00e4ri: valkoinen<br \/>\nMateriaali: pahvi<br \/>\nHelppo koota<\/p>\n<p>&nbsp;<\/p>","protected":false},"excerpt":{"rendered":"<p>Cupcake laatikko. Siin\u00e4 on erityinen sis\u00e4osa, joka pit\u00e4\u00e4 kuppikakut tiukasti paikoillaan. Ikkuna l\u00e4pin\u00e4kyv\u00e4st\u00e4 muovista. Leveys: 25cm Pituus: 32,5cm Korkeus: 9cm V\u00e4ri: valkoinen Materiaali: pahvi Helppo koota &nbsp;<\/p>","protected":false},"featured_media":7554,"template":"","meta":{"_seopress_robots_primary_cat":"none","_seopress_titles_title":"","_seopress_titles_desc":"","_seopress_robots_index":""},"product_brand":[],"product_cat":[15,152],"product_tag":[],"class_list":{"0":"post-7552","1":"product","2":"type-product","3":"status-publish","4":"has-post-thumbnail","6":"product_cat-all-products","7":"product_cat-cupcakes","9":"first","10":"outofstock","11":"taxable","12":"shipping-taxable","13":"purchasable","14":"product-type-simple"},"_links":{"self":[{"href":"https:\/\/candeebaar.ee\/fi\/wp-json\/wp\/v2\/product\/7552","targetHints":{"allow":["GET"]}}],"collection":[{"href":"https:\/\/candeebaar.ee\/fi\/wp-json\/wp\/v2\/product"}],"about":[{"href":"https:\/\/candeebaar.ee\/fi\/wp-json\/wp\/v2\/types\/product"}],"version-history":[{"count":2,"href":"https:\/\/candeebaar.ee\/fi\/wp-json\/wp\/v2\/product\/7552\/revisions"}],"predecessor-version":[{"id":13810,"href":"https:\/\/candeebaar.ee\/fi\/wp-json\/wp\/v2\/product\/7552\/revisions\/13810"}],"wp:featuredmedia":[{"embeddable":true,"href":"https:\/\/candeebaar.ee\/fi\/wp-json\/wp\/v2\/media\/7554"}],"wp:attachment":[{"href":"https:\/\/candeebaar.ee\/fi\/wp-json\/wp\/v2\/media?parent=7552"}],"wp:term":[{"taxonomy":"product_brand","embeddable":true,"href":"https:\/\/candeebaar.ee\/fi\/wp-json\/wp\/v2\/product_brand?post=7552"},{"taxonomy":"product_cat","embeddable":true,"href":"https:\/\/candeebaar.ee\/fi\/wp-json\/wp\/v2\/product_cat?post=7552"},{"taxonomy":"product_tag","embeddable":true,"href":"https:\/\/candeebaar.ee\/fi\/wp-json\/wp\/v2\/product_tag?post=7552"}],"curies":[{"name":"wp","href":"https:\/\/api.w.org\/{rel}","templated":true}]}}