{"id":7626,"date":"2024-12-31T20:14:53","date_gmt":"2024-12-31T20:14:53","guid":{"rendered":"https:\/\/storetest.ivi.ee\/product\/cake-box-with-window-252516cm\/"},"modified":"2026-04-25T09:41:29","modified_gmt":"2026-04-25T07:41:29","slug":"kakkulaatikko-ikkunalla-252516cm","status":"publish","type":"product","link":"https:\/\/candeebaar.ee\/fi\/kauppa\/kakkulaatikko-ikkunalla-252516cm\/","title":{"rendered":"Kakkulaatikko ikkunalla 25*25*16cm"},"content":{"rendered":"<p>Kakkulaatikko pahvia, ikkuna l\u00e4pin\u00e4kyv\u00e4\u00e4 muovia.<br \/>\nV\u00e4ri: valkoinen<br \/>\nKoko: 25*25*16cm<br \/>\nEritt\u00e4in helppo koota.<\/p>","protected":false},"excerpt":{"rendered":"<p>Kakkulaatikko pahvia, ikkuna l\u00e4pin\u00e4kyv\u00e4\u00e4 muovia. V\u00e4ri: valkoinen Koko: 25*25*16cm Eritt\u00e4in helppo koota.<\/p>","protected":false},"featured_media":7628,"template":"","meta":{"_seopress_robots_primary_cat":"none","_seopress_titles_title":"","_seopress_titles_desc":"","_seopress_robots_index":""},"product_brand":[],"product_cat":[15,131,109],"product_tag":[],"class_list":{"0":"post-7626","1":"product","2":"type-product","3":"status-publish","4":"has-post-thumbnail","6":"product_cat-all-products","7":"product_cat-25cm-base","8":"product_cat-sale","10":"first","11":"instock","12":"sale","13":"taxable","14":"shipping-taxable","15":"purchasable","16":"product-type-simple"},"_links":{"self":[{"href":"https:\/\/candeebaar.ee\/fi\/wp-json\/wp\/v2\/product\/7626","targetHints":{"allow":["GET"]}}],"collection":[{"href":"https:\/\/candeebaar.ee\/fi\/wp-json\/wp\/v2\/product"}],"about":[{"href":"https:\/\/candeebaar.ee\/fi\/wp-json\/wp\/v2\/types\/product"}],"version-history":[{"count":1,"href":"https:\/\/candeebaar.ee\/fi\/wp-json\/wp\/v2\/product\/7626\/revisions"}],"predecessor-version":[{"id":7627,"href":"https:\/\/candeebaar.ee\/fi\/wp-json\/wp\/v2\/product\/7626\/revisions\/7627"}],"wp:featuredmedia":[{"embeddable":true,"href":"https:\/\/candeebaar.ee\/fi\/wp-json\/wp\/v2\/media\/7628"}],"wp:attachment":[{"href":"https:\/\/candeebaar.ee\/fi\/wp-json\/wp\/v2\/media?parent=7626"}],"wp:term":[{"taxonomy":"product_brand","embeddable":true,"href":"https:\/\/candeebaar.ee\/fi\/wp-json\/wp\/v2\/product_brand?post=7626"},{"taxonomy":"product_cat","embeddable":true,"href":"https:\/\/candeebaar.ee\/fi\/wp-json\/wp\/v2\/product_cat?post=7626"},{"taxonomy":"product_tag","embeddable":true,"href":"https:\/\/candeebaar.ee\/fi\/wp-json\/wp\/v2\/product_tag?post=7626"}],"curies":[{"name":"wp","href":"https:\/\/api.w.org\/{rel}","templated":true}]}}