{"id":7629,"date":"2024-12-31T20:14:53","date_gmt":"2024-12-31T20:14:53","guid":{"rendered":"https:\/\/storetest.ivi.ee\/product\/pastry-bags-20x30cm-100pcs\/"},"modified":"2026-04-13T14:49:31","modified_gmt":"2026-04-13T12:49:31","slug":"leivonnaiset-pussit-20x30cm-100kpl","status":"publish","type":"product","link":"https:\/\/candeebaar.ee\/fi\/kauppa\/leivonnaiset-pussit-20x30cm-100kpl\/","title":{"rendered":"Leivonnaiset pussit 20x30cm 100kpl"},"content":{"rendered":"<p>Kertak\u00e4ytt\u00f6iset pussit kerman, taikinan, kuorrutuksen jne.<br \/>\nVoidaan k\u00e4ytt\u00e4\u00e4 useita kertoja normaalik\u00e4yt\u00f6ss\u00e4.<br \/>\nLeveys: 20 cm<br \/>\nPituus: 30 cm<br \/>\nPakkaus sis\u00e4lt\u00e4\u00e4 100 kpl<br \/>\nMateriaali: polyeteeni<br \/>\nValmistettu: Kiinassa<\/p>","protected":false},"excerpt":{"rendered":"<p>Kertak\u00e4ytt\u00f6iset pussit kerman, taikinan, kuorrutuksen jne. leikkaamiseen. Voidaan k\u00e4ytt\u00e4\u00e4 useita kertoja normaalik\u00e4yt\u00f6ss\u00e4. Leveys: 20cm Pituus: 30cm Pakkaus sis\u00e4lt\u00e4\u00e4 100kpl Materiaali: polyeteeni Valmistettu: Kiina<\/p>","protected":false},"featured_media":4869,"template":"","meta":{"_seopress_robots_primary_cat":"none","_seopress_titles_title":"","_seopress_titles_desc":"","_seopress_robots_index":""},"product_brand":[],"product_cat":[15,85],"product_tag":[],"class_list":{"0":"post-7629","1":"product","2":"type-product","3":"status-publish","4":"has-post-thumbnail","6":"product_cat-all-products","7":"product_cat-piping-bags","9":"first","10":"instock","11":"taxable","12":"shipping-taxable","13":"purchasable","14":"product-type-simple"},"_links":{"self":[{"href":"https:\/\/candeebaar.ee\/fi\/wp-json\/wp\/v2\/product\/7629","targetHints":{"allow":["GET"]}}],"collection":[{"href":"https:\/\/candeebaar.ee\/fi\/wp-json\/wp\/v2\/product"}],"about":[{"href":"https:\/\/candeebaar.ee\/fi\/wp-json\/wp\/v2\/types\/product"}],"version-history":[{"count":1,"href":"https:\/\/candeebaar.ee\/fi\/wp-json\/wp\/v2\/product\/7629\/revisions"}],"predecessor-version":[{"id":7630,"href":"https:\/\/candeebaar.ee\/fi\/wp-json\/wp\/v2\/product\/7629\/revisions\/7630"}],"wp:featuredmedia":[{"embeddable":true,"href":"https:\/\/candeebaar.ee\/fi\/wp-json\/wp\/v2\/media\/4869"}],"wp:attachment":[{"href":"https:\/\/candeebaar.ee\/fi\/wp-json\/wp\/v2\/media?parent=7629"}],"wp:term":[{"taxonomy":"product_brand","embeddable":true,"href":"https:\/\/candeebaar.ee\/fi\/wp-json\/wp\/v2\/product_brand?post=7629"},{"taxonomy":"product_cat","embeddable":true,"href":"https:\/\/candeebaar.ee\/fi\/wp-json\/wp\/v2\/product_cat?post=7629"},{"taxonomy":"product_tag","embeddable":true,"href":"https:\/\/candeebaar.ee\/fi\/wp-json\/wp\/v2\/product_tag?post=7629"}],"curies":[{"name":"wp","href":"https:\/\/api.w.org\/{rel}","templated":true}]}}