{"id":7636,"date":"2024-12-31T20:14:53","date_gmt":"2024-12-31T20:14:53","guid":{"rendered":"https:\/\/storetest.ivi.ee\/product\/white-fondant-modecor-pop-250g\/"},"modified":"2026-03-15T08:28:33","modified_gmt":"2026-03-15T06:28:33","slug":"valkoinen-sokerimassa-modecor-pop-250g","status":"publish","type":"product","link":"https:\/\/candeebaar.ee\/fi\/kauppa\/valkoinen-sokerimassa-modecor-pop-250g\/","title":{"rendered":"Valkoinen fondantti Modecor POP 250g"},"content":{"rendered":"<p>Sokeripastaa hahmojen muovailuun ja j\u00e4lkiruokien peitt\u00e4miseen.<br \/>\nKoostumus: Sokeri 74%, glukoosisiirappi, kasvi\u00f6ljy (auringonkukka, palmu), inverttisokerisiirappi, stabilointiaineet E420ii, E415, E471, E330, aromi, E202, E300.<br \/>\nMassa:<strong> 250 g<\/strong><br \/>\nSis\u00e4lt\u00f6 per 100g:<br \/>\nRavintoarvo: 1704 kJ 407 kcal<br \/>\nRasvaa (tyydyttynytt\u00e4): 6,4 g (3,5 g)<br \/>\nHiilihydraatit (sokerit): 87 g (82 g)<br \/>\nProteiinit: 0 g<br \/>\nSuola: 0,04 g<br \/>\nSaattaa sis\u00e4lt\u00e4\u00e4 <strong>maito, p\u00e4hkin\u00e4t, soija<\/strong>.<br \/>\nS\u00e4ilyt\u00e4 ilmatiiviiss\u00e4 pakkauksessa kuivassa, pime\u00e4ss\u00e4 paikassa, l\u00e4mp\u00f6tilassa +8 \u00b0C - +25 \u00b0C<br \/>\nValmistaja: Modecor, Italia<\/p>","protected":false},"excerpt":{"rendered":"<p>Sokeripastaa figuurien muovailuun ja j\u00e4lkiruokien p\u00e4\u00e4llyst\u00e4miseen. Koostumus: Sokeri 74%, glukoosisiirappi, kasvi\u00f6ljy (auringonkukka, palmu), inverttisokerisiirappi, stabilointiaineet E420ii, E415, E471, E330, aromi, E202, E300. Paino: 250 g Sis\u00e4lt\u00f6 per 100 g: Ravintosis\u00e4lt\u00f6: 1704 kJ 407 kcal Rasvaa (tyydyttynytt\u00e4): 6,4 g (3,5 g) Hiilihydraattia (sokeria): 87 g (82 g) Proteiinia: 0 g Suolaa: 0,04 g Saattaa sis\u00e4lt\u00e4\u00e4 maitoa, p\u00e4hkin\u00f6it\u00e4, soijaa. [\u2026]<\/p>","protected":false},"featured_media":4985,"template":"","meta":{"_seopress_robots_primary_cat":"","_seopress_titles_title":"","_seopress_titles_desc":"","_seopress_robots_index":""},"product_brand":[],"product_cat":[15,102],"product_tag":[],"class_list":{"0":"post-7636","1":"product","2":"type-product","3":"status-publish","4":"has-post-thumbnail","6":"product_cat-all-products","7":"product_cat-sugars","9":"first","10":"instock","11":"taxable","12":"shipping-taxable","13":"purchasable","14":"product-type-simple"},"_links":{"self":[{"href":"https:\/\/candeebaar.ee\/fi\/wp-json\/wp\/v2\/product\/7636","targetHints":{"allow":["GET"]}}],"collection":[{"href":"https:\/\/candeebaar.ee\/fi\/wp-json\/wp\/v2\/product"}],"about":[{"href":"https:\/\/candeebaar.ee\/fi\/wp-json\/wp\/v2\/types\/product"}],"version-history":[{"count":1,"href":"https:\/\/candeebaar.ee\/fi\/wp-json\/wp\/v2\/product\/7636\/revisions"}],"predecessor-version":[{"id":7637,"href":"https:\/\/candeebaar.ee\/fi\/wp-json\/wp\/v2\/product\/7636\/revisions\/7637"}],"wp:featuredmedia":[{"embeddable":true,"href":"https:\/\/candeebaar.ee\/fi\/wp-json\/wp\/v2\/media\/4985"}],"wp:attachment":[{"href":"https:\/\/candeebaar.ee\/fi\/wp-json\/wp\/v2\/media?parent=7636"}],"wp:term":[{"taxonomy":"product_brand","embeddable":true,"href":"https:\/\/candeebaar.ee\/fi\/wp-json\/wp\/v2\/product_brand?post=7636"},{"taxonomy":"product_cat","embeddable":true,"href":"https:\/\/candeebaar.ee\/fi\/wp-json\/wp\/v2\/product_cat?post=7636"},{"taxonomy":"product_tag","embeddable":true,"href":"https:\/\/candeebaar.ee\/fi\/wp-json\/wp\/v2\/product_tag?post=7636"}],"curies":[{"name":"wp","href":"https:\/\/api.w.org\/{rel}","templated":true}]}}