{"id":7652,"date":"2024-12-31T20:14:53","date_gmt":"2024-12-31T20:14:53","guid":{"rendered":"https:\/\/storetest.ivi.ee\/product\/box-for-cake-pops-215150305200mm\/"},"modified":"2026-03-10T12:39:27","modified_gmt":"2026-03-10T10:39:27","slug":"kakkupopsien-laatikko-215150305200mm","status":"publish","type":"product","link":"https:\/\/candeebaar.ee\/fi\/kauppa\/kakkupopsien-laatikko-215150305200mm\/","title":{"rendered":"Laatikko kakkupapereille 215*150*305(200)mm"},"content":{"rendered":"<p>Kakkupopsien s\u00e4ilytysrasia, erikoismuotoiltu k\u00e4tev\u00e4\u00e4n kuljetukseen ja esillepanoon.<br \/>\n Pohja \u2013 215 * 150 mm, 18 reik\u00e4\u00e4 (\u223c3 mm), jotka on toistettu laatikon syvyyteen j\u00e4lkiruokien turvallista asettelua varten. K\u00e4ytett\u00e4ess\u00e4 4 mm:n halkaisijaltaan olevia tikkuja on suositeltavaa levent\u00e4\u00e4 reiki\u00e4 ensin tyhj\u00e4ll\u00e4 tikulla, jotta valmiin tuotteen asentaminen on helpompaa.<br \/>\n Kannessa on sivuikkunat, kokonaiskorkeus \u2013 30 cm, ty\u00f6skentelykorkeus \u2013 20 cm. Sidontaa ja kantamista varten tarvitaan nauha, joka (kuten kuvassa) pit\u00e4\u00e4 pohjan paikallaan ja mahdollistaa kannen helpon irrottamisen avaamisen j\u00e4lkeen.<br \/>\nV\u00e4ri: valkoinen<br \/>\nMateriaali: pahvi<br \/>\nLaatikko ei ole helpoin koota, mutta kokeneelle leipurille sen k\u00e4sittely ei ole vaikeaa.<\/p>","protected":false},"excerpt":{"rendered":"<p>Kakkupopsien rasia, erikoismuotoiltu k\u00e4tev\u00e4\u00e4n kuljetukseen ja esillepanoon. Pohja \u2013 215 * 150 mm, 18 reik\u00e4\u00e4 (\u223c3 mm), jotka on toistettu rasian syvyyteen j\u00e4lkiruokien turvallista asettelua varten. K\u00e4ytett\u00e4ess\u00e4 4 mm:n halkaisijaltaan olevia tikkuja on suositeltavaa levent\u00e4\u00e4 reiki\u00e4 ensin tyhj\u00e4ll\u00e4 tikulla, jotta [\u2026]<\/p>","protected":false},"featured_media":7654,"template":"","meta":{"_seopress_robots_primary_cat":"","_seopress_titles_title":"","_seopress_titles_desc":"","_seopress_robots_index":""},"product_brand":[],"product_cat":[15,154,93],"product_tag":[],"class_list":{"0":"post-7652","1":"product","2":"type-product","3":"status-publish","4":"has-post-thumbnail","6":"product_cat-all-products","7":"product_cat-different-style","8":"product_cat-gift-packaging","10":"first","11":"instock","12":"taxable","13":"shipping-taxable","14":"purchasable","15":"product-type-simple"},"_links":{"self":[{"href":"https:\/\/candeebaar.ee\/fi\/wp-json\/wp\/v2\/product\/7652","targetHints":{"allow":["GET"]}}],"collection":[{"href":"https:\/\/candeebaar.ee\/fi\/wp-json\/wp\/v2\/product"}],"about":[{"href":"https:\/\/candeebaar.ee\/fi\/wp-json\/wp\/v2\/types\/product"}],"version-history":[{"count":1,"href":"https:\/\/candeebaar.ee\/fi\/wp-json\/wp\/v2\/product\/7652\/revisions"}],"predecessor-version":[{"id":7653,"href":"https:\/\/candeebaar.ee\/fi\/wp-json\/wp\/v2\/product\/7652\/revisions\/7653"}],"wp:featuredmedia":[{"embeddable":true,"href":"https:\/\/candeebaar.ee\/fi\/wp-json\/wp\/v2\/media\/7654"}],"wp:attachment":[{"href":"https:\/\/candeebaar.ee\/fi\/wp-json\/wp\/v2\/media?parent=7652"}],"wp:term":[{"taxonomy":"product_brand","embeddable":true,"href":"https:\/\/candeebaar.ee\/fi\/wp-json\/wp\/v2\/product_brand?post=7652"},{"taxonomy":"product_cat","embeddable":true,"href":"https:\/\/candeebaar.ee\/fi\/wp-json\/wp\/v2\/product_cat?post=7652"},{"taxonomy":"product_tag","embeddable":true,"href":"https:\/\/candeebaar.ee\/fi\/wp-json\/wp\/v2\/product_tag?post=7652"}],"curies":[{"name":"wp","href":"https:\/\/api.w.org\/{rel}","templated":true}]}}