{"id":7656,"date":"2024-12-31T20:14:53","date_gmt":"2024-12-31T20:14:53","guid":{"rendered":"https:\/\/storetest.ivi.ee\/product\/flower-box-230120340mm\/"},"modified":"2025-05-02T08:52:06","modified_gmt":"2025-05-02T06:52:06","slug":"kukkalaatikko-230120340mm","status":"publish","type":"product","link":"https:\/\/candeebaar.ee\/fi\/kauppa\/kukkalaatikko-230120340mm\/","title":{"rendered":"Kukkalaatikko 230*120*340mm"},"content":{"rendered":"<p>Korilaatikko. Avoin muotoilu sopii hyvin kukille, j\u00e4lkiruokille ja yhdistelm\u00e4lahjoille. Sopii my\u00f6s kahdelle p\u00e4\u00e4si\u00e4iskakulle.<br \/>\nHelppo koota.<br \/>\nKoko: 230*120*340mm<br \/>\nPohjan korkeus: 90 mm.<br \/>\nMateriaali: pahvi<br \/>\nV\u00e4ri: valkoinen<\/p>","protected":false},"excerpt":{"rendered":"<p>Korilaatikko. Avoin muotoilu sopii hyvin kukille, j\u00e4lkiruokille ja yhdistelm\u00e4lahjoille. Sopii my\u00f6s kahdelle p\u00e4\u00e4si\u00e4iskakulle. Helppo koota. Koko: 230*120*340mm Pohjan korkeus: 90mm. Materiaali: pahvi V\u00e4ri: valkoinen<\/p>","protected":false},"featured_media":7658,"template":"","meta":{"_seopress_robots_primary_cat":"none","_seopress_titles_title":"","_seopress_titles_desc":"","_seopress_robots_index":""},"product_brand":[],"product_cat":[178,15,154,93],"product_tag":[175],"class_list":{"0":"post-7656","1":"product","2":"type-product","3":"status-publish","4":"has-post-thumbnail","6":"product_cat-easter-products","7":"product_cat-all-products","8":"product_cat-different-style","9":"product_cat-gift-packaging","10":"product_tag-easter","12":"first","13":"outofstock","14":"taxable","15":"shipping-taxable","16":"purchasable","17":"product-type-simple"},"_links":{"self":[{"href":"https:\/\/candeebaar.ee\/fi\/wp-json\/wp\/v2\/product\/7656","targetHints":{"allow":["GET"]}}],"collection":[{"href":"https:\/\/candeebaar.ee\/fi\/wp-json\/wp\/v2\/product"}],"about":[{"href":"https:\/\/candeebaar.ee\/fi\/wp-json\/wp\/v2\/types\/product"}],"version-history":[{"count":1,"href":"https:\/\/candeebaar.ee\/fi\/wp-json\/wp\/v2\/product\/7656\/revisions"}],"predecessor-version":[{"id":7657,"href":"https:\/\/candeebaar.ee\/fi\/wp-json\/wp\/v2\/product\/7656\/revisions\/7657"}],"wp:featuredmedia":[{"embeddable":true,"href":"https:\/\/candeebaar.ee\/fi\/wp-json\/wp\/v2\/media\/7658"}],"wp:attachment":[{"href":"https:\/\/candeebaar.ee\/fi\/wp-json\/wp\/v2\/media?parent=7656"}],"wp:term":[{"taxonomy":"product_brand","embeddable":true,"href":"https:\/\/candeebaar.ee\/fi\/wp-json\/wp\/v2\/product_brand?post=7656"},{"taxonomy":"product_cat","embeddable":true,"href":"https:\/\/candeebaar.ee\/fi\/wp-json\/wp\/v2\/product_cat?post=7656"},{"taxonomy":"product_tag","embeddable":true,"href":"https:\/\/candeebaar.ee\/fi\/wp-json\/wp\/v2\/product_tag?post=7656"}],"curies":[{"name":"wp","href":"https:\/\/api.w.org\/{rel}","templated":true}]}}