{"id":7666,"date":"2024-12-31T20:14:53","date_gmt":"2024-12-31T20:14:53","guid":{"rendered":"https:\/\/storetest.ivi.ee\/product\/box-for-4-desserts-171710cm\/"},"modified":"2026-04-01T14:34:02","modified_gmt":"2026-04-01T12:34:02","slug":"laatikko-4-jalkiruoalle-171710cm","status":"publish","type":"product","link":"https:\/\/candeebaar.ee\/fi\/kauppa\/laatikko-4-jalkiruoalle-171710cm\/","title":{"rendered":"Laatikko 4 j\u00e4lkiruoalle 17*17*10cm"},"content":{"rendered":"<p>Lahjarasia l\u00e4pin\u00e4kyv\u00e4ll\u00e4 kannella. Setti sis\u00e4lt\u00e4\u00e4 jakajan 4 osaan (8*8cm kukin).<br \/>\nKokoonpano on keskivaikea, kansi ty\u00f6nnet\u00e4\u00e4n pohjaan.<br \/>\nMateriaali: pahvi, muovi<br \/>\nV\u00e4ri: valkoinen<br \/>\nKoko: 17*17*10cm<\/p>","protected":false},"excerpt":{"rendered":"<p>Lahjarasia l\u00e4pin\u00e4kyv\u00e4ll\u00e4 kannella. Setti sis\u00e4lt\u00e4\u00e4 jakajan 4 osaan (8*8cm kukin). Kokoonpano on keskivaikea, kansi ty\u00f6nnet\u00e4\u00e4n pohjaan. Materiaali: pahvi, muovi V\u00e4ri: valkoinen Koko: 17*17*10cm<\/p>","protected":false},"featured_media":7668,"template":"","meta":{"_seopress_robots_primary_cat":"none","_seopress_titles_title":"","_seopress_titles_desc":"","_seopress_robots_index":""},"product_brand":[],"product_cat":[182,15,154,93],"product_tag":[],"class_list":{"0":"post-7666","1":"product","2":"type-product","3":"status-publish","4":"has-post-thumbnail","6":"product_cat-christmas","7":"product_cat-all-products","8":"product_cat-different-style","9":"product_cat-gift-packaging","11":"first","12":"instock","13":"taxable","14":"shipping-taxable","15":"purchasable","16":"product-type-simple"},"_links":{"self":[{"href":"https:\/\/candeebaar.ee\/fi\/wp-json\/wp\/v2\/product\/7666","targetHints":{"allow":["GET"]}}],"collection":[{"href":"https:\/\/candeebaar.ee\/fi\/wp-json\/wp\/v2\/product"}],"about":[{"href":"https:\/\/candeebaar.ee\/fi\/wp-json\/wp\/v2\/types\/product"}],"version-history":[{"count":2,"href":"https:\/\/candeebaar.ee\/fi\/wp-json\/wp\/v2\/product\/7666\/revisions"}],"predecessor-version":[{"id":13386,"href":"https:\/\/candeebaar.ee\/fi\/wp-json\/wp\/v2\/product\/7666\/revisions\/13386"}],"wp:featuredmedia":[{"embeddable":true,"href":"https:\/\/candeebaar.ee\/fi\/wp-json\/wp\/v2\/media\/7668"}],"wp:attachment":[{"href":"https:\/\/candeebaar.ee\/fi\/wp-json\/wp\/v2\/media?parent=7666"}],"wp:term":[{"taxonomy":"product_brand","embeddable":true,"href":"https:\/\/candeebaar.ee\/fi\/wp-json\/wp\/v2\/product_brand?post=7666"},{"taxonomy":"product_cat","embeddable":true,"href":"https:\/\/candeebaar.ee\/fi\/wp-json\/wp\/v2\/product_cat?post=7666"},{"taxonomy":"product_tag","embeddable":true,"href":"https:\/\/candeebaar.ee\/fi\/wp-json\/wp\/v2\/product_tag?post=7666"}],"curies":[{"name":"wp","href":"https:\/\/api.w.org\/{rel}","templated":true}]}}