{"id":7669,"date":"2024-12-31T20:14:53","date_gmt":"2024-12-31T20:14:53","guid":{"rendered":"https:\/\/storetest.ivi.ee\/product\/baking-mold-for-easter-cakes-70x60mm-100pcs\/"},"modified":"2026-04-06T22:21:07","modified_gmt":"2026-04-06T20:21:07","slug":"leivontamuotti-paasiaiskakkuille-70x60mm-100kpl","status":"publish","type":"product","link":"https:\/\/candeebaar.ee\/fi\/kauppa\/leivontamuotti-paasiaiskakkuille-70x60mm-100kpl\/","title":{"rendered":"Leivontamuotti p\u00e4\u00e4si\u00e4iskakkuille 70x60mm 100kpl"},"content":{"rendered":"<p>Paperimuotti soveltuu p\u00e4\u00e4si\u00e4iskakkujen leivontaan.<br \/>\nLeveys: 70mm<br \/>\nKorkeus: 60mm<br \/>\nMateriaali: kuviollinen rei&#039;itetty paperi.<br \/>\nValmiin kakun massa: noin 65 g.<br \/>\nPakkauksessa on 100 kpl.<br \/>\nValmistaja: Italia<\/p>","protected":false},"excerpt":{"rendered":"<p>Paperimuotti soveltuu p\u00e4\u00e4si\u00e4iskakkujen leivontaan. Leveys: 70mm Korkeus: 60mm Materiaali: rei&#039;itetty kuviollinen paperi. Valmiin kakun massa: noin 65 g. Pakkauksessa on 100 kpl. Valmistaja: Italia<\/p>","protected":false},"featured_media":6110,"template":"","meta":{"_seopress_robots_primary_cat":"none","_seopress_titles_title":"","_seopress_titles_desc":"","_seopress_robots_index":""},"product_brand":[],"product_cat":[178,15,117,90],"product_tag":[175],"class_list":{"0":"post-7669","1":"product","2":"type-product","3":"status-publish","4":"has-post-thumbnail","6":"product_cat-easter-products","7":"product_cat-all-products","8":"product_cat-paper","9":"product_cat-paper-cups-and-tulips","10":"product_tag-easter","12":"first","13":"instock","14":"taxable","15":"shipping-taxable","16":"purchasable","17":"product-type-simple"},"_links":{"self":[{"href":"https:\/\/candeebaar.ee\/fi\/wp-json\/wp\/v2\/product\/7669","targetHints":{"allow":["GET"]}}],"collection":[{"href":"https:\/\/candeebaar.ee\/fi\/wp-json\/wp\/v2\/product"}],"about":[{"href":"https:\/\/candeebaar.ee\/fi\/wp-json\/wp\/v2\/types\/product"}],"version-history":[{"count":1,"href":"https:\/\/candeebaar.ee\/fi\/wp-json\/wp\/v2\/product\/7669\/revisions"}],"predecessor-version":[{"id":7670,"href":"https:\/\/candeebaar.ee\/fi\/wp-json\/wp\/v2\/product\/7669\/revisions\/7670"}],"wp:featuredmedia":[{"embeddable":true,"href":"https:\/\/candeebaar.ee\/fi\/wp-json\/wp\/v2\/media\/6110"}],"wp:attachment":[{"href":"https:\/\/candeebaar.ee\/fi\/wp-json\/wp\/v2\/media?parent=7669"}],"wp:term":[{"taxonomy":"product_brand","embeddable":true,"href":"https:\/\/candeebaar.ee\/fi\/wp-json\/wp\/v2\/product_brand?post=7669"},{"taxonomy":"product_cat","embeddable":true,"href":"https:\/\/candeebaar.ee\/fi\/wp-json\/wp\/v2\/product_cat?post=7669"},{"taxonomy":"product_tag","embeddable":true,"href":"https:\/\/candeebaar.ee\/fi\/wp-json\/wp\/v2\/product_tag?post=7669"}],"curies":[{"name":"wp","href":"https:\/\/api.w.org\/{rel}","templated":true}]}}