{"id":7738,"date":"2024-12-31T20:15:10","date_gmt":"2024-12-31T20:15:10","guid":{"rendered":"https:\/\/storetest.ivi.ee\/product\/waffle-paper-0-6mm-a4-1-sheet\/"},"modified":"2026-04-01T13:41:45","modified_gmt":"2026-04-01T11:41:45","slug":"vohvelipaperi-0-6mm-a4-1-arkki","status":"publish","type":"product","link":"https:\/\/candeebaar.ee\/fi\/kauppa\/vohvelipaperi-0-6mm-a4-1-arkki\/","title":{"rendered":"Vohvelipaperi 0,6 mm A4 1 arkki"},"content":{"rendered":"<p>Vohvelipaperia k\u00e4ytet\u00e4\u00e4n ruoan painamiseen ja sy\u00f6t\u00e4vien koristeiden luomiseen.<br \/>\nSiin\u00e4 on sile\u00e4 puoli (tulostusta varten) ja karkea puoli.<br \/>\nPaksuus: 0,6 mm<br \/>\nKoko: 210x297mm<br \/>\nM\u00e4\u00e4r\u00e4: 1 kpl<br \/>\nPaino (yhteens\u00e4): ~12g<br \/>\nRavintoarvo per 100g:<br \/>\n1589kJ\/380kcal<br \/>\nRasvat (tyydyttyneet): 3 g (0,4 g)<br \/>\nHiilihydraatit: 88,1 g<br \/>\nProteiinit: 0,1 g<br \/>\nKoostumus: perunat\u00e4rkkelys, vesi, oliivi\u00f6ljy, maltodekstriini.<br \/>\nS\u00e4ilyt\u00e4 tiiviisti suljetussa pakkauksessa, viile\u00e4ss\u00e4 pime\u00e4ss\u00e4 paikassa.<br \/>\nValmistaja: Saksa<\/p>","protected":false},"excerpt":{"rendered":"<p>Vohvelipaperia k\u00e4ytet\u00e4\u00e4n ruoan painamiseen ja sy\u00f6t\u00e4vien koristeiden luomiseen. Siin\u00e4 on sile\u00e4 puoli (tulostusta varten) ja karkea puoli. Paksuus: 0,6mm Koko: 210x297mm M\u00e4\u00e4r\u00e4: 1 kpl Paino (yhteens\u00e4): ~12g Ravintoarvo per 100g: 1589kJ\/380kcal Rasvat (tyydyttyneet): 3g (0,4g) Hiilihydraatit: 88,1g vesi: proteiinia, 1 g:a. , oliivi\u00f6ljy, maltodekstriini. S\u00e4ilyt\u00e4 [\u2026]<\/p>","protected":false},"featured_media":10513,"template":"","meta":{"_seopress_robots_primary_cat":"none","_seopress_titles_title":"","_seopress_titles_desc":"","_seopress_robots_index":""},"product_brand":[],"product_cat":[15,105],"product_tag":[],"class_list":{"0":"post-7738","1":"product","2":"type-product","3":"status-publish","4":"has-post-thumbnail","6":"product_cat-all-products","7":"product_cat-edible-print","9":"first","10":"instock","11":"taxable","12":"shipping-taxable","13":"purchasable","14":"product-type-simple"},"_links":{"self":[{"href":"https:\/\/candeebaar.ee\/fi\/wp-json\/wp\/v2\/product\/7738","targetHints":{"allow":["GET"]}}],"collection":[{"href":"https:\/\/candeebaar.ee\/fi\/wp-json\/wp\/v2\/product"}],"about":[{"href":"https:\/\/candeebaar.ee\/fi\/wp-json\/wp\/v2\/types\/product"}],"version-history":[{"count":1,"href":"https:\/\/candeebaar.ee\/fi\/wp-json\/wp\/v2\/product\/7738\/revisions"}],"predecessor-version":[{"id":7739,"href":"https:\/\/candeebaar.ee\/fi\/wp-json\/wp\/v2\/product\/7738\/revisions\/7739"}],"wp:featuredmedia":[{"embeddable":true,"href":"https:\/\/candeebaar.ee\/fi\/wp-json\/wp\/v2\/media\/10513"}],"wp:attachment":[{"href":"https:\/\/candeebaar.ee\/fi\/wp-json\/wp\/v2\/media?parent=7738"}],"wp:term":[{"taxonomy":"product_brand","embeddable":true,"href":"https:\/\/candeebaar.ee\/fi\/wp-json\/wp\/v2\/product_brand?post=7738"},{"taxonomy":"product_cat","embeddable":true,"href":"https:\/\/candeebaar.ee\/fi\/wp-json\/wp\/v2\/product_cat?post=7738"},{"taxonomy":"product_tag","embeddable":true,"href":"https:\/\/candeebaar.ee\/fi\/wp-json\/wp\/v2\/product_tag?post=7738"}],"curies":[{"name":"wp","href":"https:\/\/api.w.org\/{rel}","templated":true}]}}