{"id":7740,"date":"2024-12-31T20:15:10","date_gmt":"2024-12-31T20:15:10","guid":{"rendered":"https:\/\/storetest.ivi.ee\/product\/cake-base-3mm-mdf-white-25cm\/"},"modified":"2026-04-06T11:54:55","modified_gmt":"2026-04-06T09:54:55","slug":"kakun-pohja-3mm-mdf-valkoinen-25cm","status":"publish","type":"product","link":"https:\/\/candeebaar.ee\/fi\/kauppa\/kakun-pohja-3mm-mdf-valkoinen-25cm\/","title":{"rendered":"Cake Board 3mm (MDF) valkoinen 25cm"},"content":{"rendered":"<p>MDF-levyst\u00e4 valmistettu paksu kakkupohja.<br \/>\nLaminoitu kosteutta hylkiv\u00e4ll\u00e4 valkoisella pinnoitteella (ei sertifioitu suoraan kosketukseen elintarvikkeiden kanssa; pohjalle suosittelemme esimerkiksi ruokapergamenttia).<br \/>\nVoidaan k\u00e4ytt\u00e4\u00e4 useita kertoja, mutta reunaa ja pohjaa ei suositella altistamaan kosteudelle.<br \/>\nV\u00e4ri: valkoinen<br \/>\nKoko: 245*3mm<br \/>\nTuotanto: Viro<\/p>","protected":false},"excerpt":{"rendered":"<p>MDF-levyst\u00e4 valmistettu paksu kakkupohja. Laminoitu kosteutta hylkiv\u00e4ll\u00e4 valkoisella pinnoitteella (ei sertifioitu suoraan kosketukseen elintarvikkeiden kanssa; pohjalle suosittelemme esimerkiksi ruokapergamenttia). Voidaan k\u00e4ytt\u00e4\u00e4 useita kertoja, mutta reunaa ja pohjaa ei suositella altistamaan kosteudelle. V\u00e4ri: valkoinen Koko: 245*3mm Tuotanto: Viro<\/p>","protected":false},"featured_media":7742,"template":"","meta":{"_seopress_robots_primary_cat":"none","_seopress_titles_title":"","_seopress_titles_desc":"","_seopress_robots_index":""},"product_brand":[],"product_cat":[15,144],"product_tag":[],"class_list":{"0":"post-7740","1":"product","2":"type-product","3":"status-publish","4":"has-post-thumbnail","6":"product_cat-all-products","7":"product_cat-25cm","9":"first","10":"instock","11":"taxable","12":"shipping-taxable","13":"purchasable","14":"product-type-simple"},"_links":{"self":[{"href":"https:\/\/candeebaar.ee\/fi\/wp-json\/wp\/v2\/product\/7740","targetHints":{"allow":["GET"]}}],"collection":[{"href":"https:\/\/candeebaar.ee\/fi\/wp-json\/wp\/v2\/product"}],"about":[{"href":"https:\/\/candeebaar.ee\/fi\/wp-json\/wp\/v2\/types\/product"}],"version-history":[{"count":3,"href":"https:\/\/candeebaar.ee\/fi\/wp-json\/wp\/v2\/product\/7740\/revisions"}],"predecessor-version":[{"id":9916,"href":"https:\/\/candeebaar.ee\/fi\/wp-json\/wp\/v2\/product\/7740\/revisions\/9916"}],"wp:featuredmedia":[{"embeddable":true,"href":"https:\/\/candeebaar.ee\/fi\/wp-json\/wp\/v2\/media\/7742"}],"wp:attachment":[{"href":"https:\/\/candeebaar.ee\/fi\/wp-json\/wp\/v2\/media?parent=7740"}],"wp:term":[{"taxonomy":"product_brand","embeddable":true,"href":"https:\/\/candeebaar.ee\/fi\/wp-json\/wp\/v2\/product_brand?post=7740"},{"taxonomy":"product_cat","embeddable":true,"href":"https:\/\/candeebaar.ee\/fi\/wp-json\/wp\/v2\/product_cat?post=7740"},{"taxonomy":"product_tag","embeddable":true,"href":"https:\/\/candeebaar.ee\/fi\/wp-json\/wp\/v2\/product_tag?post=7740"}],"curies":[{"name":"wp","href":"https:\/\/api.w.org\/{rel}","templated":true}]}}