{"id":7747,"date":"2024-12-31T20:15:10","date_gmt":"2024-12-31T20:15:10","guid":{"rendered":"https:\/\/storetest.ivi.ee\/product\/gelatinous-dye-saffron-30g-fractal-colors\/"},"modified":"2026-04-13T11:25:34","modified_gmt":"2026-04-13T09:25:34","slug":"hyytelomainen-variaine-sahrami-30g-fraktaalivareja","status":"publish","type":"product","link":"https:\/\/candeebaar.ee\/fi\/kauppa\/hyytelomainen-variaine-sahrami-30g-fraktaalivareja\/","title":{"rendered":"Geeliv\u00e4ri Saffron 30g Fractal Colors"},"content":{"rendered":"<p>Elintarvikelaatuinen hyytel\u00f6m\u00e4inen vesiliukoinen v\u00e4riaine.<br \/>\nKoostumus: glyseriini, E1520 (propyleeniglykoli), (v\u00e4riaine) E110, E102, E551 (piidioksidi).<br \/>\nV\u00e4ri: sahraminkeltainen<br \/>\nPaino: 30g<br \/>\nS\u00e4ilyt\u00e4 pime\u00e4ss\u00e4, viile\u00e4ss\u00e4 paikassa.<br \/>\nSaattaa vaikuttaa haitallisesti lasten aktiivisuuteen ja tarkkaavaisuuteen.<br \/>\nValmistaja: Fractal Colors, Unkari<\/p>","protected":false},"excerpt":{"rendered":"<p>Elintarvikelaatuinen hyytel\u00f6m\u00e4inen vesiliukoinen v\u00e4riaine. Koostumus: glyseriini, E1520 (propyleeniglykoli), (v\u00e4riaine) E110, E102, E551 (piidioksidi). V\u00e4ri: sahraminkeltainen Paino: 30g S\u00e4ilyt\u00e4 pime\u00e4ss\u00e4, viile\u00e4ss\u00e4 paikassa. Saattaa vaikuttaa haitallisesti lasten aktiivisuuteen ja tarkkaavaisuuteen. Valmistaja: Fractal Colors, Unkari<\/p>","protected":false},"featured_media":7749,"template":"","meta":{"_seopress_robots_primary_cat":"none","_seopress_titles_title":"","_seopress_titles_desc":"","_seopress_robots_index":""},"product_brand":[],"product_cat":[15,114],"product_tag":[],"class_list":{"0":"post-7747","1":"product","2":"type-product","3":"status-publish","4":"has-post-thumbnail","6":"product_cat-all-products","7":"product_cat-gel-water-soluble","9":"first","10":"instock","11":"taxable","12":"shipping-taxable","13":"purchasable","14":"product-type-simple"},"_links":{"self":[{"href":"https:\/\/candeebaar.ee\/fi\/wp-json\/wp\/v2\/product\/7747","targetHints":{"allow":["GET"]}}],"collection":[{"href":"https:\/\/candeebaar.ee\/fi\/wp-json\/wp\/v2\/product"}],"about":[{"href":"https:\/\/candeebaar.ee\/fi\/wp-json\/wp\/v2\/types\/product"}],"version-history":[{"count":2,"href":"https:\/\/candeebaar.ee\/fi\/wp-json\/wp\/v2\/product\/7747\/revisions"}],"predecessor-version":[{"id":9173,"href":"https:\/\/candeebaar.ee\/fi\/wp-json\/wp\/v2\/product\/7747\/revisions\/9173"}],"wp:featuredmedia":[{"embeddable":true,"href":"https:\/\/candeebaar.ee\/fi\/wp-json\/wp\/v2\/media\/7749"}],"wp:attachment":[{"href":"https:\/\/candeebaar.ee\/fi\/wp-json\/wp\/v2\/media?parent=7747"}],"wp:term":[{"taxonomy":"product_brand","embeddable":true,"href":"https:\/\/candeebaar.ee\/fi\/wp-json\/wp\/v2\/product_brand?post=7747"},{"taxonomy":"product_cat","embeddable":true,"href":"https:\/\/candeebaar.ee\/fi\/wp-json\/wp\/v2\/product_cat?post=7747"},{"taxonomy":"product_tag","embeddable":true,"href":"https:\/\/candeebaar.ee\/fi\/wp-json\/wp\/v2\/product_tag?post=7747"}],"curies":[{"name":"wp","href":"https:\/\/api.w.org\/{rel}","templated":true}]}}