{"id":7759,"date":"2024-12-31T20:15:10","date_gmt":"2024-12-31T20:15:10","guid":{"rendered":"https:\/\/storetest.ivi.ee\/product\/silicone-mold-half-sphere-43mm\/"},"modified":"2026-02-04T17:50:47","modified_gmt":"2026-02-04T15:50:47","slug":"silikonimuotin-puolipallo-37mm","status":"publish","type":"product","link":"https:\/\/candeebaar.ee\/fi\/kauppa\/silikonimuotin-puolipallo-37mm\/","title":{"rendered":"Silikonimuotti Puolipallo 37mm"},"content":{"rendered":"<p>Muotti suklaalle<br \/>\nKoko: 29*16,5*2cm<br \/>\nPuolipallon halkaisija: 37mm (15 onkaloa)<br \/>\nMateriaali: elintarvikesilikoni<br \/>\nK\u00e4ytt\u00f6l\u00e4mp\u00f6tila: -60\u00b0C - 230\u00b0C<br \/>\nValmistettu: Kiinassa<\/p>","protected":false},"excerpt":{"rendered":"<p>Muotti suklaalle Koko: 29*16,5*2cm Pallon puolikkaan halkaisija: 37mm (15 onkaloa) Materiaali: elintarvikesilikoni K\u00e4ytt\u00f6l\u00e4mp\u00f6tila: -60\u00b0C - 230\u00b0C Valmistuspaikka: Kiina<\/p>","protected":false},"featured_media":7756,"template":"","meta":{"_seopress_robots_primary_cat":"none","_seopress_titles_title":"","_seopress_titles_desc":"","_seopress_robots_index":""},"product_brand":[],"product_cat":[15,82,123],"product_tag":[],"class_list":{"0":"post-7759","1":"product","2":"type-product","3":"status-publish","4":"has-post-thumbnail","6":"product_cat-all-products","7":"product_cat-chocolate-molds","8":"product_cat-geometry","10":"first","11":"instock","12":"taxable","13":"shipping-taxable","14":"purchasable","15":"product-type-simple"},"_links":{"self":[{"href":"https:\/\/candeebaar.ee\/fi\/wp-json\/wp\/v2\/product\/7759","targetHints":{"allow":["GET"]}}],"collection":[{"href":"https:\/\/candeebaar.ee\/fi\/wp-json\/wp\/v2\/product"}],"about":[{"href":"https:\/\/candeebaar.ee\/fi\/wp-json\/wp\/v2\/types\/product"}],"version-history":[{"count":3,"href":"https:\/\/candeebaar.ee\/fi\/wp-json\/wp\/v2\/product\/7759\/revisions"}],"predecessor-version":[{"id":10898,"href":"https:\/\/candeebaar.ee\/fi\/wp-json\/wp\/v2\/product\/7759\/revisions\/10898"}],"wp:featuredmedia":[{"embeddable":true,"href":"https:\/\/candeebaar.ee\/fi\/wp-json\/wp\/v2\/media\/7756"}],"wp:attachment":[{"href":"https:\/\/candeebaar.ee\/fi\/wp-json\/wp\/v2\/media?parent=7759"}],"wp:term":[{"taxonomy":"product_brand","embeddable":true,"href":"https:\/\/candeebaar.ee\/fi\/wp-json\/wp\/v2\/product_brand?post=7759"},{"taxonomy":"product_cat","embeddable":true,"href":"https:\/\/candeebaar.ee\/fi\/wp-json\/wp\/v2\/product_cat?post=7759"},{"taxonomy":"product_tag","embeddable":true,"href":"https:\/\/candeebaar.ee\/fi\/wp-json\/wp\/v2\/product_tag?post=7759"}],"curies":[{"name":"wp","href":"https:\/\/api.w.org\/{rel}","templated":true}]}}