{"id":7763,"date":"2024-12-31T20:15:10","date_gmt":"2024-12-31T20:15:10","guid":{"rendered":"https:\/\/storetest.ivi.ee\/product\/silicone-mold-half-sphere-68mm\/"},"modified":"2025-12-09T09:31:38","modified_gmt":"2025-12-09T07:31:38","slug":"silikonimuotin-puolipallo-68mm","status":"publish","type":"product","link":"https:\/\/candeebaar.ee\/fi\/kauppa\/silikonimuotin-puolipallo-68mm\/","title":{"rendered":"Silikonimuotti Puolipallo 68mm"},"content":{"rendered":"<p>Suklaa muotti<br \/>\nKoko: 29 * 16,5 * 3,5 cm<br \/>\nPuolipallon halkaisija: 68mm (6 onkaloa)<br \/>\nMateriaali: elintarvikesilikoni<br \/>\nK\u00e4ytt\u00f6l\u00e4mp\u00f6tila: -60\u00b0C - 230\u00b0C<br \/>\nValmistettu: Kiinassa<\/p>","protected":false},"excerpt":{"rendered":"<p>Suklaamuotin Koko: 29*16,5*3,5cm Pallon puolikkaan halkaisija: 68mm (6 onkaloa) Materiaali: elintarvikesilikoni K\u00e4ytt\u00f6l\u00e4mp\u00f6tila: -60\u00b0C - 230\u00b0C Valmistuspaikka: Kiina<\/p>","protected":false},"featured_media":7758,"template":"","meta":{"_seopress_robots_primary_cat":"","_seopress_titles_title":"","_seopress_titles_desc":"","_seopress_robots_index":""},"product_brand":[],"product_cat":[15,82,123],"product_tag":[],"class_list":{"0":"post-7763","1":"product","2":"type-product","3":"status-publish","4":"has-post-thumbnail","6":"product_cat-all-products","7":"product_cat-chocolate-molds","8":"product_cat-geometry","10":"first","11":"instock","12":"taxable","13":"shipping-taxable","14":"purchasable","15":"product-type-simple"},"_links":{"self":[{"href":"https:\/\/candeebaar.ee\/fi\/wp-json\/wp\/v2\/product\/7763","targetHints":{"allow":["GET"]}}],"collection":[{"href":"https:\/\/candeebaar.ee\/fi\/wp-json\/wp\/v2\/product"}],"about":[{"href":"https:\/\/candeebaar.ee\/fi\/wp-json\/wp\/v2\/types\/product"}],"version-history":[{"count":1,"href":"https:\/\/candeebaar.ee\/fi\/wp-json\/wp\/v2\/product\/7763\/revisions"}],"predecessor-version":[{"id":7764,"href":"https:\/\/candeebaar.ee\/fi\/wp-json\/wp\/v2\/product\/7763\/revisions\/7764"}],"wp:featuredmedia":[{"embeddable":true,"href":"https:\/\/candeebaar.ee\/fi\/wp-json\/wp\/v2\/media\/7758"}],"wp:attachment":[{"href":"https:\/\/candeebaar.ee\/fi\/wp-json\/wp\/v2\/media?parent=7763"}],"wp:term":[{"taxonomy":"product_brand","embeddable":true,"href":"https:\/\/candeebaar.ee\/fi\/wp-json\/wp\/v2\/product_brand?post=7763"},{"taxonomy":"product_cat","embeddable":true,"href":"https:\/\/candeebaar.ee\/fi\/wp-json\/wp\/v2\/product_cat?post=7763"},{"taxonomy":"product_tag","embeddable":true,"href":"https:\/\/candeebaar.ee\/fi\/wp-json\/wp\/v2\/product_tag?post=7763"}],"curies":[{"name":"wp","href":"https:\/\/api.w.org\/{rel}","templated":true}]}}