{"id":7785,"date":"2024-12-31T20:15:17","date_gmt":"2024-12-31T20:15:17","guid":{"rendered":"https:\/\/storetest.ivi.ee\/product\/pina-colada-puree-ravifruit-1000g\/"},"modified":"2025-05-08T10:20:13","modified_gmt":"2025-05-08T08:20:13","slug":"pina-colada-sose-ravifruit-1000g","status":"publish","type":"product","link":"https:\/\/candeebaar.ee\/fi\/kauppa\/pina-colada-sose-ravifruit-1000g\/","title":{"rendered":"Pina Colada sose Ravifruit 1000g"},"content":{"rendered":"<p>Luonnollisista hedelmist\u00e4 valmistettu hedelm\u00e4sose. T\u00e4ydellinen moussekakkujen, vaahtokarkkeja, voiteita jne.<br \/>\nPaino: 1000g<br \/>\nKoostumus: ananas, kookos 80%, sokeri 10-20%, sitruunamehu.<br \/>\nEi sis\u00e4ll\u00e4 maku-, v\u00e4ri- tai s\u00e4il\u00f6nt\u00e4aineita.<br \/>\nS\u00e4ilyt\u00e4 pime\u00e4ss\u00e4, viile\u00e4ss\u00e4 paikassa.<br \/>\nS\u00e4ilyvyys: katso pakkaus<br \/>\nValmistaja: Ravifruit France<\/p>\n<p><iframe src=\"\/\/www.youtube.com\/embed\/zjWpzJxaZic\" width=\"560\" height=\"314\" allowfullscreen=\"allowfullscreen\"><\/iframe><\/p>\n<p>&nbsp;<\/p>\n<p>&nbsp;<\/p>","protected":false},"excerpt":{"rendered":"<p>Luonnollisista hedelmist\u00e4 valmistettu hedelm\u00e4sose. T\u00e4ydellinen moussekakkujen, vaahtokarkkejen, voiteiden jne. valmistukseen. Massa: 1000g Koostumus: ananas, kookos 80%, sokeri 10-20%, sitruunamehu. Ei sis\u00e4ll\u00e4 maku-, v\u00e4ri- tai s\u00e4il\u00f6nt\u00e4aineita. S\u00e4ilyt\u00e4 pime\u00e4ss\u00e4, viile\u00e4ss\u00e4 paikassa. S\u00e4ilyvyys: katso pakkaus Valmistaja: Ravifruit France &nbsp; &nbsp;<\/p>","protected":false},"featured_media":7784,"template":"","meta":{"_seopress_robots_primary_cat":"none","_seopress_titles_title":"","_seopress_titles_desc":"","_seopress_robots_index":""},"product_brand":[],"product_cat":[15,99,109],"product_tag":[],"class_list":{"0":"post-7785","1":"product","2":"type-product","3":"status-publish","4":"has-post-thumbnail","6":"product_cat-all-products","7":"product_cat-fruit-purees","8":"product_cat-sale","10":"first","11":"outofstock","12":"sale","13":"taxable","14":"shipping-taxable","15":"purchasable","16":"product-type-simple"},"_links":{"self":[{"href":"https:\/\/candeebaar.ee\/fi\/wp-json\/wp\/v2\/product\/7785","targetHints":{"allow":["GET"]}}],"collection":[{"href":"https:\/\/candeebaar.ee\/fi\/wp-json\/wp\/v2\/product"}],"about":[{"href":"https:\/\/candeebaar.ee\/fi\/wp-json\/wp\/v2\/types\/product"}],"version-history":[{"count":1,"href":"https:\/\/candeebaar.ee\/fi\/wp-json\/wp\/v2\/product\/7785\/revisions"}],"predecessor-version":[{"id":7786,"href":"https:\/\/candeebaar.ee\/fi\/wp-json\/wp\/v2\/product\/7785\/revisions\/7786"}],"wp:featuredmedia":[{"embeddable":true,"href":"https:\/\/candeebaar.ee\/fi\/wp-json\/wp\/v2\/media\/7784"}],"wp:attachment":[{"href":"https:\/\/candeebaar.ee\/fi\/wp-json\/wp\/v2\/media?parent=7785"}],"wp:term":[{"taxonomy":"product_brand","embeddable":true,"href":"https:\/\/candeebaar.ee\/fi\/wp-json\/wp\/v2\/product_brand?post=7785"},{"taxonomy":"product_cat","embeddable":true,"href":"https:\/\/candeebaar.ee\/fi\/wp-json\/wp\/v2\/product_cat?post=7785"},{"taxonomy":"product_tag","embeddable":true,"href":"https:\/\/candeebaar.ee\/fi\/wp-json\/wp\/v2\/product_tag?post=7785"}],"curies":[{"name":"wp","href":"https:\/\/api.w.org\/{rel}","templated":true}]}}