{"id":7789,"date":"2024-12-31T20:15:17","date_gmt":"2024-12-31T20:15:17","guid":{"rendered":"https:\/\/storetest.ivi.ee\/product\/agar-agar-25g\/"},"modified":"2026-04-07T09:47:47","modified_gmt":"2026-04-07T07:47:47","slug":"agar-agar-25-g","status":"publish","type":"product","link":"https:\/\/candeebaar.ee\/fi\/kauppa\/agar-agar-25-g\/","title":{"rendered":"Agar-agar 25 g"},"content":{"rendered":"<p>Agar-agaria k\u00e4ytet\u00e4\u00e4n sakeuttamisaineena vaahtokarkkeja, marmeladia, &quot;linnunmaitoa&quot; ja paljon muuta.<br \/>\nKasvipohjainen gelatiinin korvike ilman v\u00e4ri\u00e4 tai hajua.<br \/>\nValmistaja ei ole ilmoittanut vahvuutta, mutta <strong>vastaa 900 kukintaa<\/strong>.<br \/>\nPaino: 25g<br \/>\nSis\u00e4lt\u00f6 per 100g:<br \/>\nRavintoarvo: 1411kJ\/336kcal<br \/>\nProteiinia: 6,2 g<br \/>\nRasvat: 0,3 g<br \/>\nHiilihydraatit (sokerit): 73,2 g (3 g)<br \/>\nKuitua: 7,7 g<br \/>\nS\u00e4ilyt\u00e4 kuivassa, viile\u00e4ss\u00e4 paikassa, ilmatiiviiss\u00e4 pakkauksessa. Saattaa sis\u00e4lt\u00e4\u00e4 j\u00e4lki\u00e4: <strong>p\u00e4hkin\u00e4t, soija, gluteeni<\/strong>.<br \/>\nTuotanto: Puola<br \/>\nAlkuper\u00e4: Kiina<\/p>","protected":false},"excerpt":{"rendered":"<p>Agar-agaria k\u00e4ytet\u00e4\u00e4n sakeuttamisaineena vaahtokarkkeja, marmeladia, &quot;linnunmaitoa&quot; ja paljon muuta. Kasvipohjainen gelatiinin korvike ilman v\u00e4ri\u00e4 tai hajua. Valmistaja ei ole ilmoittanut vahvuutta, mutta se vastaa 900 kukintaa. Paino: 25 g Sis\u00e4lt\u00f6 per 100 g: Ravintoarvo: 1411 kJ\/336 kcal Proteiinit: 6,2 g Rasvat: 0,3 g Hiilihydraatit (sokerit): 73,2 g (3 g) Kuitu: 7,7 g S\u00e4ilyt\u00e4 [\u2026]<\/p>","protected":false},"featured_media":6171,"template":"","meta":{"_seopress_robots_primary_cat":"none","_seopress_titles_title":"","_seopress_titles_desc":"","_seopress_robots_index":""},"product_brand":[],"product_cat":[15,100],"product_tag":[],"class_list":{"0":"post-7789","1":"product","2":"type-product","3":"status-publish","4":"has-post-thumbnail","6":"product_cat-all-products","7":"product_cat-thickeners","9":"first","10":"instock","11":"taxable","12":"shipping-taxable","13":"purchasable","14":"product-type-simple"},"_links":{"self":[{"href":"https:\/\/candeebaar.ee\/fi\/wp-json\/wp\/v2\/product\/7789","targetHints":{"allow":["GET"]}}],"collection":[{"href":"https:\/\/candeebaar.ee\/fi\/wp-json\/wp\/v2\/product"}],"about":[{"href":"https:\/\/candeebaar.ee\/fi\/wp-json\/wp\/v2\/types\/product"}],"version-history":[{"count":1,"href":"https:\/\/candeebaar.ee\/fi\/wp-json\/wp\/v2\/product\/7789\/revisions"}],"predecessor-version":[{"id":7790,"href":"https:\/\/candeebaar.ee\/fi\/wp-json\/wp\/v2\/product\/7789\/revisions\/7790"}],"wp:featuredmedia":[{"embeddable":true,"href":"https:\/\/candeebaar.ee\/fi\/wp-json\/wp\/v2\/media\/6171"}],"wp:attachment":[{"href":"https:\/\/candeebaar.ee\/fi\/wp-json\/wp\/v2\/media?parent=7789"}],"wp:term":[{"taxonomy":"product_brand","embeddable":true,"href":"https:\/\/candeebaar.ee\/fi\/wp-json\/wp\/v2\/product_brand?post=7789"},{"taxonomy":"product_cat","embeddable":true,"href":"https:\/\/candeebaar.ee\/fi\/wp-json\/wp\/v2\/product_cat?post=7789"},{"taxonomy":"product_tag","embeddable":true,"href":"https:\/\/candeebaar.ee\/fi\/wp-json\/wp\/v2\/product_tag?post=7789"}],"curies":[{"name":"wp","href":"https:\/\/api.w.org\/{rel}","templated":true}]}}