{"id":7795,"date":"2024-12-31T20:15:17","date_gmt":"2024-12-31T20:15:17","guid":{"rendered":"https:\/\/storetest.ivi.ee\/product\/cacao-mill-dark-chocolate-56-300g\/"},"modified":"2026-03-24T07:38:36","modified_gmt":"2026-03-24T05:38:36","slug":"kaakaomylly-tummaa-suklaata-56-300g","status":"publish","type":"product","link":"https:\/\/candeebaar.ee\/fi\/kauppa\/kaakaomylly-tummaa-suklaata-56-300g\/","title":{"rendered":"Cacao Mill tumma suklaa (56%) 300g"},"content":{"rendered":"<p>Tumma suklaa, jossa on rikas kaakaomainen maku.<br \/>\nJuoksevuus: 2\/5<br \/>\nPaino: 300g<br \/>\nSis\u00e4lt\u00f6 per 100g:<br \/>\nEnergia: 531,2 kcal\/2212,7 kJ<br \/>\nRasvat: 32,6 g<br \/>\nHiilihydraatit: 47,7 g<br \/>\nProteiinit: 7,6 g<br \/>\nKaakaopitoisuus: 56%<br \/>\nKoostumus: kaakaomassa, kaakaovoi, sokeri, E322 (lesitiini <strong>soija<\/strong>), polyglyseriini, vanilliini.<\/p>\n<p>Valmistaja: Natra Cacao, Espanja<br \/>\nVarastointil\u00e4mp\u00f6tila: <strong>18 <\/strong>\u00b0<strong>C<br \/>\n<\/strong>Saattaa sis\u00e4lt\u00e4\u00e4 j\u00e4lki\u00e4 <strong>maito, laktoosi, soija ja p\u00e4hkin\u00e4t.<br \/>\n<\/strong><\/p>","protected":false},"excerpt":{"rendered":"<p>Tumma suklaa, jossa on rikas kaakaomainen maku. Juoksevuus: 2\/5 Massa: 300g Sis\u00e4lt\u00f6 per 100g: Energia: 531,2 kcal\/2212,7 kJ Rasvat: 32,6 g Hiilihydraatit: 47,7 g Proteiinit: 7,6 g Kaakaopitoisuus: 56% Koostumus: kaakaomassa, sokeri, kookosvoi2 , polyglyseriini, vanilliini. Valmistaja: Natra Cacao, Espanja S\u00e4ilytysl\u00e4mp\u00f6tila: 18 \u00b0C Saattaa sis\u00e4lt\u00e4\u00e4 j\u00e4\u00e4mi\u00e4 maidosta, laktoosista, soijasta ja p\u00e4hkin\u00f6ist\u00e4.<\/p>","protected":false},"featured_media":5397,"template":"","meta":{"_seopress_robots_primary_cat":"none","_seopress_titles_title":"","_seopress_titles_desc":"","_seopress_robots_index":""},"product_brand":[],"product_cat":[15,111],"product_tag":[],"class_list":{"0":"post-7795","1":"product","2":"type-product","3":"status-publish","4":"has-post-thumbnail","6":"product_cat-all-products","7":"product_cat-cacao-mill","9":"first","10":"instock","11":"taxable","12":"shipping-taxable","13":"purchasable","14":"product-type-simple"},"_links":{"self":[{"href":"https:\/\/candeebaar.ee\/fi\/wp-json\/wp\/v2\/product\/7795","targetHints":{"allow":["GET"]}}],"collection":[{"href":"https:\/\/candeebaar.ee\/fi\/wp-json\/wp\/v2\/product"}],"about":[{"href":"https:\/\/candeebaar.ee\/fi\/wp-json\/wp\/v2\/types\/product"}],"version-history":[{"count":2,"href":"https:\/\/candeebaar.ee\/fi\/wp-json\/wp\/v2\/product\/7795\/revisions"}],"predecessor-version":[{"id":13595,"href":"https:\/\/candeebaar.ee\/fi\/wp-json\/wp\/v2\/product\/7795\/revisions\/13595"}],"wp:featuredmedia":[{"embeddable":true,"href":"https:\/\/candeebaar.ee\/fi\/wp-json\/wp\/v2\/media\/5397"}],"wp:attachment":[{"href":"https:\/\/candeebaar.ee\/fi\/wp-json\/wp\/v2\/media?parent=7795"}],"wp:term":[{"taxonomy":"product_brand","embeddable":true,"href":"https:\/\/candeebaar.ee\/fi\/wp-json\/wp\/v2\/product_brand?post=7795"},{"taxonomy":"product_cat","embeddable":true,"href":"https:\/\/candeebaar.ee\/fi\/wp-json\/wp\/v2\/product_cat?post=7795"},{"taxonomy":"product_tag","embeddable":true,"href":"https:\/\/candeebaar.ee\/fi\/wp-json\/wp\/v2\/product_tag?post=7795"}],"curies":[{"name":"wp","href":"https:\/\/api.w.org\/{rel}","templated":true}]}}