{"id":7797,"date":"2024-12-31T20:15:17","date_gmt":"2024-12-31T20:15:17","guid":{"rendered":"https:\/\/storetest.ivi.ee\/product\/cacao-mill-dark-chocolate-62-300g\/"},"modified":"2026-01-30T15:42:56","modified_gmt":"2026-01-30T13:42:56","slug":"kaakaomylly-tummaa-suklaata-62-300g","status":"publish","type":"product","link":"https:\/\/candeebaar.ee\/fi\/kauppa\/kaakaomylly-tummaa-suklaata-62-300g\/","title":{"rendered":"Cacao Mill tumma suklaa (62%) 300g"},"content":{"rendered":"<p>Tumma suklaa, jossa on rikas kaakaomainen maku.<br \/>\nJuoksevuus: 3\/5<br \/>\nPaino: 300g<br \/>\nSis\u00e4lt\u00f6 per 100g:<br \/>\nEnergia: 563,7 kcal\/2343 kJ<br \/>\nRasvat: 38,9 g<br \/>\nHiilihydraatit: 41,8 g<br \/>\nProteiinia: 7,5 g<br \/>\nKaakaopitoisuus: 62%<br \/>\nKoostumus: kaakaomassa, kaakaovoi, sokeri, E322 (lesitiini <strong>soija<\/strong>), vanilliini.<\/p>\n<p>Valmistaja: Natra Cacao, Espanja<br \/>\nVarastointil\u00e4mp\u00f6tila: <strong>18 <\/strong>\u00b0<strong>C<br \/>\n<\/strong>Saattaa sis\u00e4lt\u00e4\u00e4 j\u00e4lki\u00e4 <strong>maito, laktoosi, soija ja p\u00e4hkin\u00e4t.<br \/>\n<\/strong><\/p>","protected":false},"excerpt":{"rendered":"<p>Tumma suklaa, jossa on rikas kaakaomainen maku. Juoksevuus: 3\/5 Massa: 300g Sis\u00e4lt\u00f6 per 100g: Energia: 563,7 kcal\/2343 kJ Rasvat: 38,9 g Hiilihydraatit: 41,8 g Proteiinit: 7,5 g Kaakaopitoisuus: 62% Koostumus: kaakaomassa, sokeri, kaakaovoi2) , vanilliini. Valmistaja: Natra Cacao, Espanja S\u00e4ilytysl\u00e4mp\u00f6tila: 18 \u00b0C Saattaa sis\u00e4lt\u00e4\u00e4 j\u00e4\u00e4mi\u00e4 maidosta, laktoosista, soijasta ja p\u00e4hkin\u00f6ist\u00e4.<\/p>","protected":false},"featured_media":5403,"template":"","meta":{"_seopress_robots_primary_cat":"none","_seopress_titles_title":"","_seopress_titles_desc":"","_seopress_robots_index":""},"product_brand":[],"product_cat":[15,111],"product_tag":[],"class_list":{"0":"post-7797","1":"product","2":"type-product","3":"status-publish","4":"has-post-thumbnail","6":"product_cat-all-products","7":"product_cat-cacao-mill","9":"first","10":"outofstock","11":"taxable","12":"shipping-taxable","13":"purchasable","14":"product-type-simple"},"_links":{"self":[{"href":"https:\/\/candeebaar.ee\/fi\/wp-json\/wp\/v2\/product\/7797","targetHints":{"allow":["GET"]}}],"collection":[{"href":"https:\/\/candeebaar.ee\/fi\/wp-json\/wp\/v2\/product"}],"about":[{"href":"https:\/\/candeebaar.ee\/fi\/wp-json\/wp\/v2\/types\/product"}],"version-history":[{"count":2,"href":"https:\/\/candeebaar.ee\/fi\/wp-json\/wp\/v2\/product\/7797\/revisions"}],"predecessor-version":[{"id":11162,"href":"https:\/\/candeebaar.ee\/fi\/wp-json\/wp\/v2\/product\/7797\/revisions\/11162"}],"wp:featuredmedia":[{"embeddable":true,"href":"https:\/\/candeebaar.ee\/fi\/wp-json\/wp\/v2\/media\/5403"}],"wp:attachment":[{"href":"https:\/\/candeebaar.ee\/fi\/wp-json\/wp\/v2\/media?parent=7797"}],"wp:term":[{"taxonomy":"product_brand","embeddable":true,"href":"https:\/\/candeebaar.ee\/fi\/wp-json\/wp\/v2\/product_brand?post=7797"},{"taxonomy":"product_cat","embeddable":true,"href":"https:\/\/candeebaar.ee\/fi\/wp-json\/wp\/v2\/product_cat?post=7797"},{"taxonomy":"product_tag","embeddable":true,"href":"https:\/\/candeebaar.ee\/fi\/wp-json\/wp\/v2\/product_tag?post=7797"}],"curies":[{"name":"wp","href":"https:\/\/api.w.org\/{rel}","templated":true}]}}