{"id":7803,"date":"2024-12-31T20:15:17","date_gmt":"2024-12-31T20:15:17","guid":{"rendered":"https:\/\/storetest.ivi.ee\/product\/cacao-mill-dark-chocolate-70-1000g\/"},"modified":"2025-08-16T18:46:00","modified_gmt":"2025-08-16T16:46:00","slug":"kaakaomylly-tumma-suklaa-70-1000g","status":"publish","type":"product","link":"https:\/\/candeebaar.ee\/fi\/kauppa\/kaakaomylly-tumma-suklaa-70-1000g\/","title":{"rendered":"Cacao Mill tumma suklaa (70%) 1000g"},"content":{"rendered":"<p>Tummaa kohtalaisen makeaa suklaata.<br \/>\nJuoksevuus: 4\/5<br \/>\nPaino: 1000g<br \/>\nSis\u00e4lt\u00f6 per 100g:<br \/>\nEnergia: 605,3kcal\/2509,8kJ<br \/>\nRasvat: 46,9 g<br \/>\nHiilihydraatit: 34,2 g (sokeri 30,4)<br \/>\nProteiinia: 7,5 g<br \/>\nKaakaopitoisuus: 70%<br \/>\nKoostumus: kaakaomassa, kaakaovoi, sokeri, vanilliini.<\/p>\n<p>Valmistaja: Natra Cacao, Espanja<br \/>\nVarastointil\u00e4mp\u00f6tila: <strong>18 <\/strong>\u00b0<strong>C<br \/>\n<\/strong>Saattaa sis\u00e4lt\u00e4\u00e4 j\u00e4lki\u00e4 <strong>maito, laktoosi, soija ja p\u00e4hkin\u00e4t.<br \/>\n<\/strong><\/p>","protected":false},"excerpt":{"rendered":"<p>Tummaa kohtalaisen makeaa suklaata. Juoksevuus: 4\/5 Paino: 1000g Sis\u00e4lt\u00f6 per 100g: Energia: 605,3kcal\/2509,8kJ Rasvat: 46,9g Hiilihydraatit: 34,2g (sokeri 30,4) Proteiinit: 7,5g Kaakaopitoisuus: 701 kookosvoi, Koostumus: Coco-voi . Valmistaja: Natra Cacao, Espanja S\u00e4ilytysl\u00e4mp\u00f6tila: 18 \u00b0C Saattaa sis\u00e4lt\u00e4\u00e4 j\u00e4\u00e4mi\u00e4 maidosta, laktoosista, soijasta ja p\u00e4hkin\u00f6ist\u00e4.<\/p>","protected":false},"featured_media":5406,"template":"","meta":{"_seopress_robots_primary_cat":"none","_seopress_titles_title":"","_seopress_titles_desc":"","_seopress_robots_index":""},"product_brand":[],"product_cat":[15,111],"product_tag":[],"class_list":{"0":"post-7803","1":"product","2":"type-product","3":"status-publish","4":"has-post-thumbnail","6":"product_cat-all-products","7":"product_cat-cacao-mill","9":"first","10":"outofstock","11":"taxable","12":"shipping-taxable","13":"purchasable","14":"product-type-simple"},"_links":{"self":[{"href":"https:\/\/candeebaar.ee\/fi\/wp-json\/wp\/v2\/product\/7803","targetHints":{"allow":["GET"]}}],"collection":[{"href":"https:\/\/candeebaar.ee\/fi\/wp-json\/wp\/v2\/product"}],"about":[{"href":"https:\/\/candeebaar.ee\/fi\/wp-json\/wp\/v2\/types\/product"}],"version-history":[{"count":2,"href":"https:\/\/candeebaar.ee\/fi\/wp-json\/wp\/v2\/product\/7803\/revisions"}],"predecessor-version":[{"id":12422,"href":"https:\/\/candeebaar.ee\/fi\/wp-json\/wp\/v2\/product\/7803\/revisions\/12422"}],"wp:featuredmedia":[{"embeddable":true,"href":"https:\/\/candeebaar.ee\/fi\/wp-json\/wp\/v2\/media\/5406"}],"wp:attachment":[{"href":"https:\/\/candeebaar.ee\/fi\/wp-json\/wp\/v2\/media?parent=7803"}],"wp:term":[{"taxonomy":"product_brand","embeddable":true,"href":"https:\/\/candeebaar.ee\/fi\/wp-json\/wp\/v2\/product_brand?post=7803"},{"taxonomy":"product_cat","embeddable":true,"href":"https:\/\/candeebaar.ee\/fi\/wp-json\/wp\/v2\/product_cat?post=7803"},{"taxonomy":"product_tag","embeddable":true,"href":"https:\/\/candeebaar.ee\/fi\/wp-json\/wp\/v2\/product_tag?post=7803"}],"curies":[{"name":"wp","href":"https:\/\/api.w.org\/{rel}","templated":true}]}}