{"id":7807,"date":"2024-12-31T20:15:17","date_gmt":"2024-12-31T20:15:17","guid":{"rendered":"https:\/\/storetest.ivi.ee\/product\/cacao-mill-white-chocolate-29-7-1000g\/"},"modified":"2026-04-06T18:29:03","modified_gmt":"2026-04-06T16:29:03","slug":"kaakaomylly-valkosuklaa-29-7-1000g","status":"publish","type":"product","link":"https:\/\/candeebaar.ee\/fi\/kauppa\/kaakaomylly-valkosuklaa-29-7-1000g\/","title":{"rendered":"Cacao Mill White Chocolate (29.7%) 1000g"},"content":{"rendered":"<p>Valkosuklaa, jolla on herkk\u00e4 kermainen maku.<br \/>\nSujuvuus: 3\/5<br \/>\nPaino: 1000g<br \/>\nSis\u00e4lt\u00f6 per 100g:<br \/>\nEnergia: 569,4 kcal\/2375,2 kJ<br \/>\nRasvat: 35,8 g<br \/>\nHiilihydraatit (sokeri): 55,2 g<br \/>\nProteiinit: 6,6 g<br \/>\nKaakaopitoisuus: 29.7%<br \/>\nKoostumus: kaakaovoi, sokeri, kuiva <strong>maitoa<\/strong>, E322 (lesitiini <strong>soija<\/strong>), vanilliini.<\/p>\n<p>Valmistaja: Natra Cacao, Espanja<br \/>\nVarastointil\u00e4mp\u00f6tila: <strong>18 <\/strong>\u00b0<strong>C<br \/>\n<\/strong>Saattaa sis\u00e4lt\u00e4\u00e4 j\u00e4lki\u00e4 <strong>maito, laktoosi, soija ja p\u00e4hkin\u00e4t.<br \/>\n<\/strong><\/p>","protected":false},"excerpt":{"rendered":"<p>Valkosuklaa, jolla on herkk\u00e4 kermainen maku. Nestem\u00e4isyys: 3\/5 Paino: 1000g Sis\u00e4lt\u00f6 per 100g: Energia: 569,4 kcal\/2375,2 kJ Rasvat: 35,8 g Hiilihydraatit (sokeri): 55,2 g Proteiinit: 6,6 g Kaakaopitoisuus: 29,71 TpcoaT Koostumus: 3, sokeri233 (lesitiini soija), vanilliini. Valmistaja: Natra Cacao, Espanja S\u00e4ilytysl\u00e4mp\u00f6tila: 18 \u00b0C Saattaa sis\u00e4lt\u00e4\u00e4 j\u00e4\u00e4mi\u00e4 maidosta, laktoosista, soijasta ja p\u00e4hkin\u00f6ist\u00e4.<\/p>","protected":false},"featured_media":5460,"template":"","meta":{"_seopress_robots_primary_cat":"none","_seopress_titles_title":"","_seopress_titles_desc":"","_seopress_robots_index":""},"product_brand":[],"product_cat":[15,111],"product_tag":[],"class_list":{"0":"post-7807","1":"product","2":"type-product","3":"status-publish","4":"has-post-thumbnail","6":"product_cat-all-products","7":"product_cat-cacao-mill","9":"first","10":"instock","11":"taxable","12":"shipping-taxable","13":"purchasable","14":"product-type-simple"},"_links":{"self":[{"href":"https:\/\/candeebaar.ee\/fi\/wp-json\/wp\/v2\/product\/7807","targetHints":{"allow":["GET"]}}],"collection":[{"href":"https:\/\/candeebaar.ee\/fi\/wp-json\/wp\/v2\/product"}],"about":[{"href":"https:\/\/candeebaar.ee\/fi\/wp-json\/wp\/v2\/types\/product"}],"version-history":[{"count":2,"href":"https:\/\/candeebaar.ee\/fi\/wp-json\/wp\/v2\/product\/7807\/revisions"}],"predecessor-version":[{"id":9727,"href":"https:\/\/candeebaar.ee\/fi\/wp-json\/wp\/v2\/product\/7807\/revisions\/9727"}],"wp:featuredmedia":[{"embeddable":true,"href":"https:\/\/candeebaar.ee\/fi\/wp-json\/wp\/v2\/media\/5460"}],"wp:attachment":[{"href":"https:\/\/candeebaar.ee\/fi\/wp-json\/wp\/v2\/media?parent=7807"}],"wp:term":[{"taxonomy":"product_brand","embeddable":true,"href":"https:\/\/candeebaar.ee\/fi\/wp-json\/wp\/v2\/product_brand?post=7807"},{"taxonomy":"product_cat","embeddable":true,"href":"https:\/\/candeebaar.ee\/fi\/wp-json\/wp\/v2\/product_cat?post=7807"},{"taxonomy":"product_tag","embeddable":true,"href":"https:\/\/candeebaar.ee\/fi\/wp-json\/wp\/v2\/product_tag?post=7807"}],"curies":[{"name":"wp","href":"https:\/\/api.w.org\/{rel}","templated":true}]}}