{"id":7809,"date":"2024-12-31T20:15:17","date_gmt":"2024-12-31T20:15:17","guid":{"rendered":"https:\/\/storetest.ivi.ee\/product\/cacao-mill-white-chocolate-32-300g\/"},"modified":"2026-04-02T18:07:58","modified_gmt":"2026-04-02T16:07:58","slug":"kaakaomylly-valkosuklaa-32-300g","status":"publish","type":"product","link":"https:\/\/candeebaar.ee\/fi\/kauppa\/kaakaomylly-valkosuklaa-32-300g\/","title":{"rendered":"Cacao Mill White Chocolate 32% 300g"},"content":{"rendered":"<p>Valkosuklaa, jossa on korkea kaakaovoipitoisuus, herk\u00e4n kermainen maku.<br \/>\nJuoksevuus: 4\/5<br \/>\nPaino: 300g<br \/>\nSis\u00e4lt\u00f6 per 100g:<br \/>\nEnergiaa: 565kcal\/2359kJ<br \/>\nRasvat (tyydyttyneet): 35 (22,4) g<br \/>\nHiilihydraatit (sokeri): 56 g<br \/>\nProteiinit: 6,5 g<br \/>\nKaakaopitoisuus: 32%<br \/>\nKoostumus: kaakaovoi, sokeri, rasvaton <strong>maitoa<\/strong>, E322 (lesitiini <strong>soija<\/strong>), vanilliini.<\/p>\n<p>Valmistaja: Ibercacao, Espanja<br \/>\nVarastointil\u00e4mp\u00f6tila: <strong>18 <\/strong>\u00b0<strong>C<br \/>\n<\/strong>Saattaa sis\u00e4lt\u00e4\u00e4 j\u00e4lki\u00e4 <strong>maito, laktoosi, soija ja p\u00e4hkin\u00e4t.<br \/>\n<\/strong><\/p>","protected":false},"excerpt":{"rendered":"<p>Valkosuklaa, jossa on korkea kaakaovoipitoisuus, herk\u00e4n kermainen maku. Juoksevuus: 4\/5 Paino: 300g Sis\u00e4lt\u00f6 per 100g: Energia: 565kcal\/2359kJ Rasvat (tyydyttyneet): 35(22,4)g Hiilihydraatit (sokeri): 56g Proteiinit: 6,5g Kaakaopitoisuus: 321TPP-voi Maito, kookosokeri. , E322 (lesitiini soija), vanilliini. Valmistaja: Ibercacao, Espanja S\u00e4ilytysl\u00e4mp\u00f6tila: 18 \u00b0C Saattaa sis\u00e4lt\u00e4\u00e4 j\u00e4\u00e4mi\u00e4 maidosta, [\u2026]<\/p>","protected":false},"featured_media":6007,"template":"","meta":{"_seopress_robots_primary_cat":"none","_seopress_titles_title":"","_seopress_titles_desc":"","_seopress_robots_index":""},"product_brand":[],"product_cat":[15,111],"product_tag":[],"class_list":{"0":"post-7809","1":"product","2":"type-product","3":"status-publish","4":"has-post-thumbnail","6":"product_cat-all-products","7":"product_cat-cacao-mill","9":"first","10":"instock","11":"taxable","12":"shipping-taxable","13":"purchasable","14":"product-type-simple"},"_links":{"self":[{"href":"https:\/\/candeebaar.ee\/fi\/wp-json\/wp\/v2\/product\/7809","targetHints":{"allow":["GET"]}}],"collection":[{"href":"https:\/\/candeebaar.ee\/fi\/wp-json\/wp\/v2\/product"}],"about":[{"href":"https:\/\/candeebaar.ee\/fi\/wp-json\/wp\/v2\/types\/product"}],"version-history":[{"count":2,"href":"https:\/\/candeebaar.ee\/fi\/wp-json\/wp\/v2\/product\/7809\/revisions"}],"predecessor-version":[{"id":11274,"href":"https:\/\/candeebaar.ee\/fi\/wp-json\/wp\/v2\/product\/7809\/revisions\/11274"}],"wp:featuredmedia":[{"embeddable":true,"href":"https:\/\/candeebaar.ee\/fi\/wp-json\/wp\/v2\/media\/6007"}],"wp:attachment":[{"href":"https:\/\/candeebaar.ee\/fi\/wp-json\/wp\/v2\/media?parent=7809"}],"wp:term":[{"taxonomy":"product_brand","embeddable":true,"href":"https:\/\/candeebaar.ee\/fi\/wp-json\/wp\/v2\/product_brand?post=7809"},{"taxonomy":"product_cat","embeddable":true,"href":"https:\/\/candeebaar.ee\/fi\/wp-json\/wp\/v2\/product_cat?post=7809"},{"taxonomy":"product_tag","embeddable":true,"href":"https:\/\/candeebaar.ee\/fi\/wp-json\/wp\/v2\/product_tag?post=7809"}],"curies":[{"name":"wp","href":"https:\/\/api.w.org\/{rel}","templated":true}]}}